{"id":36,"date":"2015-11-26T08:54:57","date_gmt":"2015-11-26T08:54:57","guid":{"rendered":"http:\/\/demo.awethemes.com\/caruso\/?page_id=36"},"modified":"2026-04-24T16:24:03","modified_gmt":"2026-04-24T14:24:03","slug":"rewal","status":"publish","type":"page","link":"https:\/\/hotelresidence.pl\/pl\/rewal\/","title":{"rendered":"REWAL"},"content":{"rendered":"<iframe id=\"ra-reservation-form-v2-1e7ad5e771d7aea70891600dcf09226e\" style=\"width: 100%; height:100px; border: none; padding: 0;\" src=\"https:\/\/roomadmin.pl\/widget\/reservation-v2\/start?fh=bd2639fadaf134de3555b572ca3848fc695d2246&#038;style=%7B%22color_accent%22%3A%22%23d8a942%22%2C%22color_bg%22%3A%22%23f5f5f5%22%2C%22color_panel_header%22%3A%22%23FFFFFF%22%2C%22color_panel_body%22%3A%22%23FFFFFF%22%2C%22rounded_corners%22%3A%22true%22%7D&#038;filter=%7B%7D&#038;lang=pl\"><\/iframe> <script> try { (function () { var iframe = window.document.getElementById('ra-reservation-form-v2-1e7ad5e771d7aea70891600dcf09226e'); function raMessageReceiver(event) { if (iframe) { if (!event.data.sender || \"reservation-form-1e7ad5e771d7aea70891600dcf09226e\" !== event.data.sender) { return; } if (event.data.height) { iframe.style.height = (event.data.height + 10) + \"px\"; } if (event.data.event && event.data.event.name === \"widget.scrollup.requested\") { try { iframe.scrollIntoView({behavior: \"smooth\", block: \"start\"}); } catch (e) { } } if (event.data.event && event.data.event.name === \"reservation.submit.success\") { console.log(\"reservation.submit.success\", event.data.event.data.reservation); var moneyTotal = event.data.event.data.reservation.moneyTotal; \/* kwota rezerwacji wyra\u017cona w GROSZACH*\/ var id = event.data.event.data.reservation.id; \/*id rezerwacji*\/ } if (event.data.event && event.data.event.name === \"reservation.variant-search.start\") { \/*console.log(\"variant search started\"); *\/ } if (event.data.event && event.data.event.name) { console.log(event.data.event.name, event.data.event); } } } window.addEventListener(\"message\", raMessageReceiver, false); function setup() { try { iframe.contentWindow.postMessage({ location: window.location.toString(), setup: { autoHeight: true, senderName: \"reservation-form-1e7ad5e771d7aea70891600dcf09226e\" } }, \"*\"); } catch (e) { } } setInterval(setup, 1000); iframe.addEventListener(\"load\", setup); })(); } catch (e) { console.error(e); } <\/script>\n\n\n<p>[vc_row full_width=&#8221;stretch_row&#8221; parallax=&#8221;content-moving-fade&#8221; parallax_image=&#8221;0&#8243; css=&#8221;.vc_custom_1448954381233{background-image: url(http:\/\/www.hotelresidence.pl\/wp-content\/uploads\/2016\/07\/rewal-podstr.jpg) !important;background-position: center;background-repeat: no-repeat !important;background-size: cover !important;}&#8221;][vc_column][vc_empty_space height=&#8221;500px&#8221;]<\/p>\n<p>[\/vc_column_text][\/vc_column][\/vc_row][vc_row][vc_column width=&#8221;5\/12&#8243;]<\/p>\n<p>[vc_row full_width=&#8221;stretch_row&#8221; opacity=&#8221;yes&#8221; css=&#8221;.foto2{padding-top: 62px !important;padding-bottom: 62px !important;background-image: url<a href=\"http:\/\/www.hotelresidence.pl\/wp-content\/uploads\/2016\/07\/rewal-02-1.jpg\">(http:\/\/www.hotelresidence.pl\/wp-content\/uploads\/2016\/07\/rewal-02-1.jpg<\/a>) !important;}&#8221;][vc_column][vc_column_text el_class=&#8221;white&#8221;]<\/p>\n<p>[\/vc_row][vc_row][vc_column][vc_empty_space height=&#8221;55px&#8221;][\/vc_column][\/vc_row][vc_row][vc_column width=&#8221;1\/3&#8243;]<\/p>\n<h1 style=\"font-size: 35px;\">Witamy w Rewalu!<\/h1>\n<h3><strong>Rewal to co\u015b wi\u0119cej ni\u017c zwyk\u0142a nadmorska miejscowo\u015b\u0107.<\/strong><\/h3>\n<p style=\"font-size: 16px;\">Rozs\u0105dne inwestycje publiczne i prywatne spowodowa\u0142y wzrost popularno\u015bci Rewala i umocni\u0142y go na pozycji lidera w\u015br\u00f3d zachodniopomorskich kurort\u00f3w wypoczynkowych.<\/p>\n<p>[\/vc_column][vc_column width=&#8221;1\/3&#8243;][vc_single_image image=&#8221;459&#8243; img_size=&#8221;full&#8221;][\/vc_column][vc_column width=&#8221;1\/3&#8243;][vc_column_text]<strong>Gmina Rewal<\/strong> przeznacza na inwestycje ponad po\u0142ow\u0119 swego bud\u017cetu, przez co staje si\u0119 coraz pi\u0119kniejsza i atrakcyjniejsza \u2013 i dla turyst\u00f3w, i dla inwestor\u00f3w. Dochody gminy pochodz\u0105 g\u0142\u00f3wnie z turystyki; to dzi\u0119ki niej Rewal od wielu lat znajduje si\u0119 w \u015bcis\u0142ej czo\u0142\u00f3wce najszybciej i najpr\u0119\u017cniej rozwijaj\u0105cych si\u0119 ma\u0142ych gmin w Polsce.<br \/>Odwiedzaj\u0105cy gmin\u0119 go\u015bcie maj\u0105 nieograniczony wyb\u00f3r \u2013 zar\u00f3wno miejscowo\u015bci, w kt\u00f3rej zechc\u0105 odpocz\u0105\u0107, jak te\u017c hotelu, pensjonatu, kempingu czy pola namiotowego, szukaj\u0105c odpowiedniego dla siebie standardu. [\/vc_column_text][\/vc_column][vc_column][vc_empty_space height=&#8221;55px&#8221;]<\/p>\n<p>[\/vc_column][\/vc_row][vc_row full_width=&#8221;stretch_row_content_no_spaces&#8221; css=&#8221;.vc_custom_1447149405799{background-color: #ffffff !important;}&#8221;][vc_column width=&#8221;1\/2&#8243; css=&#8221;.foto6{background-image: url(http:\/\/www.hotelresidence.pl\/wp-content\/uploads\/2016\/07\/rewal-01-1.jpg) !important; background-size: cover; background-repeat: no-repeat; background-position: 50% 50%;}&#8221;][vc_empty_space height=&#8221;500px&#8221;][\/vc_column][vc_column width=&#8221;1\/2&#8243; css=&#8221;.vc_custom_1447148554307{padding-top: 100px !important;padding-right: 14% !important;padding-left: 14% !important; }&#8221;][vc_column_text]<\/p>\n<h2 style=\"text-align: center;\">Rewal<\/h2>\n<p style=\"text-align: center;\"><strong>Rewal <\/strong>to centrum gminy. Co roku pi\u0119kniejszy, zachwyca turyst\u00f3w swoj\u0105 urod\u0105, zadban\u0105 zieleni\u0105 oraz dobrze zorganizowan\u0105 infrastruktur\u0105. Urozmaicona architektura, wypiel\u0119gnowane ogr\u00f3dki przydomowe, liczne kawiarenki, kwieciste place, nastrojowe o\u015bwietlenie ulic sprawiaj\u0105, \u017ce odpoczywamy tu z dala od zgie\u0142ku, cho\u0107 wok\u00f3\u0142 nas t\u0119tni \u017cycie.<br \/>Tutaj \u2013 w Rewalu, nad samym morzem, nieopodal platformy widokowej \u2013 otwiera przed Pa\u0144stwem swe podwoje Hotel Residence. <strong><br \/><\/strong><\/p>\n<p>[\/vc_column_text][\/vc_column][\/vc_row][vc_row full_width=&#8221;stretch_row_content_no_spaces&#8221; css=&#8221;.vc_custom_1447149415973{background-color: #ffffff !important;}&#8221;][vc_column width=&#8221;1\/2&#8243; css=&#8221;.vc_custom_1447148675973{padding-top: 100px !important;padding-right: 14% !important;padding-left: 14% !important;}&#8221;][vc_column_text]<\/p>\n<h2 style=\"text-align: center;\">Niechorze<\/h2>\n<p style=\"text-align: center;\"><strong>Niechorze<\/strong> to jedna z najbardziej znanych miejscowo\u015bci nadmorskich, tak\u017ce z powodu zabytkowej (blisko 150-letniej) latarni morskiej. Po\u0142o\u017cone jest mi\u0119dzy Morzem Ba\u0142tyckim, jeziorem Liwia \u0141u\u017ca i rzek\u0105 Liwka.<\/p>\n<h2 style=\"text-align: center;\">Pbierowo<\/h2>\n<p style=\"text-align: center;\"><strong>Pobierowo <\/strong>z pi\u0119kn\u0105 pla\u017c\u0105 oddziela od drogi nr 102 ci\u0105gn\u0105cy si\u0119 szerokim pasem las brzozowo-sosnowy; po jego przebyciu ukazuje si\u0119 oczom pi\u0119kna miejscowo\u015b\u0107 z pi\u0119knymi budynkami, krytymi basenami, nowoczesnym zapleczem sanatoryjno\u2013rehabilitacyjnym, r\u00f3\u017cnorodn\u0105 baz\u0105 noclegow\u0105 i gastronomiczn\u0105.<strong><br \/><\/strong><\/p>\n<p>[\/vc_column_text][\/vc_column][vc_column width=&#8221;1\/2&#8243; css=&#8221;.foto7{background-image: url(http:\/\/www.hotelresidence.pl\/wp-content\/uploads\/2016\/07\/gmina-rewal-02.jpg) !important; background-size: cover; background-repeat: no-repeat; background-position: 50% 50%;}&#8221;][vc_empty_space height=&#8221;500px&#8221;][\/vc_column][\/vc_row][vc_row][vc_column][vc_column_text]<\/p>\n<h3><strong>Tutaj \u2013 w Rewalu, nad samym morzem<\/strong>,<\/h3>\n<p style=\"text-align: justify;\">nieopodal platformy widokowej \u2013 otwiera przed Pa\u0144stwem swe podwoje Hotel Residence. Najwi\u0119kszym atutem Rewala jest <strong>18-kilometrowa pla\u017ca,<\/strong> na ca\u0142ej prawie d\u0142ugo\u015bci po\u0142o\u017cona u st\u00f3p pi\u0119knego 15-metrowego klifu. Piasek, woda morska I klasy czysto\u015bci, przyjazny klimat, urz\u0105dzenia pla\u017cowe, wypo\u017cyczalnie koszy i le\u017cak\u00f3w, przeja\u017cd\u017cki bananem \u2013 to zadowoli ka\u017cdego pla\u017cowicza. Dodajmy do tego sma\u017con\u0105 \u015bwie\u017c\u0105 ryb\u0119, kr\u00f3tki odpoczynek w kawiarnianym ogr\u00f3dku, chwile kontemplacji na jednym z dw\u00f3ch taras\u00f3w widokowych zawieszonych nad pla\u017c\u0105 \u2013 raj dla oczu, duszy i podniebienia! Wypoczynek aktywny Dla ceni\u0105cych aktywny wypoczynek i sportowc\u00f3w powsta\u0142o dzia\u0142aj\u0105ce przez ca\u0142y rok bogate zaplecze sportowo-rekreacyjne, w sk\u0142ad kt\u00f3rego wchodz\u0105 trzy <strong>nowoczesne kompleksy sportowe<\/strong> w Niechorzu, Rewalu i Pobierowie, z pe\u0142nowymiarowymi\u00a0 boiskami pi\u0142karskimi, kortami tenisowymi i\u00a0 parkami skatingowymi oraz boiska ze sztuczn\u0105 nawierzchni\u0105 w ka\u017cdej z siedmiu miejscowo\u015bci gminy. Rewalska pla\u017ca to tak\u017ce miejsce aktywnego wypoczynku, co roku bowiem organizuje si\u0119 na niej <strong>\u201eAkademi\u0119 S\u0142o\u0144ca \u2013 Stref\u0119 Aktywnego Wypoczynku\u201d<\/strong> \u2013 cykl pla\u017cowych spotka\u0144 propaguj\u0105cych aktywn\u0105 rekreacj\u0119 pla\u017cow\u0105, organizuje turnieje siatk\u00f3wki pla\u017cowej i wiele innych. Uprawiaj\u0105cych sporty wodne i poszukiwaczy mocnych wra\u017ce\u0144 tak\u017ce zadowol\u0105 tutejsze doskona\u0142e warunki do uprawiania windsurfingu, skimboardingu oraz kitesurfingu, o paralotniarstwie nie zapominaj\u0105c. Amator\u00f3w prawdziwego latania zadowol\u0105 <strong>loty samolotem<\/strong> i podziwianie krajobraz\u00f3w z lotu ptaka. Lotnisko oferuj\u0105ce takie przeloty samolotami turystycznymi znajduje si\u0119 przy drodze 102 mi\u0119dzy Rewalem a Niechorzem. Amatorom aktywnego wypoczynku gmina proponuje tak\u017ce w\u0119dr\u00f3wki piesze po szlakach turystycznych, a tak\u017ce wycieczki rowerowe oznakowanymi szlakami rowerowymi, wraz ze zintegrowan\u0105 sieci\u0105 wypo\u017cyczalni rower\u00f3w Rewal Bike System. Rewal oferuje te\u017c bogat\u0105 ofert\u0119 o\u015brodk\u00f3w, umo\u017cliwiaj\u0105cych zar\u00f3wno nauk\u0119 jazdy konnej pod okiem wykwalifikowanych instruktor\u00f3w, jak te\u017c wyprawy w siodle w teren. Wieczorem \u017cycie tu nie zamiera. Przyjezdnym z pewno\u015bci\u0105 zaimponuje mnogo\u015b\u0107 kawiarenek, pub\u00f3w i restauracji, a w nich unikalna atmosfera, muzyka i gwar. <strong><br \/>W Rewalu nie ma czasu na nud\u0119<\/strong>. W amfiteatrze letnim, na \u015bwie\u017cym powietrzu odbywa si\u0119 wiele koncert\u00f3w, recitali, wieczor\u00f3w kabaretowych, przedstawie\u0144, bo ch\u0119tnie t\u0119 coraz modniejsz\u0105 gmin\u0119 odwiedzaj\u0105 znani i lubiani wykonawcy, muzycy, aktorzy, kabareciarze.<br \/>[\/vc_column_text][\/vc_column][\/vc_row][vc_row full_width=&#8221;stretch_row_content_no_spaces&#8221; css=&#8221;.vc_custom_1447149405799{background-color: #ffffff !important;}&#8221;][vc_column width=&#8221;1\/2&#8243; css=&#8221;.foto8{background-image: url(http:\/\/www.hotelresidence.pl\/wp-content\/uploads\/2016\/07\/rewal-07.jpg) !important; background-size: cover; background-repeat: no-repeat; background-position: 50% 50%;}&#8221;][vc_empty_space height=&#8221;500px&#8221;][\/vc_column][vc_column width=&#8221;1\/2&#8243; css=&#8221;.vc_custom_1447148554307{padding-top: 100px !important;padding-right: 14% !important;padding-left: 14% !important;}&#8221;][vc_column_text]<\/p>\n<p>\u00a0<\/p>\n<h2 style=\"text-align: center;\">\u00a0<\/h2>\n<h2 style=\"text-align: center;\">Pogorzelica<\/h2>\n<p style=\"text-align: center;\"><strong>\u00a0Pogorzelica<\/strong> dzi\u0119ki sosnowym lasom, piaszczystej glebie, specyficznemu morskiemu mikroklimatowi ma wszelkie zalety uzdrowiskowe. To znany o\u015brodek wczasowo-sanatoryjny, z licznymi domami wczasowymi i sanatoriami, z basenami krytymi i otwartymi, kortami tenisowymi.<\/p>\n<p>[\/vc_column_text][\/vc_column][\/vc_row][vc_row full_width=&#8221;stretch_row_content_no_spaces&#8221; css=&#8221;.vc_custom_1447149415973{background-color: #ffffff !important;}&#8221;][vc_column width=&#8221;1\/2&#8243; css=&#8221;.vc_custom_1447148675973{padding-top: 100px !important;padding-right: 14% !important;padding-left: 14% !important;}&#8221;][vc_column_text]<\/p>\n<h2 style=\"text-align: center;\">\u015aliwin<\/h2>\n<p style=\"text-align: center;\"><strong>\u015aliwin<\/strong> jako jedyna miejscowo\u015b\u0107 w gminie nie le\u017cy nad morzem. Jest osad\u0105 rolnicz\u0105, prawdopodobnie najstarsz\u0105 miejscowo\u015bci\u0105 gminy, o czym \u015bwiadczy\u0107 mo\u017ce stanowisko archeologiczne, obejmuj\u0105ce punkt osadniczy ze staro\u017cytno\u015bci i okresu wp\u0142yw\u00f3w rzymskich oraz pozosta\u0142o\u015bci grodziska z wczesnego \u015bredniowiecza, wpisane do rejestru zabytk\u00f3w i obj\u0119te ochron\u0105 archeologiczno-konserwatorsk\u0105. Przyjezdnym oferuje us\u0142ugi agroturystyczne. Do wyboru, do koloru<\/p>\n<h2 style=\"text-align: center;\">Trz\u0119sacz<\/h2>\n<p style=\"text-align: center;\"><strong>Trz\u0119sacz<\/strong> to najmniejsza miejscowo\u015b\u0107 gminy Rewal, po\u0142o\u017cona na stromym klifowym brzegu morskim, dok\u0142adnie na 15 po\u0142udniku d\u0142. wsch., wyznaczaj\u0105cym czas \u015brodkowo-europejski. G\u0142\u00f3wn\u0105 jej atrakcj\u0105 s\u0105 s\u0142ynne w Polsce i Europie ruiny ko\u015bci\u00f3\u0142ka z prze\u0142omu XIV i XV w.<\/p>\n<p>[\/vc_column_text][\/vc_column][vc_column width=&#8221;1\/2&#8243; css=&#8221;.foto9{background-image: url(http:\/\/www.hotelresidence.pl\/wp-content\/uploads\/2016\/07\/gmina-rewal-02-1.jpg) !important; background-size: cover; background-repeat: no-repeat; background-position: 50% 50%;}&#8221;][vc_empty_space height=&#8221;500px&#8221;][\/vc_column][\/vc_row][vc_row][vc_column][vc_empty_space height=&#8221;55px&#8221;][vc_column_text]<\/p>\n<p>\u00a0<\/p>","protected":false},"excerpt":{"rendered":"<p>[vc_row full_width=&#8221;stretch_row&#8221; parallax=&#8221;content-moving-fade&#8221; parallax_image=&#8221;0&#8243; css=&#8221;.vc_custom_1448954381233{background-image: url(http:\/\/www.hotelresidence.pl\/wp-content\/uploads\/2016\/07\/rewal-podstr.jpg) !important;background-position: center;background-repeat: no-repeat !important;background-size: cover !important;}&#8221;][vc_column][vc_empty_space height=&#8221;500px&#8221;] [\/vc_column_text][\/vc_column][\/vc_row][vc_row][vc_column width=&#8221;5\/12&#8243;] [vc_row full_width=&#8221;stretch_row&#8221; opacity=&#8221;yes&#8221; css=&#8221;.foto2{padding-top: 62px !important;padding-bottom: 62px !important;background-image: url(http:\/\/www.hotelresidence.pl\/wp-content\/uploads\/2016\/07\/rewal-02-1.jpg) !important;}&#8221;][vc_column][vc_column_text el_class=&#8221;white&#8221;] [\/vc_row][vc_row][vc_column][vc_empty_space height=&#8221;55px&#8221;][\/vc_column][\/vc_row][vc_row][vc_column width=&#8221;1\/3&#8243;] Witamy w Rewalu! Rewal to co\u015b wi\u0119cej ni\u017c zwyk\u0142a nadmorska miejscowo\u015b\u0107. Rozs\u0105dne inwestycje publiczne i prywatne spowodowa\u0142y wzrost popularno\u015bci Rewala i umocni\u0142y go na pozycji lidera [&hellip;]<\/p>\n","protected":false},"author":1,"featured_media":0,"parent":0,"menu_order":0,"comment_status":"closed","ping_status":"closed","template":"page-notitle.php","meta":{"footnotes":""},"_links":{"self":[{"href":"https:\/\/hotelresidence.pl\/pl\/wp-json\/wp\/v2\/pages\/36"}],"collection":[{"href":"https:\/\/hotelresidence.pl\/pl\/wp-json\/wp\/v2\/pages"}],"about":[{"href":"https:\/\/hotelresidence.pl\/pl\/wp-json\/wp\/v2\/types\/page"}],"author":[{"embeddable":true,"href":"https:\/\/hotelresidence.pl\/pl\/wp-json\/wp\/v2\/users\/1"}],"replies":[{"embeddable":true,"href":"https:\/\/hotelresidence.pl\/pl\/wp-json\/wp\/v2\/comments?post=36"}],"version-history":[{"count":124,"href":"https:\/\/hotelresidence.pl\/pl\/wp-json\/wp\/v2\/pages\/36\/revisions"}],"predecessor-version":[{"id":2348,"href":"https:\/\/hotelresidence.pl\/pl\/wp-json\/wp\/v2\/pages\/36\/revisions\/2348"}],"wp:attachment":[{"href":"https:\/\/hotelresidence.pl\/pl\/wp-json\/wp\/v2\/media?parent=36"}],"curies":[{"name":"wp","href":"https:\/\/api.w.org\/{rel}","templated":true}]}}