{"id":30,"date":"2015-11-26T08:44:48","date_gmt":"2015-11-26T08:44:48","guid":{"rendered":"http:\/\/demo.awethemes.com\/caruso\/?page_id=30"},"modified":"2026-04-24T16:24:38","modified_gmt":"2026-04-24T14:24:38","slug":"oferty","status":"publish","type":"page","link":"https:\/\/hotelresidence.pl\/pl\/oferty\/","title":{"rendered":"Oferty"},"content":{"rendered":"\n<iframe id=\"ra-reservation-form-v2-1e7ad5e771d7aea70891600dcf09226e\" style=\"width: 100%; height:100px; border: none; padding: 0;\" src=\"https:\/\/roomadmin.pl\/widget\/reservation-v2\/start?fh=bd2639fadaf134de3555b572ca3848fc695d2246&#038;style=%7B%22color_accent%22%3A%22%23d8a942%22%2C%22color_bg%22%3A%22%23f5f5f5%22%2C%22color_panel_header%22%3A%22%23FFFFFF%22%2C%22color_panel_body%22%3A%22%23FFFFFF%22%2C%22rounded_corners%22%3A%22true%22%7D&#038;filter=%7B%7D&#038;lang=pl\"><\/iframe> <script> try { (function () { var iframe = window.document.getElementById('ra-reservation-form-v2-1e7ad5e771d7aea70891600dcf09226e'); function raMessageReceiver(event) { if (iframe) { if (!event.data.sender || \"reservation-form-1e7ad5e771d7aea70891600dcf09226e\" !== event.data.sender) { return; } if (event.data.height) { iframe.style.height = (event.data.height + 10) + \"px\"; } if (event.data.event && event.data.event.name === \"widget.scrollup.requested\") { try { iframe.scrollIntoView({behavior: \"smooth\", block: \"start\"}); } catch (e) { } } if (event.data.event && event.data.event.name === \"reservation.submit.success\") { console.log(\"reservation.submit.success\", event.data.event.data.reservation); var moneyTotal = event.data.event.data.reservation.moneyTotal; \/* kwota rezerwacji wyra\u017cona w GROSZACH*\/ var id = event.data.event.data.reservation.id; \/*id rezerwacji*\/ } if (event.data.event && event.data.event.name === \"reservation.variant-search.start\") { \/*console.log(\"variant search started\"); *\/ } if (event.data.event && event.data.event.name) { console.log(event.data.event.name, event.data.event); } } } window.addEventListener(\"message\", raMessageReceiver, false); function setup() { try { iframe.contentWindow.postMessage({ location: window.location.toString(), setup: { autoHeight: true, senderName: \"reservation-form-1e7ad5e771d7aea70891600dcf09226e\" } }, \"*\"); } catch (e) { } } setInterval(setup, 1000); iframe.addEventListener(\"load\", setup); })(); } catch (e) { console.error(e); } <\/script>\n\n\n<p>[vc_row full_width=&#8221;stretch_row&#8221; css=&#8221;.bg-parallax{background-image: url(&#8217;\/wp-content\/uploads\/2016\/07\/oferty-04.jpg&#8217;) !important; background-size: cover; overflow: hidden;}&#8221;][vc_column][vc_empty_space height=&#8221;500px&#8221;]<\/p>\n<p>[\/vc_column][\/vc_row][vc_row][vc_column][vc_empty_space height=&#8221;55px&#8221;]<div class=\"cat-event\">\r\n\t<div class=\"post post-2097 event type-event status-publish has-post-thumbnail hentry\">\n\t<div class=\"post-media\">\n\t\t<img loading=\"lazy\" decoding=\"async\" width=\"1024\" height=\"360\" src=\"https:\/\/hotelresidence.pl\/wp-content\/uploads\/2021\/01\/bc0-1024x360.jpg\" class=\"attachment-caruso_event_thumbnail size-caruso_event_thumbnail wp-post-image\" alt=\"\" \/>\t<\/div><!-- \/post-media -->\n\n\t<div class=\"post-field\">\n\t\t<div class=\"wrapper\">\n\t\t\t<div class=\"group group-address\">\n\t\t\t\t<h3><i class=\"fa fa-map-marker\"><\/i> Venue<\/h3>\n\t\t\t\t<p>Polska Rewal<\/p>\n\t\t\t<\/div><!-- \/group -->\n\n\t\t\t<div class=\"group\">\n\t\t\t\t<h3 class=\"h6\"><i class=\"fa fa-clock-o\"><\/i> Time<\/h3>\n\t\t\t\t<p>Start: 11:04 - 30 April 2026<\/p>\n\t\t\t\t<p>End: 11:04 - 30 April 2026<\/p>\n\t\t\t<\/div><!-- \/group -->\n\t\t\t<div class=\"group group-map\">\n\t\t\t\t<a href=\"https:\/\/hotelresidence.pl\/pl\/event\/weekend-boze-cialo\/#map\"><i class=\"fa fa-map-marker\"><\/i> Google Map<\/a>\n\t\t\t<\/div>\n\t\t\t<div class=\"group group-price\">\n\t\t\t\t<p class=\"price\">Price<span>Doba od 270,00 PLN<\/span><\/p>\n\t\t\t<\/div><!-- \/group -->\n\t\t<\/div><!-- \/wrapper -->\n\t<\/div><!-- \/post-field -->\n\n\t<div class=\"post-body\">\n\t\t<h2 class=\"h3\"><a href=\"https:\/\/hotelresidence.pl\/pl\/event\/weekend-boze-cialo\/\">Weekend &#8222;Bo\u017ce Cia\u0142o&#8221;<\/a><\/h2>\n\t\t<div class=\"post-content\">\n\t\t\t<p>Oferta specjalna \u00a0&#8222;Weekend Bo\u017ce Cia\u0142o&#8221; &#8211; poczuj przedsmak lata i ciesz si\u0119 wspania\u0142ym wypoczynkiem<\/p>\n\t\t<\/div><!-- \/post-content -->\n\t<\/div><!-- \/post-body -->\n\n<\/div><div class=\"post post-2047 event type-event status-publish has-post-thumbnail hentry\">\n\t<div class=\"post-media\">\n\t\t<img loading=\"lazy\" decoding=\"async\" width=\"1024\" height=\"360\" src=\"https:\/\/hotelresidence.pl\/wp-content\/uploads\/2017\/01\/majowka-residence-1024x360.jpg\" class=\"attachment-caruso_event_thumbnail size-caruso_event_thumbnail wp-post-image\" alt=\"\" \/>\t<\/div><!-- \/post-media -->\n\n\t<div class=\"post-field\">\n\t\t<div class=\"wrapper\">\n\t\t\t<div class=\"group group-address\">\n\t\t\t\t<h3><i class=\"fa fa-map-marker\"><\/i> Venue<\/h3>\n\t\t\t\t<p>52.1802854, 21.0206120<\/p>\n\t\t\t<\/div><!-- \/group -->\n\n\t\t\t<div class=\"group\">\n\t\t\t\t<h3 class=\"h6\"><i class=\"fa fa-clock-o\"><\/i> Time<\/h3>\n\t\t\t\t<p>Start: 11:04 - 30 April 2026<\/p>\n\t\t\t\t<p>End: 11:04 - 30 April 2026<\/p>\n\t\t\t<\/div><!-- \/group -->\n\t\t\t<div class=\"group group-map\">\n\t\t\t\t<a href=\"https:\/\/hotelresidence.pl\/pl\/event\/rodzinna-wielkanoc-w-hotelu-residence\/#map\"><i class=\"fa fa-map-marker\"><\/i> Google Map<\/a>\n\t\t\t<\/div>\n\t\t\t<div class=\"group group-price\">\n\t\t\t\t<p class=\"price\">Price<span>Doba od 240 PLN<\/span><\/p>\n\t\t\t<\/div><!-- \/group -->\n\t\t<\/div><!-- \/wrapper -->\n\t<\/div><!-- \/post-field -->\n\n\t<div class=\"post-body\">\n\t\t<h2 class=\"h3\"><a href=\"https:\/\/hotelresidence.pl\/pl\/event\/rodzinna-wielkanoc-w-hotelu-residence\/\">Maj\u00f3wka nad morzem<\/a><\/h2>\n\t\t<div class=\"post-content\">\n\t\t\t<p>Majowy relaks nad morzem w Hotelu Residence &#8211; zapraszamy na wiosenny wypoczynek.<\/p>\n\t\t<\/div><!-- \/post-content -->\n\t<\/div><!-- \/post-body -->\n\n<\/div>\r\n<\/div><!-- \/row -->[vc_empty_space height=&#8221;55px&#8221;][\/vc_column][\/vc_row]<\/p>","protected":false},"excerpt":{"rendered":"<p>[vc_row full_width=&#8221;stretch_row&#8221; css=&#8221;.bg-parallax{background-image: url(&#8217;\/wp-content\/uploads\/2016\/07\/oferty-04.jpg&#8217;) !important; background-size: cover; overflow: hidden;}&#8221;][vc_column][vc_empty_space height=&#8221;500px&#8221;] [\/vc_column][\/vc_row][vc_row][vc_column][vc_empty_space height=&#8221;55px&#8221;][vc_empty_space height=&#8221;55px&#8221;][\/vc_column][\/vc_row]<\/p>\n","protected":false},"author":1,"featured_media":0,"parent":0,"menu_order":0,"comment_status":"closed","ping_status":"closed","template":"page-notitle.php","meta":{"footnotes":""},"_links":{"self":[{"href":"https:\/\/hotelresidence.pl\/pl\/wp-json\/wp\/v2\/pages\/30"}],"collection":[{"href":"https:\/\/hotelresidence.pl\/pl\/wp-json\/wp\/v2\/pages"}],"about":[{"href":"https:\/\/hotelresidence.pl\/pl\/wp-json\/wp\/v2\/types\/page"}],"author":[{"embeddable":true,"href":"https:\/\/hotelresidence.pl\/pl\/wp-json\/wp\/v2\/users\/1"}],"replies":[{"embeddable":true,"href":"https:\/\/hotelresidence.pl\/pl\/wp-json\/wp\/v2\/comments?post=30"}],"version-history":[{"count":15,"href":"https:\/\/hotelresidence.pl\/pl\/wp-json\/wp\/v2\/pages\/30\/revisions"}],"predecessor-version":[{"id":2349,"href":"https:\/\/hotelresidence.pl\/pl\/wp-json\/wp\/v2\/pages\/30\/revisions\/2349"}],"wp:attachment":[{"href":"https:\/\/hotelresidence.pl\/pl\/wp-json\/wp\/v2\/media?parent=30"}],"curies":[{"name":"wp","href":"https:\/\/api.w.org\/{rel}","templated":true}]}}