{"id":2172,"date":"2024-05-12T11:06:45","date_gmt":"2024-05-12T09:06:45","guid":{"rendered":"https:\/\/hotelresidence.pl\/pl\/?page_id=2172"},"modified":"2026-04-24T16:16:16","modified_gmt":"2026-04-24T14:16:16","slug":"newpokoje","status":"publish","type":"page","link":"https:\/\/hotelresidence.pl\/pl\/pokoje\/","title":{"rendered":"POKOJE Hotel Residence"},"content":{"rendered":"<p>[vc_row][vc_column][\/vc_column][\/vc_row]<\/p>\n\n\n\n<p>[vc_row full_width=&#8221;stretch_row&#8221; css=&#8221;.bg-parallax{background-image: url(&#8217;\/wp-content\/uploads\/2016\/07\/restauracja-tlo00.jpg&#8217;) !important; background-size: cover; overflow: hidden;}&#8221;][vc_column][vc_empty_space height=&#8221;600px&#8221;][\/vc_column][\/vc_row]<\/p>\n\n\n<p>[vc_row][vc_column width=&#8221;1\/2&#8243; css=&#8221;.vc_custom_1448336576950{padding-top: 35px !important;padding-bottom: 55px !important;}&#8221;][vc_column_text]<\/p>\n<h1 class=\"sbig\">POKOJE<\/h1>\n<h6><strong>Wszystkie pokoje s\u0105 komfortowo urz\u0105dzone, w ka\u017cdym znajduje si\u0119 :<\/strong><\/h6>\n<ul>\n<li>\n<h6>&#8211; TV<\/h6>\n<\/li>\n<li>\n<h6>&#8211; Radio<\/h6>\n<\/li>\n<li>\n<h6>&#8211; Internet access<\/h6>\n<\/li>\n<\/ul>\n<p>[\/vc_column_text][\/vc_column][vc_column width=&#8221;1\/2&#8243; css=&#8221;.vc_custom_1448340659656{padding-top: 60px !important;padding-bottom: 130px !important;padding-left: 80px !important; padding-right: 80px !important;background-color: #e2e2e2 !important;}&#8221;][vc_column_text el_class=&#8221;.droid-font&#8221;]<\/p>\n<blockquote>\n<h5><strong>Hotel Residence oferuje Pa\u0144stwu 31 ekskluzywnych pokoi, klasycznie urz\u0105dzonych, z \u0142azienk\u0105, balkonem lub tarasem. Oferujemy pokoje jedno-, dwuosobowe oraz typu studio.<\/h5>\n<\/blockquote>\n<p>[\/vc_column_text][\/vc_column][\/vc_row]<\/p>\n\n\n\n<p>[vc_row full_width=&#8221;stretch_row&#8221; css=&#8221;.bg-parallax{background-image: url(&#8217;\/wp-content\/uploads\/2016\/07\/restauracja-tlo00.jpg&#8217;) !important; background-size: cover; overflow: hidden;}&#8221;][vc_column][vc_empty_space height=&#8221;300px&#8221;][\/vc_column][\/vc_row]<\/p>\n\n\n<p>[vc_row][vc_column width=&#8221;1\/3&#8243; css=&#8221;.vc_custom_1448336576950{padding-top: 35px !important;padding-bottom: 15px !important;}&#8221;][vc_column_text]<\/p>\n<p><a href=\"http:\/\/hotelresidence.pl\/wp-content\/uploads\/2015\/12\/Rewal-pokoje-nad-morzem-05.jpg\"><br \/>\n<\/a><br \/>\n<a href=\"http:\/\/hotelresidence.pl\/wp-content\/uploads\/2015\/12\/Rewal-pokoje-nad-morzem-05.jpg\"><img loading=\"lazy\" decoding=\"async\" class=\"alignleft wp-image-1798\" src=\"http:\/\/hotelresidence.pl\/wp-content\/uploads\/2015\/12\/Rewal-pokoje-nad-morzem-05-370x247.jpg\" width=\"350\" height=\"233\" srcset=\"https:\/\/hotelresidence.pl\/wp-content\/uploads\/2015\/12\/Rewal-pokoje-nad-morzem-05-370x247.jpg 370w, https:\/\/hotelresidence.pl\/wp-content\/uploads\/2015\/12\/Rewal-pokoje-nad-morzem-05-1080x720.jpg 1080w, https:\/\/hotelresidence.pl\/wp-content\/uploads\/2015\/12\/Rewal-pokoje-nad-morzem-05-768x512.jpg 768w, https:\/\/hotelresidence.pl\/wp-content\/uploads\/2015\/12\/Rewal-pokoje-nad-morzem-05-100x67.jpg 100w, https:\/\/hotelresidence.pl\/wp-content\/uploads\/2015\/12\/Rewal-pokoje-nad-morzem-05.jpg 1500w\" sizes=\"(max-width: 350px) 100vw, 350px\" \/><\/a><a href=\"http:\/\/hotelresidence.pl\/wp-content\/uploads\/2016\/07\/pokoje-nadmorzem-Rewal-02.jpg\"><img loading=\"lazy\" decoding=\"async\" class=\"alignleft wp-image-1791\" src=\"http:\/\/hotelresidence.pl\/wp-content\/uploads\/2016\/07\/pokoje-nadmorzem-Rewal-02-370x247.jpg\" width=\"350\" height=\"233\" srcset=\"https:\/\/hotelresidence.pl\/wp-content\/uploads\/2016\/07\/pokoje-nadmorzem-Rewal-02-370x247.jpg 370w, https:\/\/hotelresidence.pl\/wp-content\/uploads\/2016\/07\/pokoje-nadmorzem-Rewal-02-1080x720.jpg 1080w, https:\/\/hotelresidence.pl\/wp-content\/uploads\/2016\/07\/pokoje-nadmorzem-Rewal-02-768x512.jpg 768w, https:\/\/hotelresidence.pl\/wp-content\/uploads\/2016\/07\/pokoje-nadmorzem-Rewal-02-100x67.jpg 100w, https:\/\/hotelresidence.pl\/wp-content\/uploads\/2016\/07\/pokoje-nadmorzem-Rewal-02.jpg 1500w\" sizes=\"(max-width: 350px) 100vw, 350px\" \/><\/a><a href=\"http:\/\/hotelresidence.pl\/wp-content\/uploads\/2016\/07\/pokoje-nadmorzem-Rewal-03.jpg\"><img loading=\"lazy\" decoding=\"async\" class=\"alignleft wp-image-1792\" src=\"http:\/\/hotelresidence.pl\/wp-content\/uploads\/2016\/07\/pokoje-nadmorzem-Rewal-03-370x247.jpg\" width=\"350\" height=\"233\" srcset=\"https:\/\/hotelresidence.pl\/wp-content\/uploads\/2016\/07\/pokoje-nadmorzem-Rewal-03-370x247.jpg 370w, https:\/\/hotelresidence.pl\/wp-content\/uploads\/2016\/07\/pokoje-nadmorzem-Rewal-03-1080x720.jpg 1080w, https:\/\/hotelresidence.pl\/wp-content\/uploads\/2016\/07\/pokoje-nadmorzem-Rewal-03-768x512.jpg 768w, https:\/\/hotelresidence.pl\/wp-content\/uploads\/2016\/07\/pokoje-nadmorzem-Rewal-03-100x67.jpg 100w, https:\/\/hotelresidence.pl\/wp-content\/uploads\/2016\/07\/pokoje-nadmorzem-Rewal-03.jpg 1500w\" sizes=\"(max-width: 350px) 100vw, 350px\" \/><\/a><a href=\"http:\/\/hotelresidence.pl\/wp-content\/uploads\/2016\/07\/apartament-hotel-nadmorzem-Rewal-03.jpg\"><img loading=\"lazy\" decoding=\"async\" class=\"alignleft wp-image-1788\" src=\"http:\/\/hotelresidence.pl\/wp-content\/uploads\/2016\/07\/apartament-hotel-nadmorzem-Rewal-03-370x247.jpg\" width=\"350\" height=\"233\" srcset=\"https:\/\/hotelresidence.pl\/wp-content\/uploads\/2016\/07\/apartament-hotel-nadmorzem-Rewal-03-370x247.jpg 370w, https:\/\/hotelresidence.pl\/wp-content\/uploads\/2016\/07\/apartament-hotel-nadmorzem-Rewal-03-1080x720.jpg 1080w, https:\/\/hotelresidence.pl\/wp-content\/uploads\/2016\/07\/apartament-hotel-nadmorzem-Rewal-03-768x512.jpg 768w, https:\/\/hotelresidence.pl\/wp-content\/uploads\/2016\/07\/apartament-hotel-nadmorzem-Rewal-03-100x67.jpg 100w, https:\/\/hotelresidence.pl\/wp-content\/uploads\/2016\/07\/apartament-hotel-nadmorzem-Rewal-03.jpg 1500w\" sizes=\"(max-width: 350px) 100vw, 350px\" \/><\/a><a href=\"http:\/\/hotelresidence.pl\/wp-content\/uploads\/2016\/07\/apartament-hotel-nadmorzem-Rewal-04.jpg\"><img loading=\"lazy\" decoding=\"async\" class=\"alignleft wp-image-1789\" src=\"http:\/\/hotelresidence.pl\/wp-content\/uploads\/2016\/07\/apartament-hotel-nadmorzem-Rewal-04-370x247.jpg\" width=\"350\" height=\"233\" srcset=\"https:\/\/hotelresidence.pl\/wp-content\/uploads\/2016\/07\/apartament-hotel-nadmorzem-Rewal-04-370x247.jpg 370w, https:\/\/hotelresidence.pl\/wp-content\/uploads\/2016\/07\/apartament-hotel-nadmorzem-Rewal-04-1080x720.jpg 1080w, https:\/\/hotelresidence.pl\/wp-content\/uploads\/2016\/07\/apartament-hotel-nadmorzem-Rewal-04-768x512.jpg 768w, https:\/\/hotelresidence.pl\/wp-content\/uploads\/2016\/07\/apartament-hotel-nadmorzem-Rewal-04-100x67.jpg 100w, https:\/\/hotelresidence.pl\/wp-content\/uploads\/2016\/07\/apartament-hotel-nadmorzem-Rewal-04.jpg 1500w\" sizes=\"(max-width: 350px) 100vw, 350px\" \/><\/a><a href=\"http:\/\/hotelresidence.pl\/wp-content\/uploads\/2016\/07\/3S4A7078.jpg\"><img loading=\"lazy\" decoding=\"async\" class=\"alignleft wp-image-1734\" src=\"http:\/\/hotelresidence.pl\/wp-content\/uploads\/2016\/07\/3S4A7078-370x247.jpg\" width=\"350\" height=\"233\" srcset=\"https:\/\/hotelresidence.pl\/wp-content\/uploads\/2016\/07\/3S4A7078-370x247.jpg 370w, https:\/\/hotelresidence.pl\/wp-content\/uploads\/2016\/07\/3S4A7078-768x512.jpg 768w, https:\/\/hotelresidence.pl\/wp-content\/uploads\/2016\/07\/3S4A7078-100x67.jpg 100w, https:\/\/hotelresidence.pl\/wp-content\/uploads\/2016\/07\/3S4A7078.jpg 1000w\" sizes=\"(max-width: 350px) 100vw, 350px\" \/><\/a><a href=\"http:\/\/hotelresidence.pl\/wp-content\/uploads\/2016\/07\/pokoje-nadmorzem-Rewal-Hotel-02.jpg\"><img loading=\"lazy\" decoding=\"async\" class=\"alignleft wp-image-1804\" src=\"http:\/\/hotelresidence.pl\/wp-content\/uploads\/2016\/07\/pokoje-nadmorzem-Rewal-Hotel-02-370x247.jpg\" width=\"350\" height=\"233\" srcset=\"https:\/\/hotelresidence.pl\/wp-content\/uploads\/2016\/07\/pokoje-nadmorzem-Rewal-Hotel-02-370x247.jpg 370w, https:\/\/hotelresidence.pl\/wp-content\/uploads\/2016\/07\/pokoje-nadmorzem-Rewal-Hotel-02-1080x720.jpg 1080w, https:\/\/hotelresidence.pl\/wp-content\/uploads\/2016\/07\/pokoje-nadmorzem-Rewal-Hotel-02-768x512.jpg 768w, https:\/\/hotelresidence.pl\/wp-content\/uploads\/2016\/07\/pokoje-nadmorzem-Rewal-Hotel-02-100x67.jpg 100w, https:\/\/hotelresidence.pl\/wp-content\/uploads\/2016\/07\/pokoje-nadmorzem-Rewal-Hotel-02.jpg 1500w\" sizes=\"(max-width: 350px) 100vw, 350px\" \/><\/a><a href=\"http:\/\/hotelresidence.pl\/wp-content\/uploads\/2016\/07\/3S4A5385.jpg\"><img loading=\"lazy\" decoding=\"async\" class=\"alignleft wp-image-1740\" src=\"http:\/\/hotelresidence.pl\/wp-content\/uploads\/2016\/07\/3S4A5385-370x247.jpg\" width=\"350\" height=\"233\" srcset=\"https:\/\/hotelresidence.pl\/wp-content\/uploads\/2016\/07\/3S4A5385-370x247.jpg 370w, https:\/\/hotelresidence.pl\/wp-content\/uploads\/2016\/07\/3S4A5385-768x512.jpg 768w, https:\/\/hotelresidence.pl\/wp-content\/uploads\/2016\/07\/3S4A5385-100x67.jpg 100w, https:\/\/hotelresidence.pl\/wp-content\/uploads\/2016\/07\/3S4A5385.jpg 1000w\" sizes=\"(max-width: 350px) 100vw, 350px\" \/><\/a><a href=\"http:\/\/hotelresidence.pl\/wp-content\/uploads\/2016\/07\/pokoje-nadmorzem-Rewal-Hotel-00.jpg\"><img loading=\"lazy\" decoding=\"async\" class=\"alignleft wp-image-1802\" src=\"http:\/\/hotelresidence.pl\/wp-content\/uploads\/2016\/07\/pokoje-nadmorzem-Rewal-Hotel-00-370x247.jpg\" width=\"350\" height=\"233\" srcset=\"https:\/\/hotelresidence.pl\/wp-content\/uploads\/2016\/07\/pokoje-nadmorzem-Rewal-Hotel-00-370x247.jpg 370w, https:\/\/hotelresidence.pl\/wp-content\/uploads\/2016\/07\/pokoje-nadmorzem-Rewal-Hotel-00-1080x720.jpg 1080w, https:\/\/hotelresidence.pl\/wp-content\/uploads\/2016\/07\/pokoje-nadmorzem-Rewal-Hotel-00-768x512.jpg 768w, https:\/\/hotelresidence.pl\/wp-content\/uploads\/2016\/07\/pokoje-nadmorzem-Rewal-Hotel-00-100x67.jpg 100w, https:\/\/hotelresidence.pl\/wp-content\/uploads\/2016\/07\/pokoje-nadmorzem-Rewal-Hotel-00.jpg 1500w\" sizes=\"(max-width: 350px) 100vw, 350px\" \/><\/a><\/p>","protected":false},"excerpt":{"rendered":"<p>[vc_row][vc_column][\/vc_column][\/vc_row] [vc_row full_width=&#8221;stretch_row&#8221; css=&#8221;.bg-parallax{background-image: url(&#8217;\/wp-content\/uploads\/2016\/07\/restauracja-tlo00.jpg&#8217;) !important; background-size: cover; overflow: hidden;}&#8221;][vc_column][vc_empty_space height=&#8221;600px&#8221;][\/vc_column][\/vc_row] [vc_row full_width=&#8221;stretch_row&#8221; css=&#8221;.bg-parallax{background-image: url(&#8217;\/wp-content\/uploads\/2016\/07\/restauracja-tlo00.jpg&#8217;) !important; background-size: cover; overflow: hidden;}&#8221;][vc_column][vc_empty_space height=&#8221;300px&#8221;][\/vc_column][\/vc_row] [vc_row full_width=&#8221;stretch_row&#8221; css=&#8221;.bg-parallax{background-image: url(&#8217;\/wp-content\/uploads\/2016\/07\/restauracja-tlo00.jpg&#8217;) !important; background-size: cover; overflow: hidden;}&#8221;][vc_column][vc_empty_space height=&#8221;600px&#8221;][\/vc_column][\/vc_row]<\/p>\n","protected":false},"author":1,"featured_media":0,"parent":0,"menu_order":0,"comment_status":"closed","ping_status":"closed","template":"","meta":{"footnotes":""},"_links":{"self":[{"href":"https:\/\/hotelresidence.pl\/pl\/wp-json\/wp\/v2\/pages\/2172"}],"collection":[{"href":"https:\/\/hotelresidence.pl\/pl\/wp-json\/wp\/v2\/pages"}],"about":[{"href":"https:\/\/hotelresidence.pl\/pl\/wp-json\/wp\/v2\/types\/page"}],"author":[{"embeddable":true,"href":"https:\/\/hotelresidence.pl\/pl\/wp-json\/wp\/v2\/users\/1"}],"replies":[{"embeddable":true,"href":"https:\/\/hotelresidence.pl\/pl\/wp-json\/wp\/v2\/comments?post=2172"}],"version-history":[{"count":40,"href":"https:\/\/hotelresidence.pl\/pl\/wp-json\/wp\/v2\/pages\/2172\/revisions"}],"predecessor-version":[{"id":2335,"href":"https:\/\/hotelresidence.pl\/pl\/wp-json\/wp\/v2\/pages\/2172\/revisions\/2335"}],"wp:attachment":[{"href":"https:\/\/hotelresidence.pl\/pl\/wp-json\/wp\/v2\/media?parent=2172"}],"curies":[{"name":"wp","href":"https:\/\/api.w.org\/{rel}","templated":true}]}}