{"id":1609,"date":"2016-07-08T09:41:31","date_gmt":"2016-07-08T07:41:31","guid":{"rendered":"http:\/\/www.new.hotelresidence.pl\/?page_id=1609"},"modified":"2024-05-10T13:46:37","modified_gmt":"2024-05-10T11:46:37","slug":"restauracja-3","status":"publish","type":"page","link":"https:\/\/hotelresidence.pl\/pl\/restauracja\/","title":{"rendered":"RESTAURACJA"},"content":{"rendered":"<p>&nbsp;<\/p>\n<p>[vc_row][vc_column][\/vc_column][\/vc_row][vc_row][vc_column width=&#8221;1\/2&#8243; css=&#8221;.vc_custom_1448336576950{padding-top: 35px !important;padding-bottom: 55px !important;}&#8221;][vc_column_text]<\/p>\n<h1 class=\"sbig\">RESTAURACJA RYCERSKA<\/h1>\n<h6>zaprasza na pyszne dania<\/h6>\n<p>[\/vc_column_text][\/vc_column][vc_column width=&#8221;1\/2&#8243; css=&#8221;.vc_custom_1448340659656{padding-top: 60px !important;padding-bottom: 130px !important;padding-left: 80px !important; padding-right: 80px !important;background-color: #e2e2e2 !important;}&#8221;][vc_column_text el_class=&#8221;.droid-font&#8221;]<\/p>\n<blockquote>\n<h5>Elegancka i przestronna <strong>restauracja Rycerska<\/strong>,<br \/>\nz letnim tarasem hotelowym.<\/h5>\n<\/blockquote>\n<p>[\/vc_column_text][\/vc_column][\/vc_row][vc_row full_width=&#8221;stretch_row&#8221; css=&#8221;.bg-parallax{background-image: url(&#8217;\/wp-content\/uploads\/2016\/07\/restauracja-tlo00.jpg&#8217;) !important; background-size: cover; overflow: hidden;}&#8221;][vc_column][vc_empty_space height=&#8221;300px&#8221;][\/vc_column][\/vc_row]<\/p>\n<p>[vc_row][vc_column width=&#8221;1\/2&#8243; css=&#8221;.vc_custom_1448336576950{padding-top: 35px !important;padding-bottom: 15px !important;}&#8221;][vc_column_text]<\/p>\n<p style=\"text-align: justify;\"><img loading=\"lazy\" decoding=\"async\" class=\"aligncenter wp-image-1626 size-full\" src=\"http:\/\/www.hotelresidence.pl\/wp-content\/uploads\/2016\/07\/restauracja-nadmorzem-01.jpg\" width=\"942\" height=\"435\" srcset=\"https:\/\/hotelresidence.pl\/wp-content\/uploads\/2016\/07\/restauracja-nadmorzem-01.jpg 942w, https:\/\/hotelresidence.pl\/wp-content\/uploads\/2016\/07\/restauracja-nadmorzem-01-370x171.jpg 370w, https:\/\/hotelresidence.pl\/wp-content\/uploads\/2016\/07\/restauracja-nadmorzem-01-768x355.jpg 768w\" sizes=\"(max-width: 942px) 100vw, 942px\" \/><\/p>\n<p>W Hotelowej <strong>restauracji &#8222;Rycerska&#8221;<\/strong> serwowane s\u0105 dania kuchni polskiej, w menu znajduj\u0105 si\u0119 r\u00f3wnie\u017c posi\u0142ki z r\u00f3\u017cnych stron \u015bwiata oraz dania dietetyczne. Dla smakoszy mog\u0105 pojawi\u0107 si\u0119 dania ze \u015bwie\u017co z\u0142owionych ryb lub oryginalny d\u00f6ner kebab. Tutaj te\u017c podawane s\u0105 \u015bniadania w formie bogatego bufetu szwedzkiego.<br \/>\nW Restauracji organizowane s\u0105\u00a0<strong> bankiety, wesela, imprezy okoliczno\u015bciowe oraz spotkania biznesowe.<\/strong><\/p>\n<p>&nbsp;<\/p>\n<p><img loading=\"lazy\" decoding=\"async\" class=\"aligncenter wp-image-1629 size-full\" src=\"http:\/\/www.hotelresidence.pl\/wp-content\/uploads\/2016\/07\/restauracja-nadmorzem-03.jpg\" width=\"942\" height=\"435\" srcset=\"https:\/\/hotelresidence.pl\/wp-content\/uploads\/2016\/07\/restauracja-nadmorzem-03.jpg 942w, https:\/\/hotelresidence.pl\/wp-content\/uploads\/2016\/07\/restauracja-nadmorzem-03-370x171.jpg 370w, https:\/\/hotelresidence.pl\/wp-content\/uploads\/2016\/07\/restauracja-nadmorzem-03-768x355.jpg 768w\" sizes=\"(max-width: 942px) 100vw, 942px\" \/><\/p>\n<p style=\"text-align: justify;\">[\/vc_column_text][\/vc_column][vc_column width=&#8221;1\/2&#8243; css=&#8221;.vc_custom_1448340659656{padding-top: 70px !important;padding-bottom: 100px !important;padding-left: 80px !important;background-color: #e2e2e2 !important;}&#8221;][vc_column_text el_class=&#8221;.droid-font&#8221;]<\/p>\n<p><img loading=\"lazy\" decoding=\"async\" class=\"wp-image-1641 size-full aligncenter\" src=\"http:\/\/www.hotelresidence.pl\/wp-content\/uploads\/2016\/07\/restauracja-hotel1.jpg\" width=\"435\" height=\"614\" srcset=\"https:\/\/hotelresidence.pl\/wp-content\/uploads\/2016\/07\/restauracja-hotel1.jpg 435w, https:\/\/hotelresidence.pl\/wp-content\/uploads\/2016\/07\/restauracja-hotel1-178x251.jpg 178w\" sizes=\"(max-width: 435px) 100vw, 435px\" \/><\/p>\n<p>[\/vc_column_text][\/vc_column][\/vc_row]<br \/>\n[vc_row][vc_column width=&#8221;12\/12&#8243;]<\/p>\n<blockquote><p>Posmakuj pysznych kaw z ca\u0142ego \u015bwiata, wypij fili\u017cank\u0119 znakomitej aromatycznej herbaty oraz skosztuj wybornych wypiek\u00f3w z hotelowej cukierni lub daj si\u0119 skusi\u0107 na znakomity deser.<\/p><\/blockquote>\n<p>[\/vc_column][\/vc_row]<br \/>\n[vc_row][vc_column width=&#8221;1\/2&#8243; css=&#8221;.vc_custom_1448340659656{padding-top: 60px !important;padding-bottom: 70px !important;padding-left: 80px !important; padding-right: 80px !important;background-color: #e2e2e2 !important;}&#8221;][vc_column_text el_class=&#8221;.droid-font&#8221;]<\/p>\n<h5><strong>Nasze atrakcyjne menu sprawia, i\u017c ka\u017cdy znajdzie tu co\u015b dla siebie. <\/strong><\/h5>\n<p><img loading=\"lazy\" decoding=\"async\" class=\"aligncenter wp-image-1635 size-full\" src=\"http:\/\/www.hotelresidence.pl\/wp-content\/uploads\/2016\/07\/restauracja-nadmorzem-05.jpg\" width=\"942\" height=\"435\" srcset=\"https:\/\/hotelresidence.pl\/wp-content\/uploads\/2016\/07\/restauracja-nadmorzem-05.jpg 942w, https:\/\/hotelresidence.pl\/wp-content\/uploads\/2016\/07\/restauracja-nadmorzem-05-370x171.jpg 370w, https:\/\/hotelresidence.pl\/wp-content\/uploads\/2016\/07\/restauracja-nadmorzem-05-768x355.jpg 768w\" sizes=\"(max-width: 942px) 100vw, 942px\" \/><\/p>\n<p>Wyj\u0105tkowym powodzeniem cieszy si\u0119 hotelowa <strong>kawiarnia z widokiem na morze<\/strong> .To idealne miejsce do sp\u0119dzenia czasu w gronie rodziny lub znajomych. Z panoramicznych okien\u00a0 rozpo\u015bciera si\u0119 niesamowity widok na rewalsk\u0105 pla\u017c\u0119.<\/p>\n<p><img loading=\"lazy\" decoding=\"async\" class=\"aligncenter wp-image-1447 size-full\" src=\"http:\/\/www.hotelresidence.pl\/wp-content\/uploads\/2015\/11\/kawiarnia-hotel.jpg\" width=\"942\" height=\"435\" srcset=\"https:\/\/hotelresidence.pl\/wp-content\/uploads\/2015\/11\/kawiarnia-hotel.jpg 942w, https:\/\/hotelresidence.pl\/wp-content\/uploads\/2015\/11\/kawiarnia-hotel-300x139.jpg 300w, https:\/\/hotelresidence.pl\/wp-content\/uploads\/2015\/11\/kawiarnia-hotel-768x355.jpg 768w\" sizes=\"(max-width: 942px) 100vw, 942px\" \/><\/p>\n<p>[\/vc_column_text][\/vc_column][vc_column width=&#8221;1\/2&#8243; css=&#8221;.vc_custom_1448336576950{padding-top: 35px !important;padding-bottom: 55px !important;}&#8221;][vc_column_text]<\/p>\n<h4 style=\"text-align: left;\"><strong>Drink bar<\/strong>, czynny do p\u00f3\u017anych godzin nocnych, proponuje alkohole z r\u00f3\u017cnych stron \u015bwiata, a barmani potrafi\u0105 wspi\u0105\u0107 si\u0119 na wy\u017cyny inwencji tw\u00f3rczej w komponowaniu doskona\u0142ych i orze\u017awiaj\u0105cych drink\u00f3w.<\/h4>\n<p><img loading=\"lazy\" decoding=\"async\" class=\"aligncenter wp-image-1627 size-full\" src=\"http:\/\/www.hotelresidence.pl\/wp-content\/uploads\/2016\/07\/restauracja-nadmorzem-02.jpg\" width=\"942\" height=\"435\" srcset=\"https:\/\/hotelresidence.pl\/wp-content\/uploads\/2016\/07\/restauracja-nadmorzem-02.jpg 942w, https:\/\/hotelresidence.pl\/wp-content\/uploads\/2016\/07\/restauracja-nadmorzem-02-370x171.jpg 370w, https:\/\/hotelresidence.pl\/wp-content\/uploads\/2016\/07\/restauracja-nadmorzem-02-768x355.jpg 768w\" sizes=\"(max-width: 942px) 100vw, 942px\" \/><\/p>\n<blockquote><p>Kawiarnia z widokiem na morze zaprasza na relaks<\/p><\/blockquote>\n<h5><img loading=\"lazy\" decoding=\"async\" class=\"wp-image-1633 size-full aligncenter\" src=\"http:\/\/www.hotelresidence.pl\/wp-content\/uploads\/2016\/07\/restauracja-nadmorzem-04-1.jpg\" width=\"942\" height=\"435\" srcset=\"https:\/\/hotelresidence.pl\/wp-content\/uploads\/2016\/07\/restauracja-nadmorzem-04-1.jpg 942w, https:\/\/hotelresidence.pl\/wp-content\/uploads\/2016\/07\/restauracja-nadmorzem-04-1-370x171.jpg 370w, https:\/\/hotelresidence.pl\/wp-content\/uploads\/2016\/07\/restauracja-nadmorzem-04-1-768x355.jpg 768w\" sizes=\"(max-width: 942px) 100vw, 942px\" \/><\/h5>\n<p>[\/vc_column_text][\/vc_column][\/vc_row]<\/p>\n<h5><\/h5>\n<p><\/p>","protected":false},"excerpt":{"rendered":"<p>&nbsp; [vc_row][vc_column][\/vc_column][\/vc_row][vc_row][vc_column width=&#8221;1\/2&#8243; css=&#8221;.vc_custom_1448336576950{padding-top: 35px !important;padding-bottom: 55px !important;}&#8221;][vc_column_text] RESTAURACJA RYCERSKA zaprasza na pyszne dania [\/vc_column_text][\/vc_column][vc_column width=&#8221;1\/2&#8243; css=&#8221;.vc_custom_1448340659656{padding-top: 60px !important;padding-bottom: 130px !important;padding-left: 80px !important; padding-right: 80px !important;background-color: #e2e2e2 !important;}&#8221;][vc_column_text el_class=&#8221;.droid-font&#8221;] Elegancka i przestronna restauracja Rycerska, z letnim tarasem hotelowym. [\/vc_column_text][\/vc_column][\/vc_row][vc_row full_width=&#8221;stretch_row&#8221; css=&#8221;.bg-parallax{background-image: url(&#8217;\/wp-content\/uploads\/2016\/07\/restauracja-tlo00.jpg&#8217;) !important; background-size: cover; overflow: hidden;}&#8221;][vc_column][vc_empty_space height=&#8221;300px&#8221;][\/vc_column][\/vc_row] [vc_row][vc_column width=&#8221;1\/2&#8243; css=&#8221;.vc_custom_1448336576950{padding-top: 35px !important;padding-bottom: 15px !important;}&#8221;][vc_column_text] [&hellip;]<\/p>\n","protected":false},"author":1,"featured_media":0,"parent":0,"menu_order":0,"comment_status":"closed","ping_status":"closed","template":"page-notitle.php","meta":{"footnotes":""},"_links":{"self":[{"href":"https:\/\/hotelresidence.pl\/pl\/wp-json\/wp\/v2\/pages\/1609"}],"collection":[{"href":"https:\/\/hotelresidence.pl\/pl\/wp-json\/wp\/v2\/pages"}],"about":[{"href":"https:\/\/hotelresidence.pl\/pl\/wp-json\/wp\/v2\/types\/page"}],"author":[{"embeddable":true,"href":"https:\/\/hotelresidence.pl\/pl\/wp-json\/wp\/v2\/users\/1"}],"replies":[{"embeddable":true,"href":"https:\/\/hotelresidence.pl\/pl\/wp-json\/wp\/v2\/comments?post=1609"}],"version-history":[{"count":31,"href":"https:\/\/hotelresidence.pl\/pl\/wp-json\/wp\/v2\/pages\/1609\/revisions"}],"predecessor-version":[{"id":2157,"href":"https:\/\/hotelresidence.pl\/pl\/wp-json\/wp\/v2\/pages\/1609\/revisions\/2157"}],"wp:attachment":[{"href":"https:\/\/hotelresidence.pl\/pl\/wp-json\/wp\/v2\/media?parent=1609"}],"curies":[{"name":"wp","href":"https:\/\/api.w.org\/{rel}","templated":true}]}}