{"id":1299,"date":"2016-07-06T16:59:28","date_gmt":"2016-07-06T14:59:28","guid":{"rendered":"http:\/\/www.new.hotelresidence.pl\/?page_id=1299"},"modified":"2024-05-10T13:53:05","modified_gmt":"2024-05-10T11:53:05","slug":"zwierze-w-hotelu","status":"publish","type":"page","link":"https:\/\/hotelresidence.pl\/pl\/zwierze-w-hotelu\/","title":{"rendered":"Zwierz\u0119 w hotelu"},"content":{"rendered":"<p>&nbsp;<\/p>\n<p>[vc_row][vc_column][\/vc_column][\/vc_row][vc_row][vc_column width=&#8221;1\/2&#8243; css=&#8221;.vc_custom_1448336576950{padding-top: 35px !important;padding-bottom: 0px !important;}&#8221;][vc_column_text]<\/p>\n<h1 class=\"sbig\">ZWIERZ\u0118 W HOTELU<\/h1>\n<h5>Przyjed\u017a do nas ze swoim pupilem<\/h5>\n<p><img loading=\"lazy\" decoding=\"async\" class=\"aligncenter wp-image-1301 size-full\" src=\"http:\/\/www.hotelresidence.pl\/wp-content\/uploads\/2016\/07\/zwierze.jpg\" width=\"942\" height=\"435\" srcset=\"https:\/\/hotelresidence.pl\/wp-content\/uploads\/2016\/07\/zwierze.jpg 942w, https:\/\/hotelresidence.pl\/wp-content\/uploads\/2016\/07\/zwierze-300x139.jpg 300w, https:\/\/hotelresidence.pl\/wp-content\/uploads\/2016\/07\/zwierze-768x355.jpg 768w\" sizes=\"(max-width: 942px) 100vw, 942px\" \/>[\/vc_column_text][\/vc_column][vc_column width=&#8221;1\/2&#8243; css=&#8221;.vc_custom_acdf{padding-top: 90px !important;padding-bottom: 90px !important;padding-left: 80px !important; padding-right: 80px !important;background-color: #e2e2e2 !important;}&#8221;][vc_column_text el_class=&#8221;.droid-font&#8221;]<\/p>\n<blockquote>\n<h5><strong>Hotel Residence przyjmuje Go\u015bci z ich ukochanymi pupilami, zwierz\u0119tami domowymi.<br \/>\n<\/strong><\/h5>\n<\/blockquote>\n<p>[vc_row][vc_column width=&#8221;1\/2&#8243; css=&#8221;.cytat_srodek{padding-top: 15px !important;padding-bottom: 15px !important;}&#8221;][vc_column_text]<br \/>\n[\/vc_column_text][\/vc_column][\/vc_row]<\/p>\n<blockquote><p><strong>\u00a0Zwi\u0105zana z pobytem zwierz\u0105t dodatkowa op\u0142ata wyszczeg\u00f3lniona jest w cenniku us\u0142ug.<\/strong><\/p><\/blockquote>\n<p>[vc_row][vc_column width=&#8221;1\/2&#8243; css=&#8221;.vc_custom_dsad{padding-top: 60px !important;padding-bottom: 70px !important;padding-left: 80px !important; padding-right: 80px !important;background-color: #e2e2e2 !important;}&#8221;][vc_column_text el_class=&#8221;.droid-font&#8221;]<\/p>\n<h5><strong>REZERWACJA<\/strong><\/h5>\n<p>Podstawowym warunkiem przyj\u0119cia pod nasz dach czworonoga jest zg\u0142oszenie przyjazdu Go\u015bci ze zwierz\u0119ciem w momencie rezerwacji. To konieczno\u015b\u0107, wynikaj\u0105ca z ograniczonej liczby pokoi przeznaczonych do pobytu zwierz\u0105t. Nieuprzedzeni o towarzysz\u0105cych Go\u015bciom zwierz\u0119tach mo\u017cemy nie zapewni\u0107 wolnego pokoju i nie wyrazi\u0107 zgody na pobyt zwierz\u0119cia.<\/p>\n<h5><strong>ZDROWIE<\/strong><\/h5>\n<p>Pobyt zwierz\u0119cia w Hotelu warunkowany jest posiadaniem jego <strong>ksi\u0105\u017ceczki zdrowia<\/strong> z aktualnymi szczepieniami i po\u015bwiadczeniem odrobaczenia. W przypadku jej braku personel recepcji udost\u0119pni Go\u015bciom numer telefonu najbli\u017cszego weterynarza.<\/p>\n<p>[\/vc_column_text][\/vc_column][vc_column width=&#8221;1\/2&#8243; css=&#8221;.vc_custom_wwsj{padding-top: 35px !important;padding-bottom: 55px !important;}&#8221;][vc_column_text]<\/p>\n<h4 style=\"text-align: left;\"><strong>CZYSTO\u015a\u0106<\/strong><\/h4>\n<p>W\u0142a\u015bcicieli zwierz\u0105t obowi\u0105zuj\u0105 powszechne zasady:<br \/>\n&#8211; zabrania si\u0119 wprowadzania zwierz\u0105t do punkt\u00f3w gastronomicznych, rekreacyjnych oraz na teren placu zabaw dla dzieci, a w miejscach og\u00f3lnodost\u0119pnych maj\u0105 obowi\u0105zek trzymania psa na smyczy;<br \/>\n&#8211; na terenie otaczaj\u0105cym Hotel w\u0142a\u015bciciel jest obowi\u0105zany sprz\u0105ta\u0107 odchody pozostawione przez swoje zwierz\u0119.<\/p>\n<blockquote>\n<h5>Hotel <strong>nie przyjmuje zwierz\u0105t chorych<\/strong><\/h5>\n<\/blockquote>\n<h5><\/h5>\n<p>[\/vc_column_text][\/vc_column][\/vc_row]<\/p>\n<h5><\/h5>\n<p><\/p>","protected":false},"excerpt":{"rendered":"<p>&nbsp; [vc_row][vc_column][\/vc_column][\/vc_row][vc_row][vc_column width=&#8221;1\/2&#8243; css=&#8221;.vc_custom_1448336576950{padding-top: 35px !important;padding-bottom: 0px !important;}&#8221;][vc_column_text] ZWIERZ\u0118 W HOTELU Przyjed\u017a do nas ze swoim pupilem [\/vc_column_text][\/vc_column][vc_column width=&#8221;1\/2&#8243; css=&#8221;.vc_custom_acdf{padding-top: 90px !important;padding-bottom: 90px !important;padding-left: 80px !important; padding-right: 80px !important;background-color: #e2e2e2 !important;}&#8221;][vc_column_text el_class=&#8221;.droid-font&#8221;] Hotel Residence przyjmuje Go\u015bci z ich ukochanymi pupilami, zwierz\u0119tami domowymi. [vc_row][vc_column width=&#8221;1\/2&#8243; css=&#8221;.cytat_srodek{padding-top: 15px !important;padding-bottom: 15px !important;}&#8221;][vc_column_text] [\/vc_column_text][\/vc_column][\/vc_row] \u00a0Zwi\u0105zana z pobytem zwierz\u0105t dodatkowa [&hellip;]<\/p>\n","protected":false},"author":1,"featured_media":0,"parent":0,"menu_order":0,"comment_status":"closed","ping_status":"closed","template":"page-notitle.php","meta":{"footnotes":""},"_links":{"self":[{"href":"https:\/\/hotelresidence.pl\/pl\/wp-json\/wp\/v2\/pages\/1299"}],"collection":[{"href":"https:\/\/hotelresidence.pl\/pl\/wp-json\/wp\/v2\/pages"}],"about":[{"href":"https:\/\/hotelresidence.pl\/pl\/wp-json\/wp\/v2\/types\/page"}],"author":[{"embeddable":true,"href":"https:\/\/hotelresidence.pl\/pl\/wp-json\/wp\/v2\/users\/1"}],"replies":[{"embeddable":true,"href":"https:\/\/hotelresidence.pl\/pl\/wp-json\/wp\/v2\/comments?post=1299"}],"version-history":[{"count":15,"href":"https:\/\/hotelresidence.pl\/pl\/wp-json\/wp\/v2\/pages\/1299\/revisions"}],"predecessor-version":[{"id":2166,"href":"https:\/\/hotelresidence.pl\/pl\/wp-json\/wp\/v2\/pages\/1299\/revisions\/2166"}],"wp:attachment":[{"href":"https:\/\/hotelresidence.pl\/pl\/wp-json\/wp\/v2\/media?parent=1299"}],"curies":[{"name":"wp","href":"https:\/\/api.w.org\/{rel}","templated":true}]}}