{"id":1185,"date":"2016-07-06T10:48:27","date_gmt":"2016-07-06T08:48:27","guid":{"rendered":"http:\/\/www.new.hotelresidence.pl\/?page_id=1185"},"modified":"2026-04-24T16:22:41","modified_gmt":"2026-04-24T14:22:41","slug":"dziecko-w-hotelu","status":"publish","type":"page","link":"https:\/\/hotelresidence.pl\/pl\/dziecko-w-hotelu\/","title":{"rendered":"Dziecko w hotelu"},"content":{"rendered":"<p>[vc_row full_width=&#8221;stretch_row&#8221; css=&#8221;.bg-parallax{background-image: url(&#8217;\/wp-content\/uploads\/2016\/07\/dziecko-gora.jpg&#8217;) !important; background-size: cover; overflow: hidden;}&#8221;][vc_column][vc_empty_space height=&#8221;300px&#8221;][\/vc_column][\/vc_row]<\/p>\n<p>[vc_row][vc_column][\/vc_column][\/vc_row][vc_row][vc_column width=&#8221;1\/2&#8243; css=&#8221;.vc_custom_1448336576950{padding-top: 35px !important;padding-bottom: 0px !important;}&#8221;][vc_column_text]<\/p>\n<h1 class=\"sbig\">DZIECKO W HOTELU<\/h1>\n<h5>Chcemy, aby ten niepowtarzalny czas wypoczynku sp\u0119dzony wsp\u00f3lnie z dzieckiem, by\u0142 wyj\u0105tkowy i niezapomniany.<\/h5>\n<p><img loading=\"lazy\" decoding=\"async\" class=\"aligncenter wp-image-1221 size-full\" src=\"http:\/\/www.hotelresidence.pl\/wp-content\/uploads\/2016\/07\/dziecko.jpg\" width=\"942\" height=\"435\" srcset=\"https:\/\/hotelresidence.pl\/wp-content\/uploads\/2016\/07\/dziecko.jpg 942w, https:\/\/hotelresidence.pl\/wp-content\/uploads\/2016\/07\/dziecko-300x139.jpg 300w, https:\/\/hotelresidence.pl\/wp-content\/uploads\/2016\/07\/dziecko-768x355.jpg 768w\" sizes=\"(max-width: 942px) 100vw, 942px\" \/>[\/vc_column_text][\/vc_column][vc_column width=&#8221;1\/2&#8243; css=&#8221;.vc_custom_acdf{padding-top: 90px !important;padding-bottom: 90px !important;padding-left: 80px !important; padding-right: 80px !important;background-color: #e2e2e2 !important;}&#8221;][vc_column_text el_class=&#8221;.droid-font&#8221;]<\/p>\n<blockquote>\n<h5><strong>Zabiegamy o to, by <strong>Pa\u0144stwa<\/strong> urlop w naszym Hotelu by\u0142 udany.<br \/>\nNie zapominamy o dzieciach, po\u015bwi\u0119caj\u0105c ich wygodzie sporo uwagi.<\/strong><\/h5>\n<\/blockquote>\n<p>&nbsp;<\/p>\n<p>[vc_row][vc_column width=&#8221;1\/2&#8243; css=&#8221;.cytat_srodek{padding-top: 15px !important;padding-bottom: 15px !important;}&#8221;][vc_column_text]<br \/>\n[\/vc_column_text][\/vc_column][\/vc_row]<\/p>\n<blockquote><p><strong>By cieszy\u0107 si\u0119 urokiem wsp\u00f3lnie sp\u0119dzonych chwil:<br \/>\n<\/strong><\/p><\/blockquote>\n<p>[vc_row][vc_column width=&#8221;1\/2&#8243; css=&#8221;.vc_custom_dsad{padding-top: 60px !important;padding-bottom: 70px !important;padding-left: 80px !important; padding-right: 80px !important;background-color: #e2e2e2 !important;}&#8221;][vc_column_text el_class=&#8221;.droid-font&#8221;]<\/p>\n<h5><strong>RESTAURACJA<\/strong><\/h5>\n<p>Przygotowujemy \u015bniadania i dania obiadowe uwzgl\u0119dniaj\u0105ce potrzeby Pa\u0144stwa pociech. R\u00f3wnie\u017c kawiarnia\u00a0 przygotowuje szeroki wyb\u00f3r deser\u00f3w, lod\u00f3w i koktajli. Wszystkie sale wyposa\u017cone s\u0105 w krzese\u0142ka dla dzieci.<\/p>\n<h5><strong>POKOJE<\/strong><\/h5>\n<p>Mo\u017cliwe jest dodatkowe wyposa\u017cenie pokoju w \u0142\u00f3\u017ceczko dzieci\u0119ce.<br \/>\n<strong>Uwaga:<\/strong> dodatkowe wyposa\u017cenie pokoju nale\u017cy zg\u0142osi\u0107 minimum 7 dni przed rozpocz\u0119ciem pobytu, w przeciwnym razie wyposa\u017cenie uzale\u017cnione b\u0119dzie od dost\u0119pno\u015bci.<\/p>\n<h5><strong>PLAC ZABAW<br \/>\n<\/strong><\/h5>\n<p>Na terenie ogrodu znajduje si\u0119 wydzielone miejsce do zabawy, oferuj\u0105ce zje\u017cd\u017calni\u0119, hu\u015btawk\u0119, drabinki, umilaj\u0105ce najm\u0142odszym pobyt na \u015bwie\u017cym powietrzu.<br \/>\n[\/vc_column_text][\/vc_column][vc_column width=&#8221;1\/2&#8243; css=&#8221;.vc_custom_wwsj{padding-top: 35px !important;padding-bottom: 55px !important;}&#8221;][vc_column_text]<\/p>\n<h4 style=\"text-align: left;\">R<strong>ECEPCJA<\/strong><\/h4>\n<blockquote>\n<h5>Personel sprawnie dokona rezerwacji oraz \u2013 na Pa\u0144stwa \u017cyczenie \u2013 poinformuje o aktualnych atrakcjach dla dzieci w okolicy.<br \/>\nW razie potrzeby udzieli te\u017c wa\u017cnych informacji dotycz\u0105cych lekarza, apteki, szpitala.<br \/>\nWska\u017ce miejsce do przechowania w\u00f3zka.<br \/>\nNa ka\u017cde \u017cyczenie przygotuje gor\u0105c\u0105 wod\u0119.<\/h5>\n<\/blockquote>\n<h5><img loading=\"lazy\" decoding=\"async\" class=\"aligncenter wp-image-1228 size-full\" src=\"http:\/\/www.hotelresidence.pl\/wp-content\/uploads\/2016\/07\/dziecko11.jpg\" width=\"942\" height=\"435\" srcset=\"https:\/\/hotelresidence.pl\/wp-content\/uploads\/2016\/07\/dziecko11.jpg 942w, https:\/\/hotelresidence.pl\/wp-content\/uploads\/2016\/07\/dziecko11-300x139.jpg 300w, https:\/\/hotelresidence.pl\/wp-content\/uploads\/2016\/07\/dziecko11-768x355.jpg 768w\" sizes=\"(max-width: 942px) 100vw, 942px\" \/><\/h5>\n<p>[\/vc_column_text][\/vc_column][\/vc_row]<\/p>\n<h5><\/h5>\n<p><\/p>","protected":false},"excerpt":{"rendered":"<p>[vc_row full_width=&#8221;stretch_row&#8221; css=&#8221;.bg-parallax{background-image: url(&#8217;\/wp-content\/uploads\/2016\/07\/dziecko-gora.jpg&#8217;) !important; background-size: cover; overflow: hidden;}&#8221;][vc_column][vc_empty_space height=&#8221;300px&#8221;][\/vc_column][\/vc_row] [vc_row][vc_column][\/vc_column][\/vc_row][vc_row][vc_column width=&#8221;1\/2&#8243; css=&#8221;.vc_custom_1448336576950{padding-top: 35px !important;padding-bottom: 0px !important;}&#8221;][vc_column_text] DZIECKO W HOTELU Chcemy, aby ten niepowtarzalny czas wypoczynku sp\u0119dzony wsp\u00f3lnie z dzieckiem, by\u0142 wyj\u0105tkowy i niezapomniany. [\/vc_column_text][\/vc_column][vc_column width=&#8221;1\/2&#8243; css=&#8221;.vc_custom_acdf{padding-top: 90px !important;padding-bottom: 90px !important;padding-left: 80px !important; padding-right: 80px !important;background-color: #e2e2e2 !important;}&#8221;][vc_column_text el_class=&#8221;.droid-font&#8221;] Zabiegamy o to, by Pa\u0144stwa urlop [&hellip;]<\/p>\n","protected":false},"author":1,"featured_media":0,"parent":0,"menu_order":0,"comment_status":"closed","ping_status":"closed","template":"","meta":{"footnotes":""},"_links":{"self":[{"href":"https:\/\/hotelresidence.pl\/pl\/wp-json\/wp\/v2\/pages\/1185"}],"collection":[{"href":"https:\/\/hotelresidence.pl\/pl\/wp-json\/wp\/v2\/pages"}],"about":[{"href":"https:\/\/hotelresidence.pl\/pl\/wp-json\/wp\/v2\/types\/page"}],"author":[{"embeddable":true,"href":"https:\/\/hotelresidence.pl\/pl\/wp-json\/wp\/v2\/users\/1"}],"replies":[{"embeddable":true,"href":"https:\/\/hotelresidence.pl\/pl\/wp-json\/wp\/v2\/comments?post=1185"}],"version-history":[{"count":85,"href":"https:\/\/hotelresidence.pl\/pl\/wp-json\/wp\/v2\/pages\/1185\/revisions"}],"predecessor-version":[{"id":2346,"href":"https:\/\/hotelresidence.pl\/pl\/wp-json\/wp\/v2\/pages\/1185\/revisions\/2346"}],"wp:attachment":[{"href":"https:\/\/hotelresidence.pl\/pl\/wp-json\/wp\/v2\/media?parent=1185"}],"curies":[{"name":"wp","href":"https:\/\/api.w.org\/{rel}","templated":true}]}}