{"id":1040,"date":"2016-07-05T09:06:37","date_gmt":"2016-07-05T07:06:37","guid":{"rendered":"http:\/\/www.new.hotelresidence.pl\/?page_id=1040"},"modified":"2026-03-12T20:13:12","modified_gmt":"2026-03-12T19:13:12","slug":"regulamin","status":"publish","type":"page","link":"https:\/\/hotelresidence.pl\/pl\/regulamin\/","title":{"rendered":"Regulamin"},"content":{"rendered":"<pre class=\"wp-block-code\"><code><\/code><\/pre>\n\n\n<p>[vc_row][vc_column][\/vc_column][\/vc_row][vc_row][vc_column width=&#8221;1\/2&#8243; css=&#8221;.vc_custom_1448336576950{padding-top: 35px !important;padding-bottom: 55px !important;}&#8221;][vc_column_text]<\/p>\n<h2 class=\"residence-postheader\">REGULAMIN HOTELU RESIDENCE<\/h2>\n<p style=\"text-align: justify;\">1. Pomieszczenia mieszkalne w hotelu wynajmowane s\u0105 na doby przez najemc\u00f3w zwanych dalej &#8222;Go\u015b\u0107mi&#8221;.<\/p>\n<p style=\"text-align: justify;\">2. Doba hotelowa zaczyna si\u0119 o godzinie 15:00 i ko\u0144czy o godzinie 10:00 nast\u0119pnego dnia. Je\u017celi Go\u015b\u0107 najmuj\u0105c pok\u00f3j nie okre\u015bli czasu pobytu, przyjmuje si\u0119, \u017ce jest to jedna doba.<\/p>\n<p style=\"text-align: justify;\">3. \u017byczenie przed\u0142u\u017cenia pobytu poza okres wskazany w dniu przybycia Go\u015b\u0107 powinien zg\u0142osi\u0107 w recepcji do godziny 10:00 dnia, w kt\u00f3rym up\u0142ywa termin najmu pokoju. Hotel uwzgl\u0119dnia \u017cyczenia przed\u0142u\u017cenia pobytu w miar\u0119 mo\u017cliwo\u015bci i je\u015bli dysponuje wolnymi miejscami.<\/p>\n<p style=\"text-align: justify;\">[\/vc_column_text][\/vc_column][vc_column width=&#8221;1\/2&#8243; css=&#8221;.vc_custom_1448340659656{padding-top: 60px !important;padding-bottom: 130px !important;padding-left: 80px !important;background-color: #e2e2e2 !important;}&#8221;][vc_column_text el_class=&#8221;.droid-font&#8221;]<\/p>\n<p style=\"text-align: justify;\">4. Zatrzymanie pokoju po godzinie 10:00 jest traktowane jako przed\u0142u\u017cenie pobytu\u00a0o kolejn\u0105 dob\u0119. W przypadku, kiedy Go\u015b\u0107 opu\u015bci pok\u00f3j do godziny 15:00, naliczona zostaje op\u0142ata za p\u00f3\u0142 doby. Nie opuszczenie pokoju do godziny 15:00 powoduje naliczenie op\u0142aty za ca\u0142\u0105 dob\u0119.<\/p>\n<p style=\"text-align: justify;\">5. Przy ka\u017cdorazowym opuszczeniu hotelu klucz do drzwi pokoju, po ich zamkni\u0119ciu, nale\u017cy pozostawi\u0107 w recepcji.<\/p>\n<p style=\"text-align: justify;\">6. Go\u015b\u0107 nie mo\u017ce przekazywa\u0107 pokoju innym osobom, tak\u017ce w czasie trwania jego wynajmu.<\/p>\n<p>[\/vc_column_text][\/vc_column][\/vc_row][vc_row full_width=&#8221;stretch_row&#8221; css=&#8221;.bg-parallax{background-image: url(&#8217;\/wp-content\/uploads\/2015\/12\/3S4A6349.jpg&#8217;) !important; background-size: cover; overflow: hidden;}&#8221;][vc_column][vc_empty_space height=&#8221;300px&#8221;][\/vc_column][\/vc_row][vc_row full_width=&#8221;stretch_row&#8221; css=&#8221;.vc_custom_1446803941606{background-color: #ffffff !important;}&#8221;][vc_column css=&#8221;.vc_custom_1446803925823{padding-top: 0px !important;padding-bottom: 0px !important;}&#8221;][vc_column_text]<\/p>\n<p>[vc_row][vc_column][\/vc_column][\/vc_row][vc_row][vc_column width=&#8221;1\/2&#8243; css=&#8221;.vc_custom_1448336576950{padding-top: 35px !important;padding-bottom: 55px !important;}&#8221;][vc_column_text]<\/p>\n<p style=\"text-align: justify;\">7. Osoby niezameldowane w hotelu mog\u0105 przebywa\u0107 w pokoju w godzinach od 7:00 do 22:00.<\/p>\n<p style=\"text-align: justify;\">8. Hotel mo\u017ce odm\u00f3wi\u0107 przyj\u0119cia Go\u015bcia, kt\u00f3ry podczas poprzedniego pobytu ra\u017c\u0105co naruszy\u0142 niniejszy regulamin wyrz\u0105dzaj\u0105c szkod\u0119 w mieniu hotelowym lub Go\u015bci, albo szkod\u0119 na osobie dotycz\u0105c\u0105 Go\u015bci, pracownik\u00f3w hotelu lub innych os\u00f3b.<\/p>\n<p style=\"text-align: justify;\">9. Hotel \u015bwiadczy us\u0142ugi zgodnie ze swoj\u0105 kategori\u0105. W przypadku zastrze\u017ce\u0144 co do jako\u015bci us\u0142ug Go\u015b\u0107 jest proszony o zg\u0142oszenie ich w recepcji.<\/p>\n<p style=\"text-align: justify;\">10. Hotel nie ponosi odpowiedzialno\u015bci z tytu\u0142u utraty lub uszkodzenia pieni\u0119dzy, papier\u00f3w warto\u015bciowych, pojazd\u00f3w, kosztowno\u015bci, innych rzeczy i przedmiot\u00f3w warto\u015bciowych albo przedmiot\u00f3w maj\u0105cych warto\u015b\u0107 naukow\u0105 lub artystyczn\u0105.<\/p>\n<p style=\"text-align: justify;\">11. W hotelu obowi\u0105zuje cisza w godzinach od 22:00 do 6:00\u00a0 i w tym czasie osoby korzystaj\u0105ce z us\u0142ug maj\u0105 obowi\u0105zek tak si\u0119 zachowywa\u0107, by nie zak\u0142\u00f3ca\u0107 spokoju innych Go\u015bci.<\/p>\n<p style=\"text-align: justify;\">12. Ze wzgl\u0119du na bezpiecze\u0144stwo przeciwpo\u017carowe zabronione jest u\u017cywanie w pokojach grza\u0142ek, \u017celazek i innych urz\u0105dze\u0144 elektrycznych niestanowi\u0105cych wyposa\u017cenia pokoju. Nie dotyczy to \u0142adowarek i zasilaczy urz\u0105dze\u0144 RTV oraz komputerowych. Go\u015bciowi nie wolno wyrzuca\u0107 niedopa\u0142k\u00f3w od papieros\u00f3w i zu\u017cytych zapa\u0142ek do kosza na odpadki, wnosi\u0107 i przechowywa\u0107 materia\u0142y \u0142atwopalne, \u017cr\u0105ce lub wydzielaj\u0105ce przykr\u0105 wo\u0144, pali\u0107 papieros\u00f3w w pokoju i w innych pomieszczeniach hotelowych.<\/p>\n<p style=\"text-align: justify;\">13. Przed opuszczeniem pokoju lub po\u0142o\u017ceniem si\u0119 do snu Go\u015b\u0107 powinien zamkn\u0105\u0107 krany instalacji wodoci\u0105gowej, zamkn\u0105\u0107 okno lub je unieruchomi\u0107 w celu zabezpieczenia przed uszkodzeniem na wypadek burzy, wichury lub innych zjawisk atmosferycznych, wy\u0142\u0105czy\u0107 urz\u0105dzenia pobieraj\u0105ce pr\u0105d elektryczny.<\/p>\n<p style=\"text-align: justify;\">14. Go\u015b\u0107 ponosi pe\u0142n\u0105 odpowiedzialno\u015b\u0107 materialn\u0105 za wszelkiego rodzaju uszkodzenia lub zniszczenia przedmiot\u00f3w, wyposa\u017cenia i urz\u0105dze\u0144 technicznych powsta\u0142e ze jego winy lub winy odwiedzaj\u0105cych go os\u00f3b.<\/p>\n<p style=\"text-align: justify;\">[\/vc_column_text][\/vc_column][vc_column width=&#8221;1\/2&#8243; css=&#8221;.vc_custom_1448340659656{padding-top: 60px !important;padding-bottom: 130px !important;padding-left: 80px !important;background-color: #e2e2e2 !important;}&#8221;][vc_column_text el_class=&#8221;.droid-font&#8221;]<\/p>\n<p style=\"text-align: justify;\">15. W przypadku naruszenia postanowie\u0144 regulaminu hotel mo\u017ce odm\u00f3wi\u0107 dalszego \u015bwiadczenia us\u0142ug osobie, kt\u00f3ra je narusza. Osoba taka zobowi\u0105zana jest do niezw\u0142ocznego zastosowania si\u0119 do \u017c\u0105da\u0144 personelu lub kierownictwa hotelu, \u00a0w szczeg\u00f3lno\u015bci zap\u0142aty za poczynione uszkodzenia i zniszczenia oraz opuszczenia terenu hotelu.<\/p>\n<p style=\"text-align: justify;\">16. Przedmioty osobistego u\u017cytku pozostawione w pokoju przez wyje\u017cd\u017caj\u0105cego Go\u015bcia b\u0119d\u0105 odes\u0142ane na jego koszt pod wskazany adres. W przypadku braku dyspozycji hotel przechowa przedmioty przez 3 miesi\u0105ce, a nast\u0119pnie przeka\u017ce na cele charytatywne lub do u\u017cytku publicznego.<\/p>\n<p style=\"text-align: justify;\">17. Rozliczenie za pobyt nast\u0119puje pierwszego dnia. Hotel nie zwraca wp\u0142aconych kwot nale\u017cnych tytu\u0142em zarezerwowanego terminu wypoczynku.<\/p>\n<p style=\"text-align: justify;\">18. Je\u015bli hotel poniesie znaczne straty z powodu niezrealizowanej rezerwacji, Go\u015b\u0107, kt\u00f3ry tej rezerwacji dokona\u0142 mo\u017ce by\u0107 zobowi\u0105zany do uiszczenia rekompensaty w wysoko\u015bci do 50% ceny wynajmu pokoju.<\/p>\n<p style=\"text-align: justify;\">19. Napoje i inne produkty znajduj\u0105ce si\u0119 w minibarach s\u0105 dodatkowo p\u0142atne. Aktualne cenniki dotycz\u0105ce tej us\u0142ugi znajd\u0105 Pa\u0144stwo w materia\u0142ach informacyjnych umieszczonych w pokojach lub w recepcji hotelu.<\/p>\n<p style=\"text-align: justify;\">20. Obs\u0142uga hotelowa posprz\u0105ta lub wymieni r\u0119czniki w pokoju hotelowym na Pa\u0144stwa \u017cyczenie, wyra\u017cone w formie wywieszki na zewn\u0119trznej stronie drzwi pokoju lub zg\u0142oszone w hotelowej recepcji. Bez wyra\u017anego \u017cyczenia Go\u015bci, obs\u0142uga hotelowa nie wchodzi do pokoju przez ca\u0142y okres ich pobytu w naszym hotelu.<\/p>\n<p>[\/vc_column_text][\/vc_column][\/vc_row]<\/p>\n<h2 style=\"text-align: center;\">Przekazuj\u0105c niniejszy regulamin do wiadomo\u015bci Szanownych Go\u015bci,<br \/>\n\u017cyczymy mi\u0142ego pobytu w naszym hotelu.<\/h2>\n<p><\/p>\n\n\n<p><\/p>","protected":false},"excerpt":{"rendered":"<p>[vc_row][vc_column][\/vc_column][\/vc_row][vc_row][vc_column width=&#8221;1\/2&#8243; css=&#8221;.vc_custom_1448336576950{padding-top: 35px !important;padding-bottom: 55px !important;}&#8221;][vc_column_text] REGULAMIN HOTELU RESIDENCE 1. Pomieszczenia mieszkalne w hotelu wynajmowane s\u0105 na doby przez najemc\u00f3w zwanych dalej &#8222;Go\u015b\u0107mi&#8221;. 2. Doba hotelowa zaczyna si\u0119 o godzinie 15:00 i ko\u0144czy o godzinie 10:00 nast\u0119pnego dnia. Je\u017celi Go\u015b\u0107 najmuj\u0105c pok\u00f3j nie okre\u015bli czasu pobytu, przyjmuje si\u0119, \u017ce jest to jedna doba. 3. [&hellip;]<\/p>\n","protected":false},"author":1,"featured_media":0,"parent":0,"menu_order":0,"comment_status":"closed","ping_status":"closed","template":"page-notitle.php","meta":{"footnotes":""},"_links":{"self":[{"href":"https:\/\/hotelresidence.pl\/pl\/wp-json\/wp\/v2\/pages\/1040"}],"collection":[{"href":"https:\/\/hotelresidence.pl\/pl\/wp-json\/wp\/v2\/pages"}],"about":[{"href":"https:\/\/hotelresidence.pl\/pl\/wp-json\/wp\/v2\/types\/page"}],"author":[{"embeddable":true,"href":"https:\/\/hotelresidence.pl\/pl\/wp-json\/wp\/v2\/users\/1"}],"replies":[{"embeddable":true,"href":"https:\/\/hotelresidence.pl\/pl\/wp-json\/wp\/v2\/comments?post=1040"}],"version-history":[{"count":29,"href":"https:\/\/hotelresidence.pl\/pl\/wp-json\/wp\/v2\/pages\/1040\/revisions"}],"predecessor-version":[{"id":2322,"href":"https:\/\/hotelresidence.pl\/pl\/wp-json\/wp\/v2\/pages\/1040\/revisions\/2322"}],"wp:attachment":[{"href":"https:\/\/hotelresidence.pl\/pl\/wp-json\/wp\/v2\/media?parent=1040"}],"curies":[{"name":"wp","href":"https:\/\/api.w.org\/{rel}","templated":true}]}}