{"id":795,"date":"2016-07-04T13:36:35","date_gmt":"2016-07-04T11:36:35","guid":{"rendered":"http:\/\/www.new.hotelresidence.pl\/?page_id=795"},"modified":"2016-10-13T20:12:27","modified_gmt":"2016-10-13T18:12:27","slug":"atrakcje","status":"publish","type":"page","link":"https:\/\/hotelresidence.pl\/en\/things-to-do-in-rewal\/","title":{"rendered":"Things to do In Rewal"},"content":{"rendered":"<p>[vc_row][vc_column][\/vc_column][\/vc_row][vc_row][vc_column width=&#8221;1\/2&#8243; css=&#8221;.vc_custom_1448336576950{padding-top: 35px !important;padding-bottom: 55px !important;}&#8221;][vc_column_text]<\/p>\n<h1 class=\"sbig\"><strong>All routes lead to Rewal\u2026<\/strong><\/h1>\n<h5>Rewal and nearby areas have to offer. It\u2019s worth mentioning about the attractive location. Easy access location let visitors explore the district on foot or by bicycle.<\/h5>\n<p style=\"text-align: justify;\">[\/vc_column_text][\/vc_column][vc_column width=&#8221;1\/2&#8243; css=&#8221;.vc_custom_1448340659656{padding-top: 60px !important;padding-bottom: 130px !important;padding-left: 80px !important;background-color: #e2e2e2 !important;}&#8221;][vc_column_text el_class=&#8221;.droid-font&#8221;]Close distance has to be overcome to get to Kamien Pomorski with its places of interest such as the Cathedral or Festival of Organ Music. Other nearby situated towns like Kolobrzeg, Trzebiatow or Gryfice has to offer a lot of fascinating monuments. In Miedzyzdroje sightseers can attend to an Annual Star Festival, visit Wolin\u2019s National Park or join the Viking Festival in Wolin. From close by Goleniow airport tourists can take a flight to other European countries. For sea passion travelers Swinoujscie offers a ferry sea trips to Copenhagen, Malm\u00f6, Ystad or Bornholm Island<\/p>\n<p>[\/vc_column_text][\/vc_column][\/vc_row][vc_row full_width=&#8221;stretch_row&#8221; parallax=&#8221;content-moving-fade&#8221; parallax_image=&#8221;0&#8243; css=&#8221;.vc_custom_1448954381233{background-image: url(http:\/\/www.hotelresidence.pl\/wp-content\/uploads\/2016\/07\/tlo-atrakcje.jpg) !important;background-position: center;background-repeat: no-repeat !important;background-size: cover !important;}&#8221;][vc_column][vc_empty_space height=&#8221;400px&#8221;][\/vc_column][\/vc_row][vc_row full_width=&#8221;stretch_row&#8221; css=&#8221;.vc_custom_1446803941606{background-color: #ffffff !important;}&#8221;][vc_column css=&#8221;.vc_custom_1446803925823{padding-top: 0px !important;padding-bottom: 0px !important;}&#8221;][vc_column_text]<\/p>\n<p>[vc_row][vc_column][\/vc_column][\/vc_row][vc_row][vc_column width=&#8221;1\/2&#8243; css=&#8221;.vc_custom_1448336576950{padding-top: 35px !important;padding-bottom: 55px !important;}&#8221;][vc_column_text]<\/p>\n<h1 class=\"sbig\"><strong>Please check out our brief guide to the local area.<\/strong><\/h1>\n<h5>Ale i na terenie samej gminy Rewal jest wiele do zobaczenia; nie sam\u0105 pla\u017c\u0105 wszak cz\u0142owiek \u017cyje. Oto kr\u00f3tki przewodnik po okolicy.<\/h5>\n<h3><strong>Trz\u0119sacz:<\/strong><\/h3>\n<p style=\"text-align: justify;\"><strong><img loading=\"lazy\" decoding=\"async\" class=\"alignright wp-image-522\" src=\"http:\/\/www.hotelresidence.pl\/wp-content\/uploads\/2015\/12\/03-gmina-rewal-300x191.jpg\" alt=\"03-gmina-rewal\" width=\"350\" height=\"223\" srcset=\"https:\/\/hotelresidence.pl\/wp-content\/uploads\/2015\/12\/03-gmina-rewal-300x191.jpg 300w, https:\/\/hotelresidence.pl\/wp-content\/uploads\/2015\/12\/03-gmina-rewal-768x490.jpg 768w, https:\/\/hotelresidence.pl\/wp-content\/uploads\/2015\/12\/03-gmina-rewal.jpg 800w\" sizes=\"(max-width: 350px) 100vw, 350px\" \/><\/strong><strong>Church Ruins \u2013<\/strong> The main attraction is famous ancient church, which has been reduced over the ages to a lone southern wall called Ruins of the Church in Trz\u0119sacz. This monument is a leftover of the built between XIV and XV Gothic Church.<\/p>\n<p style=\"text-align: justify;\"><strong>Multimedia Museum on 15th Meridan \u2013<\/strong> Presents multimedia presentation of Trzesacz\u2019s over 1000 years old history. From the film, you can learn a lot about passing near the 15th meridian, and Gothic Church, which kept up the cliff, just above the sea additional you get information about history of Trzesacz and surrounding areas.<\/p>\n<p><strong>Neo-Gothic Church from 19th Century \u2013<\/strong> with its beaufitlly paineted altar in 1673 by\u00a0 Joachim Sellin.<br \/>\n<strong>Beach\u2019s Viewing platform &#8211;<\/strong> built at a height of 15 m and a length of over 42 m, near the ruins of the Church in Trz\u0119sacz.<\/p>\n<p>&nbsp;<\/p>\n<h3><strong>Niechorze<\/strong><\/h3>\n<p style=\"text-align: justify;\"><strong><img loading=\"lazy\" decoding=\"async\" class=\"wp-image-526 size-full aligncenter\" src=\"http:\/\/www.hotelresidence.pl\/wp-content\/uploads\/2015\/12\/rewal_01.jpg\" alt=\"rewal_01\" width=\"800\" height=\"533\" srcset=\"https:\/\/hotelresidence.pl\/wp-content\/uploads\/2015\/12\/rewal_01.jpg 800w, https:\/\/hotelresidence.pl\/wp-content\/uploads\/2015\/12\/rewal_01-300x200.jpg 300w, https:\/\/hotelresidence.pl\/wp-content\/uploads\/2015\/12\/rewal_01-768x512.jpg 768w\" sizes=\"(max-width: 800px) 100vw, 800px\" \/><\/strong><\/p>\n<p style=\"text-align: left;\"><strong>Lighthouse, 1866 \u2013<\/strong> registered to the monuments catalog under the number 1350. Situated directly on a high cliff coast of the Baltic Sea between the Kikut\u2019s Lighthouse (30 km), and Kolobrzeg\u2019s Lighthouse (34 km to the east). The lighthouse with its panoramic terrace is open to the public. The historic Fishing Houses from 18th and 19th Century &#8211; the remains of fishing village<br \/>\n<strong>The Fishing Museum &#8211;<\/strong> open to the public constantly since 1944, where you can see interesting marine artifacts and ancient art objects, from houses and farms of Baltic fishermen.<\/p>\n<p style=\"text-align: justify;\"><strong><img loading=\"lazy\" decoding=\"async\" class=\"wp-image-733 size-medium alignright\" src=\"http:\/\/www.hotelresidence.pl\/wp-content\/uploads\/2016\/07\/rewal-03-300x174.jpg\" alt=\"rewal-03\" width=\"300\" height=\"174\" srcset=\"https:\/\/hotelresidence.pl\/wp-content\/uploads\/2016\/07\/rewal-03-300x174.jpg 300w, https:\/\/hotelresidence.pl\/wp-content\/uploads\/2016\/07\/rewal-03-768x445.jpg 768w, https:\/\/hotelresidence.pl\/wp-content\/uploads\/2016\/07\/rewal-03.jpg 927w\" sizes=\"(max-width: 300px) 100vw, 300px\" \/><\/strong><\/p>\n<p><strong>Baltic Cross of Hope &#8211;<\/strong> A replica of the cross from Giewont,<\/p>\n<p><strong>Archaeological settlement in \u015aliwin<\/strong><\/p>\n<p style=\"text-align: justify;\"><strong><img loading=\"lazy\" decoding=\"async\" class=\"wp-image-798 size-medium alignright\" src=\"http:\/\/www.hotelresidence.pl\/wp-content\/uploads\/2016\/07\/gmina-rewal-01-300x156.jpg\" alt=\"gmina-rewal-01\" width=\"300\" height=\"156\" srcset=\"https:\/\/hotelresidence.pl\/wp-content\/uploads\/2016\/07\/gmina-rewal-01-300x156.jpg 300w, https:\/\/hotelresidence.pl\/wp-content\/uploads\/2016\/07\/gmina-rewal-01-768x400.jpg 768w, https:\/\/hotelresidence.pl\/wp-content\/uploads\/2016\/07\/gmina-rewal-01.jpg 960w\" sizes=\"(max-width: 300px) 100vw, 300px\" \/><\/strong><\/p>\n<p style=\"text-align: justify;\"><strong><br \/>\n<\/strong><\/p>\n<h3><strong>Rewal:<\/strong><\/h3>\n<p><strong>Catholic Church in Rewal-<\/strong> this church was rebuilt in 1976-1978 from the little chapel. Architectural wise construction reminds more human heart. Designed by Zbigniew Abrahamowicz.<br \/>\n<strong>Beach viewing platform \u2013<\/strong> situated on Sikorskiego Street (about 12, 5 high and 20 m long)<br \/>\n<strong>Viewpoint \u2013<\/strong> situated on Sapierska Street (nearby Residence Hotel)<\/p>\n<p><strong>&#8220;Liwia \u0141u\u017ca\u00a0 Lake \u2013 <\/strong>Waterfowl Reserve located on the border line between Pogorzelica and Niechorze, connected to the Sea with Liwka Channel.<\/p>\n<p>[\/vc_column_text][\/vc_column][vc_column width=&#8221;1\/2&#8243; css=&#8221;.vc_custom_1448340659656{padding-top: 60px !important;padding-bottom: 130px !important;padding-left: 80px !important;background-color: #e2e2e2 !important;}&#8221;][vc_column_text el_class=&#8221;.droid-font&#8221;]<\/p>\n<h1 class=\"sbig\"><strong><img loading=\"lazy\" decoding=\"async\" class=\"aligncenter wp-image-524 size-full\" src=\"http:\/\/www.hotelresidence.pl\/wp-content\/uploads\/2015\/12\/05-gmina-rewal.jpg\" alt=\"05-gmina-rewal\" width=\"800\" height=\"524\" srcset=\"https:\/\/hotelresidence.pl\/wp-content\/uploads\/2015\/12\/05-gmina-rewal.jpg 800w, https:\/\/hotelresidence.pl\/wp-content\/uploads\/2015\/12\/05-gmina-rewal-300x197.jpg 300w, https:\/\/hotelresidence.pl\/wp-content\/uploads\/2015\/12\/05-gmina-rewal-768x503.jpg 768w\" sizes=\"(max-width: 800px) 100vw, 800px\" \/>Sea Narrow-Gauge Railway<br \/>\n<\/strong><\/h1>\n<h5>Narrow \u2013Gauge railway is a very fascinating way of admiring the landscape from the widows of historic train. Back in the day the narrow-gauge railway linked Rewal with other Polish cities such as Stargard, Szczecin, Nowogard, Bialogard or even Koszalin.<\/h5>\n<p>Nowadays this historical rail carries about 100 thousand passengers per season and runs on the 40 km distance from Gryfice to Pogorzelica.<br \/>\n<strong>Rewal district is a place worth<\/strong> visiting even after summer season.<br \/>\nWhen the summer season is over there are still organized training courses, conferences as well as interesting leisure breaks for tourists who prefer spend their holidays in lower seasons. We would like to remind all vacationers that thought out the entire year there is a fresh air, beautiful sunsets, fragrant of pine forests and soothing roar of the sea.<\/p>\n<p>&nbsp;<\/p>\n<p style=\"text-align: justify;\"><img loading=\"lazy\" decoding=\"async\" class=\"aligncenter wp-image-483 size-full\" src=\"http:\/\/www.hotelresidence.pl\/wp-content\/uploads\/2015\/12\/residence_11.jpg\" alt=\"residence_11\" width=\"800\" height=\"533\" srcset=\"https:\/\/hotelresidence.pl\/wp-content\/uploads\/2015\/12\/residence_11.jpg 800w, https:\/\/hotelresidence.pl\/wp-content\/uploads\/2015\/12\/residence_11-300x200.jpg 300w, https:\/\/hotelresidence.pl\/wp-content\/uploads\/2015\/12\/residence_11-768x512.jpg 768w\" sizes=\"(max-width: 800px) 100vw, 800px\" \/><\/p>\n<h1 class=\"sbig\"><strong>Holiday\u2019s decorations \u2013 fairy tale district!<br \/>\n<\/strong><\/h1>\n<p>During the holidays district surprises visitors with occasional decorations on Squares and Streets. The tourist definitely will feel straight away the upcoming Holiday. For the duration of Easter Holiday you will find symbols like Easter Bunnies or Colored Easter Eggs. More spectacular are the original Christmas illuminations in Niechorze, Pobierowo, Rewal and Pustkowo. For example in Niechorze you can meet fairy &#8211; tale characters gathered in one place.<\/p>\n<h4><strong><br \/>\n<\/strong>No wonder why with pleasure all visitors with their families take a walk to see this event.<br \/>\n[\/vc_column_text][vc_empty_space height=&#8221;60px&#8221;]<div class=\"awe-slider roomrate-slider\" data-items=\"3\" data-pagination=\"false\" data-navigation='true'>\r\n\t<\/div><!-- \/roomrate-slider -->[\/vc_column][\/vc_row][vc_row][vc_column][vc_empty_space height=&#8221;70px&#8221;][vc_column_text]<\/h4>\n<p><\/p>","protected":false},"excerpt":{"rendered":"<p>[vc_row][vc_column][\/vc_column][\/vc_row][vc_row][vc_column width=&#8221;1\/2&#8243; css=&#8221;.vc_custom_1448336576950{padding-top: 35px !important;padding-bottom: 55px !important;}&#8221;][vc_column_text] All routes lead to Rewal\u2026 Rewal and nearby areas have to offer. It\u2019s worth mentioning about the attractive location. Easy access location let visitors explore the district on foot or by bicycle. [\/vc_column_text][\/vc_column][vc_column width=&#8221;1\/2&#8243; css=&#8221;.vc_custom_1448340659656{padding-top: 60px !important;padding-bottom: 130px !important;padding-left: 80px !important;background-color: #e2e2e2 !important;}&#8221;][vc_column_text el_class=&#8221;.droid-font&#8221;]Close distance has to be [&hellip;]<\/p>\n","protected":false},"author":1,"featured_media":0,"parent":0,"menu_order":0,"comment_status":"closed","ping_status":"closed","template":"page-notitle.php","meta":{"footnotes":""},"_links":{"self":[{"href":"https:\/\/hotelresidence.pl\/en\/wp-json\/wp\/v2\/pages\/795"}],"collection":[{"href":"https:\/\/hotelresidence.pl\/en\/wp-json\/wp\/v2\/pages"}],"about":[{"href":"https:\/\/hotelresidence.pl\/en\/wp-json\/wp\/v2\/types\/page"}],"author":[{"embeddable":true,"href":"https:\/\/hotelresidence.pl\/en\/wp-json\/wp\/v2\/users\/1"}],"replies":[{"embeddable":true,"href":"https:\/\/hotelresidence.pl\/en\/wp-json\/wp\/v2\/comments?post=795"}],"version-history":[{"count":136,"href":"https:\/\/hotelresidence.pl\/en\/wp-json\/wp\/v2\/pages\/795\/revisions"}],"predecessor-version":[{"id":2005,"href":"https:\/\/hotelresidence.pl\/en\/wp-json\/wp\/v2\/pages\/795\/revisions\/2005"}],"wp:attachment":[{"href":"https:\/\/hotelresidence.pl\/en\/wp-json\/wp\/v2\/media?parent=795"}],"curies":[{"name":"wp","href":"https:\/\/api.w.org\/{rel}","templated":true}]}}