{"id":1040,"date":"2016-07-05T09:06:37","date_gmt":"2016-07-05T07:06:37","guid":{"rendered":"http:\/\/www.new.hotelresidence.pl\/?page_id=1040"},"modified":"2026-03-12T20:13:12","modified_gmt":"2026-03-12T19:13:12","slug":"regulamin","status":"publish","type":"page","link":"https:\/\/hotelresidence.pl\/en\/the-residence-hotel-policy\/","title":{"rendered":"The Residence Hotel Policy"},"content":{"rendered":"<pre class=\"wp-block-code\"><code><\/code><\/pre>\n\n\n<p>[vc_row][vc_column][\/vc_column][\/vc_row][vc_row][vc_column width=&#8221;1\/2&#8243; css=&#8221;.vc_custom_1448336576950{padding-top: 35px !important;padding-bottom: 55px !important;}&#8221;][vc_column_text]<\/p>\n<h2 class=\"residence-postheader\">THE RESIDENCE HOTEL POLICY<\/h2>\n<p style=\"text-align: justify;\">1. Check in time is 2pm. Residents are required to vacate their room no later than 12 noon on the day of departure. Any departure after noon will be taken as one day extended stay.<\/p>\n<p style=\"text-align: justify;\">2. We welcome extended stays. Guests who need to depart prior to their reservation end date should contact Front Desk before 11 am of the departure date. However an accommodation is subject to availability.<\/p>\n<p style=\"text-align: justify;\">3.Residents are urged to remember to return their keys each and every time they leave the Hotel.<\/p>\n<p style=\"text-align: justify;\">[\/vc_column_text][\/vc_column][vc_column width=&#8221;1\/2&#8243; css=&#8221;.vc_custom_1448340659656{padding-top: 60px !important;padding-bottom: 130px !important;padding-left: 80px !important;background-color: #e2e2e2 !important;}&#8221;][vc_column_text el_class=&#8221;.droid-font&#8221;]<\/p>\n<p style=\"text-align: justify;\">4. Residents are urged to remember to return their keys each and every time they leave the Hotel.<\/p>\n<p style=\"text-align: justify;\">5. All not checked in visitors must be vacated from the Hotel by 10 pm. Visiting hours are between 7 am \u2013 10 pm<\/p>\n<p style=\"text-align: justify;\">6. Hotel may refuse to provide accommodation in the following circumstances:<br \/>\n&#8211; When guest in the past caused damage to property or other hotel\u2019s guest and staff or broke one of the hotel policies.<\/p>\n<p>[\/vc_column_text][\/vc_column][\/vc_row][vc_row full_width=&#8221;stretch_row&#8221; css=&#8221;.bg-parallax{background-image: url(&#8216;\/wp-content\/uploads\/2015\/12\/3S4A6349.jpg&#8217;) !important; background-size: cover; overflow: hidden;}&#8221;][vc_column][vc_empty_space height=&#8221;300px&#8221;][\/vc_column][\/vc_row][vc_row full_width=&#8221;stretch_row&#8221; css=&#8221;.vc_custom_1446803941606{background-color: #ffffff !important;}&#8221;][vc_column css=&#8221;.vc_custom_1446803925823{padding-top: 0px !important;padding-bottom: 0px !important;}&#8221;][vc_column_text]<\/p>\n<p>[vc_row][vc_column][\/vc_column][\/vc_row][vc_row][vc_column width=&#8221;1\/2&#8243; css=&#8221;.vc_custom_1448336576950{padding-top: 35px !important;padding-bottom: 55px !important;}&#8221;][vc_column_text]<\/p>\n<p style=\"text-align: justify;\">7. All complaints about the service provided by our Hotel should be directed\u00a0 to the Front Desk<\/p>\n<p style=\"text-align: justify;\">8. Nocturnal silence is from 10 pm \u2013 6 am. During this time the guest using the hotel services should not disturb other guests.<\/p>\n<p style=\"text-align: justify;\">9. Due to fire safety matters devices such as space heaters, irons and other electrical equipment apart from the standard facilities available in each room under no circumstances should be used. This policy does not apply to telephone chargers and computer equipment. It\u2019s forbidden to throw out the cigarettes butts and used matches into the garbage can. Any flammable materials or chemical substances with unpleasant odor should not be kept in the room. Smoking is permitted only in the designated smoking sections.<\/p>\n<p style=\"text-align: justify;\">10. For reasons of economy and safety, radiators, heaters, water taps, and any electrical devices must not be left switched on, windows must be closed or blocked in empty rooms or overnight. In an event of storm or any other bad weather conditions.<\/p>\n<p style=\"text-align: justify;\">11. Guest is responsible for any damages caused to the hotel property. Hotel guests should protect hotel property from damage. Failure to obey these rules can results in fees or fines to cover hotel room damages and immediately removal from the hotel.<\/p>\n<p style=\"text-align: justify;\">12. All personal belongings left in the room by the guest upon leaving. Will be returned to the owner and send away under given address on guest cost. All found items are kept in the Hotel only for 3 months then donated to charity or to the public use.<\/p>\n<p style=\"text-align: justify;\">13. Przed opuszczeniem pokoju lub po\u0142o\u017ceniem si\u0119 do snu Go\u015b\u0107 powinien zamkn\u0105\u0107 krany instalacji wodoci\u0105gowej, zamkn\u0105\u0107 okno lub je unieruchomi\u0107 w celu zabezpieczenia przed uszkodzeniem na wypadek burzy, wichury lub innych zjawisk atmosferycznych, wy\u0142\u0105czy\u0107 urz\u0105dzenia pobieraj\u0105ce pr\u0105d elektryczny.<\/p>\n<p style=\"text-align: justify;\">[\/vc_column_text][\/vc_column][vc_column width=&#8221;1\/2&#8243; css=&#8221;.vc_custom_1448340659656{padding-top: 60px !important;padding-bottom: 130px !important;padding-left: 80px !important;background-color: #e2e2e2 !important;}&#8221;][vc_column_text el_class=&#8221;.droid-font&#8221;]<\/p>\n<p style=\"text-align: justify;\">14. Guest is responsible for any damages caused to the hotel property. Hotel guests should protect hotel property from damage. Failure to obey these rules can results in fees or fines to cover hotel room damages and immediately removal from the hotel.<\/p>\n<p style=\"text-align: justify;\">15. All personal belongings left in the room by the guest upon leaving. Will be returned to the owner and send away under given address on guest cost. All found items are kept in the Hotel only for 3 months then donated to charity or to the public use.<\/p>\n<p style=\"text-align: justify;\">16. Cancellation Policy.<br \/>\n&#8211; The full deposit will be refund when cancellation made no later than 6 weeks before scheduled arrival(100% of taken deposit + 30 Pln of handling cost deduction )<br \/>\n&#8211; The 50 % of the deposit will be refund when cancellation made no later than 4 weeks before scheduled arrival (50 % of taken deposit + 30 Pln of\u00a0 handling cost deduction)<br \/>\n&#8211; Non refundable deposit when cancellation made 2 weeks before scheduled arrival<\/p>\n<p style=\"text-align: justify;\">17. Mini \u2013Bar Service is not free of charge. Product prices list can be found in informational brochure placed in the bed room or available at the Front Desk.<\/p>\n<p style=\"text-align: justify;\">18. Housekeeping service available upon request. Guest needs to inform Front Desk or hang the message card outside the bedroom\u2019s door<\/p>\n<p>[\/vc_column_text][\/vc_column][\/vc_row]<\/p>\n<h2 style=\"text-align: center;\">By passing these rules for your information, we wish you a pleasant stay in our Hotel.<\/h2>\n<p><\/p>\n\n\n<p><\/p>","protected":false},"excerpt":{"rendered":"<p>[vc_row][vc_column][\/vc_column][\/vc_row][vc_row][vc_column width=&#8221;1\/2&#8243; css=&#8221;.vc_custom_1448336576950{padding-top: 35px !important;padding-bottom: 55px !important;}&#8221;][vc_column_text] THE RESIDENCE HOTEL POLICY 1. Check in time is 2pm. Residents are required to vacate their room no later than 12 noon on the day of departure. Any departure after noon will be taken as one day extended stay. 2. We welcome extended stays. Guests who need to [&hellip;]<\/p>\n","protected":false},"author":1,"featured_media":0,"parent":0,"menu_order":0,"comment_status":"closed","ping_status":"closed","template":"page-notitle.php","meta":{"footnotes":""},"_links":{"self":[{"href":"https:\/\/hotelresidence.pl\/en\/wp-json\/wp\/v2\/pages\/1040"}],"collection":[{"href":"https:\/\/hotelresidence.pl\/en\/wp-json\/wp\/v2\/pages"}],"about":[{"href":"https:\/\/hotelresidence.pl\/en\/wp-json\/wp\/v2\/types\/page"}],"author":[{"embeddable":true,"href":"https:\/\/hotelresidence.pl\/en\/wp-json\/wp\/v2\/users\/1"}],"replies":[{"embeddable":true,"href":"https:\/\/hotelresidence.pl\/en\/wp-json\/wp\/v2\/comments?post=1040"}],"version-history":[{"count":29,"href":"https:\/\/hotelresidence.pl\/en\/wp-json\/wp\/v2\/pages\/1040\/revisions"}],"predecessor-version":[{"id":2322,"href":"https:\/\/hotelresidence.pl\/en\/wp-json\/wp\/v2\/pages\/1040\/revisions\/2322"}],"wp:attachment":[{"href":"https:\/\/hotelresidence.pl\/en\/wp-json\/wp\/v2\/media?parent=1040"}],"curies":[{"name":"wp","href":"https:\/\/api.w.org\/{rel}","templated":true}]}}