{"id":861,"date":"2016-07-04T19:00:56","date_gmt":"2016-07-04T17:00:56","guid":{"rendered":"http:\/\/www.new.hotelresidence.pl\/?page_id=861"},"modified":"2026-03-12T19:56:40","modified_gmt":"2026-03-12T18:56:40","slug":"informator","status":"publish","type":"page","link":"https:\/\/hotelresidence.pl\/de\/informator\/","title":{"rendered":"Informator"},"content":{"rendered":"<p>[vc_row][vc_column][\/vc_column][\/vc_row][vc_row][vc_column width=&#8220;1\/2&#8243; css=&#8220;.vc_custom_1448336576950{padding-top: 35px !important;padding-bottom: 0px !important;}&#8220;][vc_column_text]<\/p>\n<h1 class=\"sbig\">INFORMATOR<\/h1>\n<h5><strong>ZDROWIE<\/strong><\/h5>\n<ul>\n<li><strong>Pogotowie Ratunkowe \u2013 Rewal<\/strong><br \/>\nul. Warszawska 31, tel. 91 38 62 588 \u2013 ca\u0142odobowo<\/li>\n<li><strong>Pogotowie Ratunkowe \u2013 Gryfice<\/strong><br \/>\nul. 3-go Maja l b, tel. 91 38 43 324 lub tel alarmowy 999, 112 \u2013 czynny ca\u0142odobowo<\/li>\n<li><strong>O\u015brodek Zdrowia w Rewalu<\/strong><br \/>\nul Warszawska 31, tel. 91 38 62 588, czynny w godzinach 8.00-13.00,<br \/>\nsoboty niedziele nieczynny (przyjmuje lekarz rodzinny, stomatolog, ginekolog)<\/li>\n<li><strong>O\u015brodek Zdrowia w Niechorzu<\/strong><br \/>\nul. Mazowiecka 3, tel. 91 38 63 358, czynny w godzinach 8-18, soboty 9-13<br \/>\nniedziele nieczynny (przyjmuje lekarz rodzinny- pediatra i stomatolog)<\/li>\n<li><strong>O\u015brodek Zdrowia w Pobierowie<\/strong> ul. Grunwaldzka 68, tel. 91 38 64 173<br \/>\nczynny w godzinach 16-18, sobota 9-12 (przyjmuje lekarz rodzinny)<\/li>\n<li><strong>Prywatne Gabinety Lekarskie<\/strong><br \/>\nStomatolog codziennie od godz. 16 (O\u015brodek Zdrowia w Rewalu)<br \/>\nGinekolog \u2013 poniedzia\u0142ek 17.00-18.00 (O\u015brodek Zdrowia w Rewalu),<\/li>\n<li><strong>Pediatra<\/strong> Pobierowo, ul. Reymonta 13, tel. 603 657 624.<\/li>\n<li><strong>Gabinet Akupunktury \u201cEskulap\u201d w Rewalu<\/strong> tel. 91 38 62 480<\/li>\n<\/ul>\n<p>[\/vc_column_text][\/vc_column][vc_column width=&#8220;1\/2&#8243; css=&#8220;.vc_custom_acdf{padding-top: 90px !important;padding-bottom: 90px !important;padding-left: 80px !important; padding-right: 80px !important;background-color: #e2e2e2 !important;}&#8220;][vc_column_text el_class=&#8220;.droid-font&#8220;]<\/p>\n<blockquote>\n<h5><strong>BEZPIECZE\u0143STWO<\/strong><\/h5>\n<ul>\n<li><strong>Policja<\/strong> <strong>\u2013 Posterunek Policji w Rewalu<\/strong><br \/>\nul. Mickiewicza 21, tel. 91 38 62 597 czynny ca\u0142odobowo lub Pogotowie Policyjne tel. 997, 112<\/li>\n<li><strong>Stra\u017c Graniczna w Rewalu<\/strong><br \/>\nul. Dworcowa 2, tel. 91 38 62 675<\/li>\n<li><strong>Ratownictwo Wodne Gminy Rewal<\/strong><br \/>\nP. Doranrowicz, tel. 601 711 173,<br \/>\nP. Borowski, tel. 601 720 555<\/li>\n<li><strong>Stra\u017c Gminna w Rewalu<\/strong><br \/>\nul. Mickiewicza 21, tel. 91 38 62 974<\/li>\n<li><strong>Stra\u017c Po\u017carna<\/strong><br \/>\nGryfice, ul. 3-go Maja 2, tel. alarmowy 998<br \/>\nNiechorze, ul. Morska, tel. 38 63 321<br \/>\nPobierowo, ul. Zgody, tel. 38 64 198<\/li>\n<\/ul>\n<h2><strong>\u00a0<\/strong><\/h2>\n<\/blockquote>\n<p>[vc_row][vc_column width=&#8220;1\/2&#8243; css=&#8220;.cytat_srodek{padding-top: 15px !important;padding-bottom: 15px !important;}&#8220;][vc_column_text]<br \/>\n[\/vc_column_text][\/vc_column][\/vc_row]<\/p>\n<blockquote><p><strong>informacje o gminie: www.rewal.pl<br \/>\n<\/strong><\/p><\/blockquote>\n<p>[vc_row][vc_column width=&#8220;1\/2&#8243; css=&#8220;.vc_custom_dsad{padding-top: 60px !important;padding-bottom: 70px !important;padding-left: 80px !important; padding-right: 80px !important;background-color: #e2e2e2 !important;}&#8220;][vc_column_text el_class=&#8220;.droid-font&#8220;]<\/p>\n<h5><strong>APTEKI<\/strong><\/h5>\n<ul>\n<li><strong>Rewal<\/strong><br \/>\nul. Mickiewicza 25 tel. 91 38 62 702<br \/>\ngodziny pracy:<br \/>\n\u2013 pon. \u2013 pt. 8.00 \u2013 21.00<br \/>\n\u2013 sobota 10.00 \u2013 20.00<br \/>\n\u2013 niedziela i \u015bwi\u0119ta 10.00 \u2013 18.00<\/li>\n<li><strong>Niechorze<\/strong><br \/>\nul. Mazowiecka 2 tel. 91 38 63 354<br \/>\ngodziny pracy:<br \/>\n\u2013 pon. \u2013 pt. 8.00 \u2013 21.00<br \/>\n\u2013 sobota 10.00 \u2013 20.00<br \/>\n\u2013 niedziela i \u015bwi\u0119ta 10.00 \u2013 17.00<\/li>\n<li>Bursztynowa 60 2 tel. 91 38 63 700<br \/>\ngodziny pracy:<br \/>\n\u2013 pon. \u2013 pt. 8.00 \u2013 20.00<br \/>\n\u2013 sobota 9.00 \u2013 20.00<br \/>\n\u2013 niedziela i \u015bwi\u0119ta 10.00 \u2013 18.00<\/li>\n<\/ul>\n<ul>\n<li><strong>Pobierowo<\/strong><br \/>\nul. Grunwaldzka 75 tel. 91 38 64 277<br \/>\ngodziny pracy:<br \/>\n\u2013 pon. \u2013 pt. 8.00 \u2013 21.00<br \/>\n\u2013 sobota 9.00 \u2013 21.00<br \/>\n\u2013 niedziela i \u015bwi\u0119ta 10.00 \u2013 17.00<br \/>\nul. Zgody 2 tel. 91 38 64 048<br \/>\ngodziny pracy:<br \/>\n\u2013 pon. \u2013 pt. 8.30 \u2013 22.00<br \/>\n\u2013 sobota 8.30 \u2013 21.00<br \/>\n\u2013 niedziela i \u015bwi\u0119ta 8.30 \u2013 20.00<\/li>\n<\/ul>\n<p>[\/vc_column_text][\/vc_column][vc_column width=&#8220;1\/2&#8243; css=&#8220;.vc_custom_wwsj{padding-top: 35px !important;padding-bottom: 55px !important;}&#8220;][vc_column_text]<\/p>\n<h5><strong>BANKI GMINA REWAL<\/strong><\/h5>\n<ul>\n<li><strong>Rewal <\/strong><br \/>\nBank Sp\u00f3\u0142dzielczy w Gryficach oddzia\u0142 w Rewalu, ul. Mickiewicza 19, tel. 91 38 62 907. Kasa czynna 7.30-14.00<\/li>\n<li><strong>Gryfice<\/strong><br \/>\nBank PKO BP, ul. Wojska Polskiego 88, tel. 91 38 42 238<br \/>\nBank Gospodarki \u017bywno\u015bciowej SA, ul. Niepodleg\u0142o\u015bci 15, tel. 91 38 42 071<br \/>\nBank Sp\u00f3\u0142dzielczy, ul. Zwyci\u0119stwa 5, tel. 91 38 42 546<br \/>\nBank Pekao S.A., ul. Wa\u0142owa l, tel. 91 38 42 091<\/li>\n<li><strong>Kamie\u0144 Pomorski<br \/>\n<\/strong>Bank Pekao S.A., ul.Gryfit\u00f3w 2a, tel. 91 38 20 587<br \/>\nBank PKO BP, ul. Ba\u0142tycka l, tel. 91 38 20 968 Trzebiat\u00f3w<br \/>\nBank Pekao S.A., ul. Wojska Polskiego 51, tel. 91 38 73 263<\/li>\n<\/ul>\n<h5><strong>BANKOMATY<\/strong><\/h5>\n<ul>\n<li><strong>Rewal<\/strong><br \/>\nul. Sikorskiego (obok poczty),<br \/>\nul. Mickiewicza (obok Urz\u0119du Gminy)<\/li>\n<li><strong>Niechorze<\/strong><br \/>\nAl. Bursztynowa (obok Muzeum Rybo\u0142\u00f3wstwa)<\/li>\n<li><strong>Pobierowo<\/strong> ul. Grunwaldzka (niedaleko o\u015brodka zdrowia)<\/li>\n<li><strong>Pogorzelica<\/strong> ul. Pla\u017cowa (g\u0142\u00f3wne skrzy\u017cowanie)<\/li>\n<\/ul>\n<h5><strong>URZ\u0118DY POCZTOWE<\/strong><\/h5>\n<ul>\n<li><strong>Rewal<\/strong><br \/>\nul.Sikorskiego3, tel. 091 38 62 570<\/li>\n<li><strong>Niechorze<\/strong><br \/>\nul. Pocztowa 3, tel. 091 38 63 437<\/li>\n<li><strong>Pobierowo<\/strong><br \/>\nul. Grunwaldzka 59, tel. 091 38 64 101<\/li>\n<li><strong>Pogorzelica<\/strong><br \/>\nul. Wojska Polskiego 22, tel. 091 38 63140<\/li>\n<li><strong>Pustkowo<\/strong><br \/>\nul. S\u0142oneczna 16, tel. 091 38 64 463<\/li>\n<\/ul>\n<h5><\/h5>\n<h5><\/h5>\n<h5><\/h5>\n<h5><\/h5>\n<p>[\/vc_column_text][\/vc_column][\/vc_row]<\/p>\n<h5><\/h5>\n<p><\/p>","protected":false},"excerpt":{"rendered":"<p>[vc_row][vc_column][\/vc_column][\/vc_row][vc_row][vc_column width=&#8220;1\/2&#8243; css=&#8220;.vc_custom_1448336576950{padding-top: 35px !important;padding-bottom: 0px !important;}&#8220;][vc_column_text] INFORMATOR ZDROWIE Pogotowie Ratunkowe \u2013 Rewal ul. Warszawska 31, tel. 91 38 62 588 \u2013 ca\u0142odobowo Pogotowie Ratunkowe \u2013 Gryfice ul. 3-go Maja l b, tel. 91 38 43 324 lub tel alarmowy 999, 112 \u2013 czynny ca\u0142odobowo O\u015brodek Zdrowia w Rewalu ul Warszawska 31, tel. 91 38 [&hellip;]<\/p>\n","protected":false},"author":1,"featured_media":0,"parent":0,"menu_order":0,"comment_status":"closed","ping_status":"closed","template":"page-notitle.php","meta":{"footnotes":""},"_links":{"self":[{"href":"https:\/\/hotelresidence.pl\/de\/wp-json\/wp\/v2\/pages\/861"}],"collection":[{"href":"https:\/\/hotelresidence.pl\/de\/wp-json\/wp\/v2\/pages"}],"about":[{"href":"https:\/\/hotelresidence.pl\/de\/wp-json\/wp\/v2\/types\/page"}],"author":[{"embeddable":true,"href":"https:\/\/hotelresidence.pl\/de\/wp-json\/wp\/v2\/users\/1"}],"replies":[{"embeddable":true,"href":"https:\/\/hotelresidence.pl\/de\/wp-json\/wp\/v2\/comments?post=861"}],"version-history":[{"count":43,"href":"https:\/\/hotelresidence.pl\/de\/wp-json\/wp\/v2\/pages\/861\/revisions"}],"predecessor-version":[{"id":2313,"href":"https:\/\/hotelresidence.pl\/de\/wp-json\/wp\/v2\/pages\/861\/revisions\/2313"}],"wp:attachment":[{"href":"https:\/\/hotelresidence.pl\/de\/wp-json\/wp\/v2\/media?parent=861"}],"curies":[{"name":"wp","href":"https:\/\/api.w.org\/{rel}","templated":true}]}}