{"id":795,"date":"2016-07-04T13:36:35","date_gmt":"2016-07-04T11:36:35","guid":{"rendered":"http:\/\/www.new.hotelresidence.pl\/?page_id=795"},"modified":"2016-10-13T20:12:27","modified_gmt":"2016-10-13T18:12:27","slug":"atrakcje","status":"publish","type":"page","link":"https:\/\/hotelresidence.pl\/de\/atrakcje\/","title":{"rendered":"Atrakcje"},"content":{"rendered":"<p>[vc_row][vc_column][\/vc_column][\/vc_row][vc_row][vc_column width=&#8220;1\/2&#8243; css=&#8220;.vc_custom_1448336576950{padding-top: 35px !important;padding-bottom: 55px !important;}&#8220;][vc_column_text]<\/p>\n<h1 class=\"sbig\">In der n\u00e4chsten Umgebung<\/h1>\n<h5>\u00a0die man am Strand entlang spazierend erreicht, befinden sich viele Sehensw\u00fcrdigkeiten der Region<\/h5>\n<p style=\"text-align: justify;\">[\/vc_column_text][\/vc_column][vc_column width=&#8220;1\/2&#8243; css=&#8220;.vc_custom_1448340659656{padding-top: 60px !important;padding-bottom: 130px !important;padding-left: 80px !important;background-color: #e2e2e2 !important;}&#8220;][vc_column_text el_class=&#8220;.droid-font&#8220;]Au\u00dferhalb von Werte Rewal ist auch seine attraktive Lage. Hier liegt alles in der N\u00e4he. Die Nachbarschaft k\u00f6nnen Sie entweder zu Fu\u00df oder mit dem Fahrrad erkunden. Nahe ist bis zum Kamie\u0144 Pomorski mit seinem Sehens- w\u00fcrdigkeiten aber auch zum Ko\u0142obrzeg, Gryfice, Trzebiat\u00f3w<\/p>\n<p>[\/vc_column_text][\/vc_column][\/vc_row][vc_row full_width=&#8220;stretch_row&#8220; parallax=&#8220;content-moving-fade&#8220; parallax_image=&#8220;0&#8243; css=&#8220;.vc_custom_1448954381233{background-image: url(http:\/\/www.hotelresidence.pl\/wp-content\/uploads\/2016\/07\/tlo-atrakcje.jpg) !important;background-position: center;background-repeat: no-repeat !important;background-size: cover !important;}&#8220;][vc_column][vc_empty_space height=&#8220;400px&#8220;][\/vc_column][\/vc_row][vc_row full_width=&#8220;stretch_row&#8220; css=&#8220;.vc_custom_1446803941606{background-color: #ffffff !important;}&#8220;][vc_column css=&#8220;.vc_custom_1446803925823{padding-top: 0px !important;padding-bottom: 0px !important;}&#8220;][vc_column_text]<\/p>\n<p>[vc_row][vc_column][\/vc_column][\/vc_row][vc_row][vc_column width=&#8220;1\/2&#8243; css=&#8220;.vc_custom_1448336576950{padding-top: 35px !important;padding-bottom: 55px !important;}&#8220;][vc_column_text]<\/p>\n<h3><strong>Trz\u0119sacz:<\/strong><\/h3>\n<p style=\"text-align: justify;\"><strong><img loading=\"lazy\" decoding=\"async\" class=\"alignright wp-image-522\" src=\"http:\/\/www.hotelresidence.pl\/wp-content\/uploads\/2015\/12\/03-gmina-rewal-300x191.jpg\" alt=\"03-gmina-rewal\" width=\"350\" height=\"223\" srcset=\"https:\/\/hotelresidence.pl\/wp-content\/uploads\/2015\/12\/03-gmina-rewal-300x191.jpg 300w, https:\/\/hotelresidence.pl\/wp-content\/uploads\/2015\/12\/03-gmina-rewal-768x490.jpg 768w, https:\/\/hotelresidence.pl\/wp-content\/uploads\/2015\/12\/03-gmina-rewal.jpg 800w\" sizes=\"(max-width: 350px) 100vw, 350px\" \/>Ihre Hauptattraktion stellt die Ruine der gotische Kirche<\/strong> aus der Zeit Ende des 14 und Anfang des 15 Jh. das die nicht nur in Polen sondern auch in fast ganz Europa bekannt ist. Die erste Wand der Kirche ist 1901 in die Ostsee abgerutsch..<br \/>\n<strong>Multimediales Museum<\/strong> auf dem 15 Meridian, hier befindet sich die Touristische Auskunft. Hier findet auch der Lehruntericht zu Vergangenheit der Ortschaft statt.<br \/>\n<strong>Neugotische Kirche aus<\/strong> dem 19 Jh. Abstieg zum Strand mit Ausichtstelle.<strong><br \/>\n<\/strong><\/p>\n<h3><\/h3>\n<h3><strong>Niechorze<\/strong><\/h3>\n<p style=\"text-align: justify;\"><strong><img loading=\"lazy\" decoding=\"async\" class=\"wp-image-526 size-full aligncenter\" src=\"http:\/\/www.hotelresidence.pl\/wp-content\/uploads\/2015\/12\/rewal_01.jpg\" alt=\"rewal_01\" width=\"800\" height=\"533\" srcset=\"https:\/\/hotelresidence.pl\/wp-content\/uploads\/2015\/12\/rewal_01.jpg 800w, https:\/\/hotelresidence.pl\/wp-content\/uploads\/2015\/12\/rewal_01-300x200.jpg 300w, https:\/\/hotelresidence.pl\/wp-content\/uploads\/2015\/12\/rewal_01-768x512.jpg 768w\" sizes=\"(max-width: 800px) 100vw, 800px\" \/><\/strong><\/p>\n<p style=\"text-align: left;\"><strong>Der Leuchtturm in Niechorze:\u00a0<\/strong> Westlich der Ortschaft Niechorze steht auf einer hohen, mit einem Wald bewachsenen Steilk\u00fcste der Leuchtturm, der eine charakteristische Form hat. Am achtechigem Turm liegen westlich und \u00f6stlich zweigeschossige Wohn- anbauten. Es wurde 1866 in Betrieb genommen und nach seiner Sanirung in den Jahren 1999 \u2013 2000 bekam er einem neuen Glanz<\/p>\n<p style=\"text-align: justify;\"><strong><img loading=\"lazy\" decoding=\"async\" class=\"wp-image-733 size-medium alignright\" src=\"http:\/\/www.hotelresidence.pl\/wp-content\/uploads\/2016\/07\/rewal-03-300x174.jpg\" alt=\"rewal-03\" width=\"300\" height=\"174\" srcset=\"https:\/\/hotelresidence.pl\/wp-content\/uploads\/2016\/07\/rewal-03-300x174.jpg 300w, https:\/\/hotelresidence.pl\/wp-content\/uploads\/2016\/07\/rewal-03-768x445.jpg 768w, https:\/\/hotelresidence.pl\/wp-content\/uploads\/2016\/07\/rewal-03.jpg 927w\" sizes=\"(max-width: 300px) 100vw, 300px\" \/>Das historische <strong>Fischerh\u00e4user<\/strong> aus dem 18 und 19 Jahrhundert.<br \/>\n<\/strong><\/p>\n<p style=\"text-align: justify;\"><strong>Seefischereimuseum in Niechorze<\/strong> ein Ort wo historische gegenst\u00e4nde die mit\u00a0 der geschichte, Tradition und Fischereikultur verbunden sind. Im Museum werden Sonderaustellungen veranstaltet. Hier befindet sich auch der Sitz\u00a0 der Touristische Auskunft.<\/p>\n<p><strong>Baltic Kreutz der Hoffnung<\/strong><\/p>\n<p><strong>Arch\u00e4ologische Position in \u015aliwin<\/strong><\/p>\n<h3><strong>Rewal:<\/strong><\/h3>\n<p style=\"text-align: justify;\"><strong>Kirche in Rewal.<\/strong> \u2013 Liwia \u2013 \u0141u\u017ca See liegt ungef\u00e4hr 300 Meter von der Ostsee entvernt. Erst war der See Liwia \u2013 \u0141u\u017ca eine Nehrung an der K\u00fcste der Ostsee. Das Gebiet um den See Liwia &#8211;\u00a0 \u0141u\u017ca ist ein Vogelreservat, das europ\u00e4ische Schutzgebietsnetz\u00a0 umfast.<br \/>\n<strong>Aussichtterasse mit wundersch\u00f6ne<\/strong>n Ausblick auf der Ostsee, bei der Stra\u00dfe Sikorskiego, die h\u00f6he 12,5 M. Die l\u00e4nge 20 M.<br \/>\n<strong>Abstieg zum Strand<\/strong> mit Aussichtsstelle bei der Stra\u00dfe Saperska neben Hotel Residence.<\/p>\n<h5 class=\"sbig\"><strong>Im Hinblick auf Touristen und Einwohner gibt es viele Veranstaltungen.<br \/>\n<\/strong><\/h5>\n<p style=\"text-align: justify;\">Volleyball \u2013 Turnier \u2013 Niechorze, Mai<br \/>\nSchachturnier &#8222;Seepferdchen&#8220; \u2013 Rewal, August<br \/>\nRennen um den Pokal Ostsee \u2013 F\u00f6rderung von Radfahren und aktive Erholung<br \/>\nFolk Festival \u2013 XXXI Ausgabe des Festivals von Pfingsten \u2013 \u015aliwno, Mai<br \/>\nMiss Ostsee<br \/>\nVW \u2013 K\u00e4fer \u2013 Rallye \u2013 Niechorze, Juni<br \/>\nFestival of India \u2013 Rewal, Juli<br \/>\nFest der Hering \u2013 Das Angeln Festival \u2013 Niechorze, Juli<br \/>\nMusikfestival &#8222;Sacrum Non Profanum&#8220; \u2013 Trz\u0119sacz, August<br \/>\nInternationales Festival der Gitarrenmusik \u2013 Trz\u0119sacz, Juni<br \/>\nPustkowo Cup \u2013 Amateur \u2013 Tennis- Turnier \u2013 Pustkowo, Juli<br \/>\nBaltic Cup Pogorzelica 2012 \u2013 Tenisturnier, K\u00fcnstler und Schauspieler \u2013 Pogorzelica, Juli<br \/>\nInternationale Beachvolleyball \u2013 turnier Kadetten &#8211; Niechorze, August<\/p>\n<p>[\/vc_column_text][\/vc_column][vc_column width=&#8220;1\/2&#8243; css=&#8220;.vc_custom_1448340659656{padding-top: 60px !important;padding-bottom: 130px !important;padding-left: 80px !important;background-color: #e2e2e2 !important;}&#8220;][vc_column_text el_class=&#8220;.droid-font&#8220;]<\/p>\n<h1 class=\"sbig\"><strong><img loading=\"lazy\" decoding=\"async\" class=\"aligncenter wp-image-524 size-full\" src=\"http:\/\/www.hotelresidence.pl\/wp-content\/uploads\/2015\/12\/05-gmina-rewal.jpg\" alt=\"05-gmina-rewal\" width=\"800\" height=\"524\" srcset=\"https:\/\/hotelresidence.pl\/wp-content\/uploads\/2015\/12\/05-gmina-rewal.jpg 800w, https:\/\/hotelresidence.pl\/wp-content\/uploads\/2015\/12\/05-gmina-rewal-300x197.jpg 300w, https:\/\/hotelresidence.pl\/wp-content\/uploads\/2015\/12\/05-gmina-rewal-768x503.jpg 768w\" sizes=\"(max-width: 800px) 100vw, 800px\" \/> <\/strong><\/h1>\n<h5>Mit einem Netzwerk von Fahrradverlei Rewal Bike System diese Form der Erholung ist f\u00fcr jeden Touristen zur Verf\u00fcgung..<\/h5>\n<p>&nbsp;<\/p>\n<p style=\"text-align: justify;\"><img loading=\"lazy\" decoding=\"async\" class=\"aligncenter wp-image-483 size-full\" src=\"http:\/\/www.hotelresidence.pl\/wp-content\/uploads\/2015\/12\/residence_11.jpg\" alt=\"residence_11\" width=\"800\" height=\"533\" srcset=\"https:\/\/hotelresidence.pl\/wp-content\/uploads\/2015\/12\/residence_11.jpg 800w, https:\/\/hotelresidence.pl\/wp-content\/uploads\/2015\/12\/residence_11-300x200.jpg 300w, https:\/\/hotelresidence.pl\/wp-content\/uploads\/2015\/12\/residence_11-768x512.jpg 768w\" sizes=\"(max-width: 800px) 100vw, 800px\" \/><\/p>\n<h5>Die Schmalspurbahn \u2013 eine der gr\u00f6\u00dften Attraktionen an der Ostseek\u00fcste<\/h5>\n<p style=\"text-align: justify;\">Die Schmalspurbahn \u2013 eine der gr\u00f6\u00dften Attraktionen an der Ostseek\u00fcste in der Gemeinde Rewal \u2013 funkzioniert bis heute als ein Verkehrsmittel. Im Sommer 2011 begonnen die Bauarbeiten zur Revitalisierung der Schmal &#8211; spurbahn. Die knapp 40 Milionen PLN Bauarbeiten werden zu 60 % aus Eigenmitteln und 40 % aus Zuwendungen der Woiwodschaft Westpommern finanziert. Die historische Dampflokomotive die nicht \u00fcberdachte Waggone mit Touristen schlept das ist ein Bild das schon zum festen Punkt in der Landschaft der wundervollen Ostseegemeinde Rewal geworden ist.\u00a0Eine Fahrt mit dem Schmalspurbahn ist ein Erlebnis und erm\u00f6glicht die Berichtigung von interessanten Stadtorten an der Route.<\/p>\n<h5>Pfade und Radwege \u00a0http:\/\/www.rewal.pl\/pl\/rekreacja\/cieki-rowerowe)<\/h5>\n<p><a href=\"http:\/\/hotelresidence.pl\/wp-content\/uploads\/2016\/07\/gmina-rewal-08.jpg\"><img loading=\"lazy\" decoding=\"async\" class=\"alignleft wp-image-1826 size-thumbnail\" src=\"http:\/\/hotelresidence.pl\/wp-content\/uploads\/2016\/07\/gmina-rewal-08-370x247.jpg\" width=\"370\" height=\"247\" srcset=\"https:\/\/hotelresidence.pl\/wp-content\/uploads\/2016\/07\/gmina-rewal-08-370x247.jpg 370w, https:\/\/hotelresidence.pl\/wp-content\/uploads\/2016\/07\/gmina-rewal-08-1080x720.jpg 1080w, https:\/\/hotelresidence.pl\/wp-content\/uploads\/2016\/07\/gmina-rewal-08-768x512.jpg 768w, https:\/\/hotelresidence.pl\/wp-content\/uploads\/2016\/07\/gmina-rewal-08-100x67.jpg 100w, https:\/\/hotelresidence.pl\/wp-content\/uploads\/2016\/07\/gmina-rewal-08.jpg 1500w\" sizes=\"(max-width: 370px) 100vw, 370px\" \/><\/a><\/p>\n<p>Sommer Schlaufenweg Pobierowo \u2013 blau gekenzeichnet Westliche Bindeweg, Linienweg \u2013 schwarz gekenzeichnet, Pobierowo \u2013 Pustkowo<br \/>\nSpuren von Architektur und Baudenkm\u00e4le \u2013 Schlaufenweg rot gekenzeichnet; von der MitteTrz\u0119sacz durch die Gebiete Ch\u0142opskie \u0141\u0105ki genannt,nDre\u017cewo, Pustkowo, zur\u00fcck nach Trz\u0119sacz.\u00a0Schlaufenwaldweg gelb gekenzeichnet; Freizeit \u2013 Rundweg um die Pogorzelica.<br \/>\nRewal Land der Sohne \u2013 Schlaufenweg; aus der Sporthalle am Kamie\u0144skiej Stra\u00dfe in Rewal, durch Trz\u0119sacz und \u015aliwin, zur\u00fcck zum Ausgangspunkt.\u00a0Spuren die Geschichte Niechorze \u2013 Linienweg, blau gekenzeichnet; Starten Sievon der Mitte Niechorze (Busbahnhof), durch der ganze Ort.&#8220;See Liwia \u0141u\u017ca&#8220; \u2013 Schlaufenweg; Weg rund um den See Liwia \u0141u\u017ca, Start und Ende in der Mitte Niechorze (Busbahnhof).<br \/>\nDer \u00f6stliche Bindeweg &#8211; Linienweg schwarz gekenzeichnet; verbindet Gelber Weg in Rewal mit Wanderwegen in Niechorze.<strong><br \/>\n<\/strong><br \/>\n[\/vc_column_text][vc_empty_space height=&#8220;60px&#8220;]<div class=\"awe-slider roomrate-slider\" data-items=\"3\" data-pagination=\"false\" data-navigation='true'>\r\n\t<\/div><!-- \/roomrate-slider -->[\/vc_column][\/vc_row][vc_row][vc_column][vc_empty_space height=&#8220;70px&#8220;][vc_column_text]<\/p>","protected":false},"excerpt":{"rendered":"<p>[vc_row][vc_column][\/vc_column][\/vc_row][vc_row][vc_column width=&#8220;1\/2&#8243; css=&#8220;.vc_custom_1448336576950{padding-top: 35px !important;padding-bottom: 55px !important;}&#8220;][vc_column_text] In der n\u00e4chsten Umgebung \u00a0die man am Strand entlang spazierend erreicht, befinden sich viele Sehensw\u00fcrdigkeiten der Region [\/vc_column_text][\/vc_column][vc_column width=&#8220;1\/2&#8243; css=&#8220;.vc_custom_1448340659656{padding-top: 60px !important;padding-bottom: 130px !important;padding-left: 80px !important;background-color: #e2e2e2 !important;}&#8220;][vc_column_text el_class=&#8220;.droid-font&#8220;]Au\u00dferhalb von Werte Rewal ist auch seine attraktive Lage. Hier liegt alles in der N\u00e4he. Die Nachbarschaft k\u00f6nnen Sie entweder [&hellip;]<\/p>\n","protected":false},"author":1,"featured_media":0,"parent":0,"menu_order":0,"comment_status":"closed","ping_status":"closed","template":"page-notitle.php","meta":{"footnotes":""},"_links":{"self":[{"href":"https:\/\/hotelresidence.pl\/de\/wp-json\/wp\/v2\/pages\/795"}],"collection":[{"href":"https:\/\/hotelresidence.pl\/de\/wp-json\/wp\/v2\/pages"}],"about":[{"href":"https:\/\/hotelresidence.pl\/de\/wp-json\/wp\/v2\/types\/page"}],"author":[{"embeddable":true,"href":"https:\/\/hotelresidence.pl\/de\/wp-json\/wp\/v2\/users\/1"}],"replies":[{"embeddable":true,"href":"https:\/\/hotelresidence.pl\/de\/wp-json\/wp\/v2\/comments?post=795"}],"version-history":[{"count":136,"href":"https:\/\/hotelresidence.pl\/de\/wp-json\/wp\/v2\/pages\/795\/revisions"}],"predecessor-version":[{"id":2005,"href":"https:\/\/hotelresidence.pl\/de\/wp-json\/wp\/v2\/pages\/795\/revisions\/2005"}],"wp:attachment":[{"href":"https:\/\/hotelresidence.pl\/de\/wp-json\/wp\/v2\/media?parent=795"}],"curies":[{"name":"wp","href":"https:\/\/api.w.org\/{rel}","templated":true}]}}