{"id":36,"date":"2015-11-26T08:54:57","date_gmt":"2015-11-26T08:54:57","guid":{"rendered":"http:\/\/demo.awethemes.com\/caruso\/?page_id=36"},"modified":"2026-04-24T16:24:03","modified_gmt":"2026-04-24T14:24:03","slug":"rewal","status":"publish","type":"page","link":"https:\/\/hotelresidence.pl\/de\/rewal\/","title":{"rendered":"REWAL"},"content":{"rendered":"<iframe id=\"ra-reservation-form-v2-1e7ad5e771d7aea70891600dcf09226e\" style=\"width: 100%; height:100px; border: none; padding: 0;\" src=\"https:\/\/roomadmin.pl\/widget\/reservation-v2\/start?fh=bd2639fadaf134de3555b572ca3848fc695d2246&#038;style=%7B%22color_accent%22%3A%22%23d8a942%22%2C%22color_bg%22%3A%22%23f5f5f5%22%2C%22color_panel_header%22%3A%22%23FFFFFF%22%2C%22color_panel_body%22%3A%22%23FFFFFF%22%2C%22rounded_corners%22%3A%22true%22%7D&#038;filter=%7B%7D&#038;lang=pl\"><\/iframe> <script> try { (function () { var iframe = window.document.getElementById('ra-reservation-form-v2-1e7ad5e771d7aea70891600dcf09226e'); function raMessageReceiver(event) { if (iframe) { if (!event.data.sender || \"reservation-form-1e7ad5e771d7aea70891600dcf09226e\" !== event.data.sender) { return; } if (event.data.height) { iframe.style.height = (event.data.height + 10) + \"px\"; } if (event.data.event && event.data.event.name === \"widget.scrollup.requested\") { try { iframe.scrollIntoView({behavior: \"smooth\", block: \"start\"}); } catch (e) { } } if (event.data.event && event.data.event.name === \"reservation.submit.success\") { console.log(\"reservation.submit.success\", event.data.event.data.reservation); var moneyTotal = event.data.event.data.reservation.moneyTotal; \/* kwota rezerwacji wyra\u017cona w GROSZACH*\/ var id = event.data.event.data.reservation.id; \/*id rezerwacji*\/ } if (event.data.event && event.data.event.name === \"reservation.variant-search.start\") { \/*console.log(\"variant search started\"); *\/ } if (event.data.event && event.data.event.name) { console.log(event.data.event.name, event.data.event); } } } window.addEventListener(\"message\", raMessageReceiver, false); function setup() { try { iframe.contentWindow.postMessage({ location: window.location.toString(), setup: { autoHeight: true, senderName: \"reservation-form-1e7ad5e771d7aea70891600dcf09226e\" } }, \"*\"); } catch (e) { } } setInterval(setup, 1000); iframe.addEventListener(\"load\", setup); })(); } catch (e) { console.error(e); } <\/script>\n\n\n<p>[vc_row full_width=&#8220;stretch_row&#8220; parallax=&#8220;content-moving-fade&#8220; parallax_image=&#8220;0&#8243; css=&#8220;.vc_custom_1448954381233{background-image: url(http:\/\/www.hotelresidence.pl\/wp-content\/uploads\/2016\/07\/rewal-podstr.jpg) !important;background-position: center;background-repeat: no-repeat !important;background-size: cover !important;}&#8220;][vc_column][vc_empty_space height=&#8220;360px&#8220;]<\/p>\n<p>[\/vc_column_text][\/vc_column][\/vc_row][vc_row][vc_column width=&#8220;5\/12&#8243;]<\/p>\n<p>[vc_row full_width=&#8220;stretch_row&#8220; opacity=&#8220;yes&#8220; css=&#8220;.foto2{padding-top: 62px !important;padding-bottom: 62px !important;background-image: url<a href=\"http:\/\/www.hotelresidence.pl\/wp-content\/uploads\/2016\/07\/rewal-02-1.jpg\">(http:\/\/www.hotelresidence.pl\/wp-content\/uploads\/2016\/07\/rewal-02-1.jpg<\/a>) !important;}&#8220;][vc_column][vc_column_text el_class=&#8220;white&#8220;]<\/p>\n<p>[\/vc_row][vc_row][vc_column][vc_empty_space height=&#8220;55px&#8220;][\/vc_column][\/vc_row][vc_row][vc_column width=&#8220;1\/3&#8243;]<\/p>\n<h1 style=\"font-size: 35px;\">Willkommen in Rewal !<\/h1>\n<h3><strong>Rewal etwas mehr als einfacher Ort.<\/strong><\/h3>\n<p>[\/vc_column][vc_column width=&#8220;1\/3&#8243;][vc_single_image image=&#8220;459&#8243; img_size=&#8220;full&#8220;][\/vc_column][vc_column width=&#8220;1\/3&#8243;][vc_column_text]<strong>Die Gemeinde Rewal<\/strong> \u2013 dies ist das perfekte Reiseziel f\u00fcr jeden der Erholung an der See bevorzug. Die Gemeinde Rewal bringt \u00fcber die h\u00e4lfte von budget f\u00fcr investitionen aus, dadurch wird der Stadt Rewal immer sch\u00f6ner und attraktiver f\u00fcr die Touristen und Investoren. Die dynamische Entwicklung in Bereich Tourismus und Umweltschutz trug\u00a0zur Etablierung der Hotel und Gastonomielandschaft bei.\u00a0Die Gemeinde Rewal \u2013 dies ist das perfekte Reiseziel f\u00fcr jeden der Erholung\u00a0an der See bevorzug. Die Gemeinde Rewal bringt \u00fcber die h\u00e4lfte von budget\u00a0f\u00fcr investitionen aus, dadurch wird der Stadt Rewal immer sch\u00f6ner und\u00a0attraktiver f\u00fcr die Touristen und Investoren.\u00a0[\/vc_column_text][\/vc_column][vc_column][vc_empty_space height=&#8220;55px&#8220;]<\/p>\n<p>[\/vc_column][\/vc_row][vc_row full_width=&#8220;stretch_row_content_no_spaces&#8220; css=&#8220;.vc_custom_1447149405799{background-color: #ffffff !important;}&#8220;][vc_column width=&#8220;1\/2&#8243; css=&#8220;.foto6{background-image: url(http:\/\/www.hotelresidence.pl\/wp-content\/uploads\/2016\/07\/rewal-01-1.jpg) !important; background-size: cover; background-repeat: no-repeat; background-position: 50% 50%;}&#8220;][vc_empty_space height=&#8220;500px&#8220;][\/vc_column][vc_column width=&#8220;1\/2&#8243; css=&#8220;.vc_custom_1447148554307{padding-top: 100px !important;padding-right: 14% !important;padding-left: 14% !important; }&#8220;][vc_column_text]<\/p>\n<h2 style=\"text-align: center;\">Rewal<\/h2>\n<p style=\"text-align: center;\"><strong>\u00a0es ist das Verwaltungs, Kultur und Bildungszentrum der Gemeinde. Rewal begeistet Touristen mit seiner Sch\u00f6ncheit, gepflegten Gr\u00fcnanlagen, Sch\u00f6ne Architektur, gepflegte G\u00e4rten, zahlreiche gem\u00fctliche Kaffes, bunt bl\u00fchende Pflanzen und Blumen, die besondere Stra\u00dfenbeleuchtung \u2013 all das bewirkt, dass hier eine spezifische und besonderes angenehme, ruhige und entspannte Atmosph\u00e4re herrscht.<strong><br \/><\/strong><br \/><\/strong><\/p>\n<p>[\/vc_column_text][\/vc_column][\/vc_row][vc_row full_width=&#8220;stretch_row_content_no_spaces&#8220; css=&#8220;.vc_custom_1447149415973{background-color: #ffffff !important;}&#8220;][vc_column width=&#8220;1\/2&#8243; css=&#8220;.vc_custom_1447148675973{padding-top: 100px !important;padding-right: 14% !important;padding-left: 14% !important;}&#8220;][vc_column_text]<\/p>\n<h2 style=\"text-align: center;\">Niechorze<\/h2>\n<p style=\"text-align: center;\"><strong>Niechorze<\/strong>\u00a0&#8211; liegt zwischen dem Ufer der Ostsee und des Sees Liwia \u0141u\u017ca. Niechorze geh\u00f6rt zu den beliebtesten Erholungsorten. Der Ort wird durch den 45 Meter hohen Leuchtturm dominiert. In \u00f6stlicher Richtung geht Niechorze<\/p>\n<h2 style=\"text-align: center;\">Pobierowo<\/h2>\n<p style=\"text-align: center;\"><strong>Pobierowo <\/strong>\u2013 einer der Vorteile dieser Ortschaft ist der wundersch\u00f6ne Strand, der Ort liegt in Bierken und Kiferw\u00e4ldern. In dem Ort finden Sie die meisten Unterk\u00fcnfte und Restaurants.<strong><br \/><\/strong><\/p>\n<p>[\/vc_column_text][\/vc_column][vc_column width=&#8220;1\/2&#8243; css=&#8220;.foto7{background-image: url(http:\/\/www.hotelresidence.pl\/wp-content\/uploads\/2016\/07\/gmina-rewal-02.jpg) !important; background-size: cover; background-repeat: no-repeat; background-position: 50% 50%;}&#8220;][vc_empty_space height=&#8220;500px&#8220;][\/vc_column][\/vc_row][vc_row][vc_column][vc_column_text]<\/p>\n<h3><strong>In Rewal gibt es keine Zeit f\u00fcr Langeweile<\/strong>.<\/h3>\n<p style=\"text-align: justify;\">Keine Indrustistandorte in der N\u00e4he, Meeresklima mit dem erh\u00f6hten Jod und Salzgehalt und 18 km saubere, sandige, breite Str\u00e4nde \u2013 das sind ohne weiteres Vorteile, die die Gemeinde Rewal zu den best frequentirten touristischen Zielen an der polnischen Ostseek\u00fcste machen. Der Ort erf\u00fcllt die strengsten Umweltnormen: Meereswasser 1 Klasse Sauberkeit, intakte Meeresluft und gute touristische Infrastruktur erm\u00f6glichen den Touristen den Zugang zu sicheren Badestellen. In den Restaurants und Bars, denen man hier \u00fcberall begegnet, werden Lecherbissen der regionale K\u00fcche serviert. Es fehlt auch nicht an Angeboten f\u00fcr Urlauber, die das Aktive Leben bevorzugen. F\u00fcr diese G\u00e4ste gibt es Strandvolleyball, Tenis und Fu\u00dfball.In jede Stadt gibt es Sporthallen auf denenman trainiren und verschiedene Events organiesieren kann. Es gibt auch hier einen Skatepark und ein Leichtathletik \u2013 Stadion, man kann Fahrr\u00e4der ausleihen und auf gekennzeichneten Fahrradwegen malarische Gegenden bewundern.<strong><strong><br \/><\/strong><br \/>Das Amphitheater in Rewal l\u00e4dt w\u00e4hrend der Sommersaison<\/strong> ein und bietet ein attraktives Programm, es gibt Kozerte und andere Veranstaltungen die der Unterhaltung dienen.<br \/>[\/vc_column_text][\/vc_column][\/vc_row][vc_row full_width=&#8220;stretch_row_content_no_spaces&#8220; css=&#8220;.vc_custom_1447149405799{background-color: #ffffff !important;}&#8220;][vc_column width=&#8220;1\/2&#8243; css=&#8220;.foto8{background-image: url(http:\/\/www.hotelresidence.pl\/wp-content\/uploads\/2016\/07\/rewal-07.jpg) !important; background-size: cover; background-repeat: no-repeat; background-position: 50% 50%;}&#8220;][vc_empty_space height=&#8220;500px&#8220;][\/vc_column][vc_column width=&#8220;1\/2&#8243; css=&#8220;.vc_custom_1447148554307{padding-top: 100px !important;padding-right: 14% !important;padding-left: 14% !important;}&#8220;][vc_column_text]<\/p>\n<h2 style=\"text-align: center;\">\u00a0<\/h2>\n<h2 style=\"text-align: center;\">Pogorzelica<\/h2>\n<p style=\"text-align: center;\"><strong>\u00a0Pogorzelica<\/strong> dzi\u0119ki sosnowym lasom, piaszczystej glebie, specyficznemu morskiemu mikroklimatowi ma wszelkie zalety uzdrowiskowe. To znany o\u015brodek wczasowo-sanatoryjny, z licznymi domami wczasowymi i sanatoriami, z basenami krytymi i otwartymi, kortami tenisowymi.<\/p>\n<h2 style=\"text-align: center;\"><strong>Pustkowo<\/strong><\/h2>\n<p style=\"text-align: center;\">Pustkowo\u2013 gh\u00f6rt dank seiner ausgebauten touristischen Infrastruktur zu\u00a0 den attraktivsten Ortschaften an der Ostsee. In dem Ort der von alten Kiferw\u00e4ldern umgebaut ist, befiendet sich eine der\u00a0 wundersch\u00f6nsten Str\u00e4nde. Im Pustkowo finden die Touristen Entspanung, weit weg vom L\u00e4rm und Hast.<\/p>\n<p>[\/vc_column_text][\/vc_column][\/vc_row][vc_row full_width=&#8220;stretch_row_content_no_spaces&#8220; css=&#8220;.vc_custom_1447149415973{background-color: #ffffff !important;}&#8220;][vc_column width=&#8220;1\/2&#8243; css=&#8220;.vc_custom_1447148675973{padding-top: 100px !important;padding-right: 14% !important;padding-left: 14% !important;}&#8220;][vc_column_text]<\/p>\n<h2 style=\"text-align: center;\">\u015aliwin<\/h2>\n<p style=\"text-align: center;\"><strong>\u015aliwin<\/strong> der einzige Ort in Gemeinde der nicht an der Ostsee\u00a0 K\u00fcste liegt. \u015aliwin das ist auch der alteste Ort in Gemeinde Rewal.<\/p>\n<h2 style=\"text-align: center;\">Trz\u0119sacz<\/h2>\n<p style=\"text-align: center;\"><strong>Trz\u0119sacz<\/strong> ist die kleinste und gleichzeitig eine der attraktivsten Ortschaften der Rewal \u2013 K\u00fcste. Die Stadt liegt am 15. Meridian der \u00f6stlichen L\u00e4nge der die mitteleurop\u00e4ische Zeit festlegt. Die Haubtsehensw\u00fcrdigkeit \u2013 Kirchenruine von Hoff aus dem 14\/15 J.h. Die unmittelbar am Kliff liegt.<\/p>\n<p>[\/vc_column_text][\/vc_column][vc_column width=&#8220;1\/2&#8243; css=&#8220;.foto9{background-image: url(http:\/\/www.hotelresidence.pl\/wp-content\/uploads\/2016\/07\/gmina-rewal-02-1.jpg) !important; background-size: cover; background-repeat: no-repeat; background-position: 50% 50%;}&#8220;][vc_empty_space height=&#8220;500px&#8220;][\/vc_column][\/vc_row][vc_row][vc_column][vc_empty_space height=&#8220;55px&#8220;][vc_column_text]<\/p>\n<p>\u00a0<\/p>","protected":false},"excerpt":{"rendered":"<p>[vc_row full_width=&#8220;stretch_row&#8220; parallax=&#8220;content-moving-fade&#8220; parallax_image=&#8220;0&#8243; css=&#8220;.vc_custom_1448954381233{background-image: url(http:\/\/www.hotelresidence.pl\/wp-content\/uploads\/2016\/07\/rewal-podstr.jpg) !important;background-position: center;background-repeat: no-repeat !important;background-size: cover !important;}&#8220;][vc_column][vc_empty_space height=&#8220;360px&#8220;] [\/vc_column_text][\/vc_column][\/vc_row][vc_row][vc_column width=&#8220;5\/12&#8243;] [vc_row full_width=&#8220;stretch_row&#8220; opacity=&#8220;yes&#8220; css=&#8220;.foto2{padding-top: 62px !important;padding-bottom: 62px !important;background-image: url(http:\/\/www.hotelresidence.pl\/wp-content\/uploads\/2016\/07\/rewal-02-1.jpg) !important;}&#8220;][vc_column][vc_column_text el_class=&#8220;white&#8220;] [\/vc_row][vc_row][vc_column][vc_empty_space height=&#8220;55px&#8220;][\/vc_column][\/vc_row][vc_row][vc_column width=&#8220;1\/3&#8243;] Willkommen in Rewal ! Rewal etwas mehr als einfacher Ort. [\/vc_column][vc_column width=&#8220;1\/3&#8243;][vc_single_image image=&#8220;459&#8243; img_size=&#8220;full&#8220;][\/vc_column][vc_column width=&#8220;1\/3&#8243;][vc_column_text]Die Gemeinde Rewal \u2013 dies ist das perfekte Reiseziel f\u00fcr jeden der [&hellip;]<\/p>\n","protected":false},"author":1,"featured_media":0,"parent":0,"menu_order":0,"comment_status":"closed","ping_status":"closed","template":"page-notitle.php","meta":{"footnotes":""},"_links":{"self":[{"href":"https:\/\/hotelresidence.pl\/de\/wp-json\/wp\/v2\/pages\/36"}],"collection":[{"href":"https:\/\/hotelresidence.pl\/de\/wp-json\/wp\/v2\/pages"}],"about":[{"href":"https:\/\/hotelresidence.pl\/de\/wp-json\/wp\/v2\/types\/page"}],"author":[{"embeddable":true,"href":"https:\/\/hotelresidence.pl\/de\/wp-json\/wp\/v2\/users\/1"}],"replies":[{"embeddable":true,"href":"https:\/\/hotelresidence.pl\/de\/wp-json\/wp\/v2\/comments?post=36"}],"version-history":[{"count":124,"href":"https:\/\/hotelresidence.pl\/de\/wp-json\/wp\/v2\/pages\/36\/revisions"}],"predecessor-version":[{"id":2348,"href":"https:\/\/hotelresidence.pl\/de\/wp-json\/wp\/v2\/pages\/36\/revisions\/2348"}],"wp:attachment":[{"href":"https:\/\/hotelresidence.pl\/de\/wp-json\/wp\/v2\/media?parent=36"}],"curies":[{"name":"wp","href":"https:\/\/api.w.org\/{rel}","templated":true}]}}