{"id":1609,"date":"2016-07-08T09:41:31","date_gmt":"2016-07-08T07:41:31","guid":{"rendered":"http:\/\/www.new.hotelresidence.pl\/?page_id=1609"},"modified":"2026-04-24T16:17:00","modified_gmt":"2026-04-24T14:17:00","slug":"restauracja-3","status":"publish","type":"page","link":"https:\/\/hotelresidence.pl\/de\/restauracja\/","title":{"rendered":"RESTAURANT"},"content":{"rendered":"<iframe id=\"ra-reservation-form-v2-1e7ad5e771d7aea70891600dcf09226e\" style=\"width: 100%; height:100px; border: none; padding: 0;\" src=\"https:\/\/roomadmin.pl\/widget\/reservation-v2\/start?fh=bd2639fadaf134de3555b572ca3848fc695d2246&#038;style=%7B%22color_accent%22%3A%22%23d8a942%22%2C%22color_bg%22%3A%22%23f5f5f5%22%2C%22color_panel_header%22%3A%22%23FFFFFF%22%2C%22color_panel_body%22%3A%22%23FFFFFF%22%2C%22rounded_corners%22%3A%22true%22%7D&#038;filter=%7B%7D&#038;lang=pl\"><\/iframe> <script> try { (function () { var iframe = window.document.getElementById('ra-reservation-form-v2-1e7ad5e771d7aea70891600dcf09226e'); function raMessageReceiver(event) { if (iframe) { if (!event.data.sender || \"reservation-form-1e7ad5e771d7aea70891600dcf09226e\" !== event.data.sender) { return; } if (event.data.height) { iframe.style.height = (event.data.height + 10) + \"px\"; } if (event.data.event && event.data.event.name === \"widget.scrollup.requested\") { try { iframe.scrollIntoView({behavior: \"smooth\", block: \"start\"}); } catch (e) { } } if (event.data.event && event.data.event.name === \"reservation.submit.success\") { console.log(\"reservation.submit.success\", event.data.event.data.reservation); var moneyTotal = event.data.event.data.reservation.moneyTotal; \/* kwota rezerwacji wyra\u017cona w GROSZACH*\/ var id = event.data.event.data.reservation.id; \/*id rezerwacji*\/ } if (event.data.event && event.data.event.name === \"reservation.variant-search.start\") { \/*console.log(\"variant search started\"); *\/ } if (event.data.event && event.data.event.name) { console.log(event.data.event.name, event.data.event); } } } window.addEventListener(\"message\", raMessageReceiver, false); function setup() { try { iframe.contentWindow.postMessage({ location: window.location.toString(), setup: { autoHeight: true, senderName: \"reservation-form-1e7ad5e771d7aea70891600dcf09226e\" } }, \"*\"); } catch (e) { } } setInterval(setup, 1000); iframe.addEventListener(\"load\", setup); })(); } catch (e) { console.error(e); } <\/script>\n\n\n<p>&nbsp;<\/p>\n<p>[vc_row][vc_column][\/vc_column][\/vc_row][vc_row][vc_column width=&#8220;1\/2&#8243; css=&#8220;.vc_custom_1448336576950{padding-top: 35px !important;padding-bottom: 55px !important;}&#8220;][vc_column_text]<\/p>\n<h1 class=\"sbig\">RESTAURANT RYCERSKA<\/h1>\n<h6>mit einer Sommerterrasse<\/h6>\n<p>[\/vc_column_text][\/vc_column][vc_column width=&#8220;1\/2&#8243; css=&#8220;.vc_custom_1448340659656{padding-top: 60px !important;padding-bottom: 130px !important;padding-left: 80px !important; padding-right: 80px !important;background-color: #e2e2e2 !important;}&#8220;][vc_column_text el_class=&#8220;.droid-font&#8220;]<\/p>\n<blockquote>\n<h5>Hotel Residence verf\u00fcgt \u00fcber eine elegante und ger\u00e4umige Restaurant<\/h5>\n<\/blockquote>\n<p>[\/vc_column_text][\/vc_column][\/vc_row][vc_row full_width=&#8220;stretch_row&#8220; css=&#8220;.bg-parallax{background-image: url(&#8218;\/wp-content\/uploads\/2016\/07\/restauracja-tlo00.jpg&#8216;) !important; background-size: cover; overflow: hidden;}&#8220;][vc_column][vc_empty_space height=&#8220;300px&#8220;][\/vc_column][\/vc_row]<\/p>\n<p>[vc_row][vc_column width=&#8220;1\/2&#8243; css=&#8220;.vc_custom_1448336576950{padding-top: 35px !important;padding-bottom: 15px !important;}&#8220;][vc_column_text]<\/p>\n<p style=\"text-align: justify;\"><img loading=\"lazy\" decoding=\"async\" class=\"aligncenter wp-image-1626 size-full\" src=\"http:\/\/www.hotelresidence.pl\/wp-content\/uploads\/2016\/07\/restauracja-nadmorzem-01.jpg\" width=\"942\" height=\"435\" srcset=\"https:\/\/hotelresidence.pl\/wp-content\/uploads\/2016\/07\/restauracja-nadmorzem-01.jpg 942w, https:\/\/hotelresidence.pl\/wp-content\/uploads\/2016\/07\/restauracja-nadmorzem-01-370x171.jpg 370w, https:\/\/hotelresidence.pl\/wp-content\/uploads\/2016\/07\/restauracja-nadmorzem-01-768x355.jpg 768w\" sizes=\"(max-width: 942px) 100vw, 942px\" \/><\/p>\n<p>\u00a0Unser attraktives Menu bewirkt, das \u00a0 Jeder etwas f\u00fcr sich finden wird. Hier werden Speisen der polnischen sowie \u00a0der europ\u00e4ischen K\u00fcche serviert.<\/p>\n<p>&nbsp;<\/p>\n<p><img loading=\"lazy\" decoding=\"async\" class=\"aligncenter wp-image-1629 size-full\" src=\"http:\/\/www.hotelresidence.pl\/wp-content\/uploads\/2016\/07\/restauracja-nadmorzem-03.jpg\" width=\"942\" height=\"435\" srcset=\"https:\/\/hotelresidence.pl\/wp-content\/uploads\/2016\/07\/restauracja-nadmorzem-03.jpg 942w, https:\/\/hotelresidence.pl\/wp-content\/uploads\/2016\/07\/restauracja-nadmorzem-03-370x171.jpg 370w, https:\/\/hotelresidence.pl\/wp-content\/uploads\/2016\/07\/restauracja-nadmorzem-03-768x355.jpg 768w\" sizes=\"(max-width: 942px) 100vw, 942px\" \/><\/p>\n<p style=\"text-align: justify;\">[\/vc_column_text][\/vc_column][vc_column width=&#8220;1\/2&#8243; css=&#8220;.vc_custom_1448340659656{padding-top: 70px !important;padding-bottom: 100px !important;padding-left: 80px !important;background-color: #e2e2e2 !important;}&#8220;][vc_column_text el_class=&#8220;.droid-font&#8220;]<\/p>\n<p><img loading=\"lazy\" decoding=\"async\" class=\"wp-image-1641 size-full aligncenter\" src=\"http:\/\/www.hotelresidence.pl\/wp-content\/uploads\/2016\/07\/restauracja-hotel1.jpg\" width=\"435\" height=\"614\" srcset=\"https:\/\/hotelresidence.pl\/wp-content\/uploads\/2016\/07\/restauracja-hotel1.jpg 435w, https:\/\/hotelresidence.pl\/wp-content\/uploads\/2016\/07\/restauracja-hotel1-178x251.jpg 178w\" sizes=\"(max-width: 435px) 100vw, 435px\" \/><\/p>\n<p>[\/vc_column_text][\/vc_column][\/vc_row]<br \/>\n[vc_row][vc_column width=&#8220;12\/12&#8243;]<\/p>\n<blockquote><p>\u00a0Das Caf\u00e9 mit Blick aufs Meer, lockt mit dem Geruch von frisch gebr\u00fchtem Kaffe, hausgemachten Kuchen und raffinierten Desserts.<\/p><\/blockquote>\n<p>[\/vc_column][\/vc_row]<br \/>\n[vc_row][vc_column width=&#8220;1\/2&#8243; css=&#8220;.vc_custom_1448340659656{padding-top: 60px !important;padding-bottom: 70px !important;padding-left: 80px !important; padding-right: 80px !important;background-color: #e2e2e2 !important;}&#8220;][vc_column_text el_class=&#8220;.droid-font&#8220;]<\/p>\n<p><img loading=\"lazy\" decoding=\"async\" class=\"aligncenter wp-image-1635 size-full\" src=\"http:\/\/www.hotelresidence.pl\/wp-content\/uploads\/2016\/07\/restauracja-nadmorzem-05.jpg\" width=\"942\" height=\"435\" srcset=\"https:\/\/hotelresidence.pl\/wp-content\/uploads\/2016\/07\/restauracja-nadmorzem-05.jpg 942w, https:\/\/hotelresidence.pl\/wp-content\/uploads\/2016\/07\/restauracja-nadmorzem-05-370x171.jpg 370w, https:\/\/hotelresidence.pl\/wp-content\/uploads\/2016\/07\/restauracja-nadmorzem-05-768x355.jpg 768w\" sizes=\"(max-width: 942px) 100vw, 942px\" \/><\/p>\n<p><strong>Auf individuellen Wunsch organiesieren wir:<\/strong><\/p>\n<ul>\n<li>&#8211; Hochzeiten und Kommunionen<br \/>\n&#8211; Kinderballen<br \/>\n&#8211; Heilige Abenden f\u00fcr Unternehmen<br \/>\n&#8211; Abschlussballen<br \/>\n&#8211; Geburts und Namenstage<br \/>\n&#8211; Gesch\u00e4ftsessen<br \/>\n&#8211; Bankette<br \/>\n&#8211; Werbeveranstaltungen<br \/>\n&#8211; Feste, Lagerfeuer und Grille<br \/>\n&#8211; Gelegentsfeier<\/li>\n<\/ul>\n<p><img loading=\"lazy\" decoding=\"async\" class=\"aligncenter wp-image-1447 size-full\" src=\"http:\/\/www.hotelresidence.pl\/wp-content\/uploads\/2015\/11\/kawiarnia-hotel.jpg\" width=\"942\" height=\"435\" srcset=\"https:\/\/hotelresidence.pl\/wp-content\/uploads\/2015\/11\/kawiarnia-hotel.jpg 942w, https:\/\/hotelresidence.pl\/wp-content\/uploads\/2015\/11\/kawiarnia-hotel-300x139.jpg 300w, https:\/\/hotelresidence.pl\/wp-content\/uploads\/2015\/11\/kawiarnia-hotel-768x355.jpg 768w\" sizes=\"(max-width: 942px) 100vw, 942px\" \/><\/p>\n<p>[\/vc_column_text][\/vc_column][vc_column width=&#8220;1\/2&#8243; css=&#8220;.vc_custom_1448336576950{padding-top: 35px !important;padding-bottom: 55px !important;}&#8220;][vc_column_text]<\/p>\n<h4 style=\"text-align: left;\">\u00a0Der Drinkbar ist bis Sp\u00e4t in der Nacht ge\u00f6ffnet und schl\u00e4gt Alkohol aus allen Weltseiten vor. Die Barkeepern werden Sie mit exklusiven Coct\u00e1ils verw\u00f6hnen.<\/h4>\n<p><img loading=\"lazy\" decoding=\"async\" class=\"aligncenter wp-image-1627 size-full\" src=\"http:\/\/www.hotelresidence.pl\/wp-content\/uploads\/2016\/07\/restauracja-nadmorzem-02.jpg\" width=\"942\" height=\"435\" srcset=\"https:\/\/hotelresidence.pl\/wp-content\/uploads\/2016\/07\/restauracja-nadmorzem-02.jpg 942w, https:\/\/hotelresidence.pl\/wp-content\/uploads\/2016\/07\/restauracja-nadmorzem-02-370x171.jpg 370w, https:\/\/hotelresidence.pl\/wp-content\/uploads\/2016\/07\/restauracja-nadmorzem-02-768x355.jpg 768w\" sizes=\"(max-width: 942px) 100vw, 942px\" \/><\/p>\n<blockquote><p>Sommergarten mit Blick aufs Meer wird die Liebhabern der frisch \u00a0 gefangenem Fisch oder Originalen Doner Kebab zu befriedigen.<\/p><\/blockquote>\n<h5><img loading=\"lazy\" decoding=\"async\" class=\"wp-image-1633 size-full aligncenter\" src=\"http:\/\/www.hotelresidence.pl\/wp-content\/uploads\/2016\/07\/restauracja-nadmorzem-04-1.jpg\" width=\"942\" height=\"435\" srcset=\"https:\/\/hotelresidence.pl\/wp-content\/uploads\/2016\/07\/restauracja-nadmorzem-04-1.jpg 942w, https:\/\/hotelresidence.pl\/wp-content\/uploads\/2016\/07\/restauracja-nadmorzem-04-1-370x171.jpg 370w, https:\/\/hotelresidence.pl\/wp-content\/uploads\/2016\/07\/restauracja-nadmorzem-04-1-768x355.jpg 768w\" sizes=\"(max-width: 942px) 100vw, 942px\" \/><\/h5>\n<p>[\/vc_column_text][\/vc_column][\/vc_row]<\/p>\n<h5><\/h5>\n<p><\/p>","protected":false},"excerpt":{"rendered":"<p>&nbsp; [vc_row][vc_column][\/vc_column][\/vc_row][vc_row][vc_column width=&#8220;1\/2&#8243; css=&#8220;.vc_custom_1448336576950{padding-top: 35px !important;padding-bottom: 55px !important;}&#8220;][vc_column_text] RESTAURANT RYCERSKA mit einer Sommerterrasse [\/vc_column_text][\/vc_column][vc_column width=&#8220;1\/2&#8243; css=&#8220;.vc_custom_1448340659656{padding-top: 60px !important;padding-bottom: 130px !important;padding-left: 80px !important; padding-right: 80px !important;background-color: #e2e2e2 !important;}&#8220;][vc_column_text el_class=&#8220;.droid-font&#8220;] Hotel Residence verf\u00fcgt \u00fcber eine elegante und ger\u00e4umige Restaurant [\/vc_column_text][\/vc_column][\/vc_row][vc_row full_width=&#8220;stretch_row&#8220; css=&#8220;.bg-parallax{background-image: url(&#8218;\/wp-content\/uploads\/2016\/07\/restauracja-tlo00.jpg&#8216;) !important; background-size: cover; overflow: hidden;}&#8220;][vc_column][vc_empty_space height=&#8220;300px&#8220;][\/vc_column][\/vc_row] [vc_row][vc_column width=&#8220;1\/2&#8243; css=&#8220;.vc_custom_1448336576950{padding-top: 35px !important;padding-bottom: 15px !important;}&#8220;][vc_column_text] \u00a0Unser [&hellip;]<\/p>\n","protected":false},"author":1,"featured_media":0,"parent":0,"menu_order":0,"comment_status":"closed","ping_status":"closed","template":"page-notitle.php","meta":{"footnotes":""},"_links":{"self":[{"href":"https:\/\/hotelresidence.pl\/de\/wp-json\/wp\/v2\/pages\/1609"}],"collection":[{"href":"https:\/\/hotelresidence.pl\/de\/wp-json\/wp\/v2\/pages"}],"about":[{"href":"https:\/\/hotelresidence.pl\/de\/wp-json\/wp\/v2\/types\/page"}],"author":[{"embeddable":true,"href":"https:\/\/hotelresidence.pl\/de\/wp-json\/wp\/v2\/users\/1"}],"replies":[{"embeddable":true,"href":"https:\/\/hotelresidence.pl\/de\/wp-json\/wp\/v2\/comments?post=1609"}],"version-history":[{"count":31,"href":"https:\/\/hotelresidence.pl\/de\/wp-json\/wp\/v2\/pages\/1609\/revisions"}],"predecessor-version":[{"id":2336,"href":"https:\/\/hotelresidence.pl\/de\/wp-json\/wp\/v2\/pages\/1609\/revisions\/2336"}],"wp:attachment":[{"href":"https:\/\/hotelresidence.pl\/de\/wp-json\/wp\/v2\/media?parent=1609"}],"curies":[{"name":"wp","href":"https:\/\/api.w.org\/{rel}","templated":true}]}}