{"id":1519,"date":"2016-07-07T19:42:32","date_gmt":"2016-07-07T17:42:32","guid":{"rendered":"http:\/\/www.new.hotelresidence.pl\/?page_id=1519"},"modified":"2026-04-24T16:25:02","modified_gmt":"2026-04-24T14:25:02","slug":"wesele","status":"publish","type":"page","link":"https:\/\/hotelresidence.pl\/de\/wesele\/","title":{"rendered":"Wesele"},"content":{"rendered":"<iframe id=\"ra-reservation-form-v2-1e7ad5e771d7aea70891600dcf09226e\" style=\"width: 100%; height:100px; border: none; padding: 0;\" src=\"https:\/\/roomadmin.pl\/widget\/reservation-v2\/start?fh=bd2639fadaf134de3555b572ca3848fc695d2246&#038;style=%7B%22color_accent%22%3A%22%23d8a942%22%2C%22color_bg%22%3A%22%23f5f5f5%22%2C%22color_panel_header%22%3A%22%23FFFFFF%22%2C%22color_panel_body%22%3A%22%23FFFFFF%22%2C%22rounded_corners%22%3A%22true%22%7D&#038;filter=%7B%7D&#038;lang=pl\"><\/iframe> <script> try { (function () { var iframe = window.document.getElementById('ra-reservation-form-v2-1e7ad5e771d7aea70891600dcf09226e'); function raMessageReceiver(event) { if (iframe) { if (!event.data.sender || \"reservation-form-1e7ad5e771d7aea70891600dcf09226e\" !== event.data.sender) { return; } if (event.data.height) { iframe.style.height = (event.data.height + 10) + \"px\"; } if (event.data.event && event.data.event.name === \"widget.scrollup.requested\") { try { iframe.scrollIntoView({behavior: \"smooth\", block: \"start\"}); } catch (e) { } } if (event.data.event && event.data.event.name === \"reservation.submit.success\") { console.log(\"reservation.submit.success\", event.data.event.data.reservation); var moneyTotal = event.data.event.data.reservation.moneyTotal; \/* kwota rezerwacji wyra\u017cona w GROSZACH*\/ var id = event.data.event.data.reservation.id; \/*id rezerwacji*\/ } if (event.data.event && event.data.event.name === \"reservation.variant-search.start\") { \/*console.log(\"variant search started\"); *\/ } if (event.data.event && event.data.event.name) { console.log(event.data.event.name, event.data.event); } } } window.addEventListener(\"message\", raMessageReceiver, false); function setup() { try { iframe.contentWindow.postMessage({ location: window.location.toString(), setup: { autoHeight: true, senderName: \"reservation-form-1e7ad5e771d7aea70891600dcf09226e\" } }, \"*\"); } catch (e) { } } setInterval(setup, 1000); iframe.addEventListener(\"load\", setup); })(); } catch (e) { console.error(e); } <\/script>\n\n\n<p>[vc_row full_width=&#8220;stretch_row&#8220; css=&#8220;.bg-parallax{background-image: url(&#8218;\/wp-content\/uploads\/2016\/09\/podst-wesele4.jpg&#8216;) !important; background-size: cover; overflow: hidden;}&#8220;][vc_column][vc_empty_space height=&#8220;400px&#8220;][\/vc_column][\/vc_row]<\/p>\n<p>[vc_row][vc_column width=&#8220;1\/2&#8243; css=&#8220;.vc_custom_1448336576950{padding-top: 35px !important;padding-bottom: 55px !important;}&#8220;][vc_column_text]<\/p>\n<h2 class=\"sbig mb-2\">Wymarzone wesele nad morzem<\/h2>\n<h5 class=\"mt-0 mb-2\"><strong>Wiemy jak sprawi\u0107, aby Pa\u0144stwo M\u0142odzi mogli w pe\u0142ni cieszy\u0107 si\u0119 swoim \u015bwi\u0119tem.<\/strong><\/h5>\n<p>Przygotowuj\u0105c przyj\u0119cie weselne dostosujemy si\u0119 do <strong>Pa\u0144stwa \u017cycze\u0144 i bud\u017cetu<\/strong>. Jeste\u015bmy elastyczni, ch\u0119tnie wys\u0142uchamy Pa\u0144stwa pomys\u0142\u00f3w na wymarzone wesele i pomo\u017cemy je spe\u0142ni\u0107.<\/p>\n<p>[\/vc_column_text][\/vc_column][vc_column width=&#8220;1\/2&#8243; css=&#8220;.vc_custom_1448340659656{padding-top: 60px !important;padding-bottom: 130px !important;padding-left: 80px !important; padding-right: 80px !important;background-color: #e2e2e2 !important;}&#8220;][vc_column_text el_class=&#8220;.droid-font&#8220;]<\/p>\n<blockquote>\n<p><strong>Przygotujemy dla Pa\u0144stwa wspania\u0142e przyj\u0119cie weselne, jakiego nie zapomni Para M\u0142oda i jej Go\u015bcie. Zapewniamy doskona\u0142\u0105 organizacj\u0119, profesjonaln\u0105 obs\u0142ug\u0119 i wy\u015bmienite potrawy.<br \/><\/strong><\/p>\n<\/blockquote>\n<p>[\/vc_column_text][\/vc_column][\/vc_row]<\/p>\n<p>\u00a0<\/p>\n<p>[vc_row][vc_column width=&#8220;1\/2&#8243; css=&#8220;.vc_custom_1448336576950{padding-top: 35px !important;padding-bottom: 15px !important;}&#8220;][vc_column_text]<\/p>\n<p style=\"text-align: justify;\"><img loading=\"lazy\" decoding=\"async\" class=\"aligncenter wp-image-1523 size-full\" src=\"http:\/\/www.hotelresidence.pl\/wp-content\/uploads\/2016\/07\/wesele-nadmorzem-rewal.jpg\" width=\"942\" height=\"435\" srcset=\"https:\/\/hotelresidence.pl\/wp-content\/uploads\/2016\/07\/wesele-nadmorzem-rewal.jpg 942w, https:\/\/hotelresidence.pl\/wp-content\/uploads\/2016\/07\/wesele-nadmorzem-rewal-300x139.jpg 300w, https:\/\/hotelresidence.pl\/wp-content\/uploads\/2016\/07\/wesele-nadmorzem-rewal-768x355.jpg 768w\" sizes=\"(max-width: 942px) 100vw, 942px\" \/><\/p>\n<h5><strong>W ramach oferty weselnej zapewniamy:<\/strong><\/h5>\n<p>&#8211; wykwintne menu<br \/>&#8211; profesjonaln\u0105 pomoc w przygotowaniach<br \/>&#8211; tradycyjne powitanie chlebem i sol\u0105<br \/>&#8211; wino musuj\u0105ce na toast powitalny go\u015bci<br \/>&#8211; pe\u0142n\u0105 obs\u0142ug\u0119 kelnersk\u0105<br \/>&#8211; brak op\u0142aty korkowej<\/p>\n<p><img loading=\"lazy\" decoding=\"async\" class=\"aligncenter wp-image-1530 size-full\" src=\"http:\/\/www.hotelresidence.pl\/wp-content\/uploads\/2016\/07\/wesele-nadmorzem-rewal-01.jpg\" width=\"942\" height=\"435\" srcset=\"https:\/\/hotelresidence.pl\/wp-content\/uploads\/2016\/07\/wesele-nadmorzem-rewal-01.jpg 942w, https:\/\/hotelresidence.pl\/wp-content\/uploads\/2016\/07\/wesele-nadmorzem-rewal-01-300x139.jpg 300w, https:\/\/hotelresidence.pl\/wp-content\/uploads\/2016\/07\/wesele-nadmorzem-rewal-01-768x355.jpg 768w\" sizes=\"(max-width: 942px) 100vw, 942px\" \/><\/p>\n<p style=\"text-align: justify;\">[\/vc_column_text][\/vc_column][vc_column width=&#8220;1\/2&#8243; css=&#8220;.vc_custom_1448340659656{padding-top: 70px !important;padding-bottom: 100px !important;padding-left: 80px !important;background-color: #e2e2e2 !important;}&#8220;][vc_column_text el_class=&#8220;.droid-font&#8220;]<\/p>\n<p><img loading=\"lazy\" decoding=\"async\" class=\"wp-image-1590 size-full aligncenter\" src=\"http:\/\/www.hotelresidence.pl\/wp-content\/uploads\/2016\/07\/wesele-nadmorzem-05.jpg\" width=\"435\" height=\"614\" srcset=\"https:\/\/hotelresidence.pl\/wp-content\/uploads\/2016\/07\/wesele-nadmorzem-05.jpg 435w, https:\/\/hotelresidence.pl\/wp-content\/uploads\/2016\/07\/wesele-nadmorzem-05-178x251.jpg 178w\" sizes=\"(max-width: 435px) 100vw, 435px\" \/><\/p>\n<p>[\/vc_column_text][\/vc_column][\/vc_row]<br \/>[vc_row][vc_column width=&#8220;12\/12&#8243;]<\/p>\n<blockquote>\n<h5><strong>Przyj\u0119cia weselne odbywaj\u0105 si\u0119 w pi\u0119knej, stylowej sali restauracji &#8222;Rycerska&#8220;.<\/strong><\/h5>\n<\/blockquote>\n<p>[\/vc_column][\/vc_row]<br \/>[vc_row][vc_column width=&#8220;1\/2&#8243; css=&#8220;.vc_custom_1448340659656{padding-top: 60px !important;padding-bottom: 70px !important;padding-left: 80px !important; padding-right: 80px !important;background-color: #e2e2e2 !important;}&#8220;][vc_column_text el_class=&#8220;.droid-font&#8220;]<\/p>\n<h5><strong>Dla go\u015bci weselnych, kt\u00f3rzy zdecyduj\u0105 si\u0119 zosta\u0107 po przyj\u0119ciu w hotelu, proponujemy bardzo atrakcyjne ceny pokoi.<\/strong><\/h5>\n<p><img loading=\"lazy\" decoding=\"async\" class=\"wp-image-1394 size-full aligncenter\" src=\"http:\/\/www.hotelresidence.pl\/wp-content\/uploads\/2016\/07\/cennik-pok.jpg\" width=\"942\" height=\"435\" srcset=\"https:\/\/hotelresidence.pl\/wp-content\/uploads\/2016\/07\/cennik-pok.jpg 942w, https:\/\/hotelresidence.pl\/wp-content\/uploads\/2016\/07\/cennik-pok-300x139.jpg 300w, https:\/\/hotelresidence.pl\/wp-content\/uploads\/2016\/07\/cennik-pok-768x355.jpg 768w\" sizes=\"(max-width: 942px) 100vw, 942px\" \/><\/p>\n<h5><strong>Dysponujemy \u0142\u0105cznie 104 miejscami noclegowymi w pokojach:<\/strong><\/h5>\n<ul>\n<li>&#8211; pokoje 1os. &#8211; 2x<\/li>\n<li>&#8211; pokoje 2os. -7x<\/li>\n<li>&#8211; pokoje 3os. lub 4os. -22x<\/li>\n<\/ul>\n<p>Wszystkie pokoje s\u0105 komfortowo urz\u0105dzone, w ka\u017cdym znajduje si\u0119 telewizor, radio, telefon, bezprzewodowy Internet, lod\u00f3wka i mini bar.<\/p>\n<p><img loading=\"lazy\" decoding=\"async\" class=\"wp-image-1110 size-full aligncenter\" src=\"http:\/\/www.hotelresidence.pl\/wp-content\/uploads\/2016\/07\/sala-weselna-hotelresidence02.jpg\" width=\"942\" height=\"435\" srcset=\"https:\/\/hotelresidence.pl\/wp-content\/uploads\/2016\/07\/sala-weselna-hotelresidence02.jpg 942w, https:\/\/hotelresidence.pl\/wp-content\/uploads\/2016\/07\/sala-weselna-hotelresidence02-300x139.jpg 300w, https:\/\/hotelresidence.pl\/wp-content\/uploads\/2016\/07\/sala-weselna-hotelresidence02-768x355.jpg 768w\" sizes=\"(max-width: 942px) 100vw, 942px\" \/><\/p>\n<p>[\/vc_column_text][\/vc_column][vc_column width=&#8220;1\/2&#8243; css=&#8220;.vc_custom_1448336576950{padding-top: 35px !important;padding-bottom: 55px !important;}&#8220;][vc_column_text]<\/p>\n<h4 style=\"text-align: left;\">Organizujemy przyj\u0119cia weselen od 60 do 100 os\u00f3b.<\/h4>\n<p><img loading=\"lazy\" decoding=\"async\" class=\"wp-image-1605 size-full aligncenter\" src=\"http:\/\/www.hotelresidence.pl\/wp-content\/uploads\/2016\/07\/wesele-nadmorzem-rewal-04.jpg\" width=\"942\" height=\"435\" srcset=\"https:\/\/hotelresidence.pl\/wp-content\/uploads\/2016\/07\/wesele-nadmorzem-rewal-04.jpg 942w, https:\/\/hotelresidence.pl\/wp-content\/uploads\/2016\/07\/wesele-nadmorzem-rewal-04-370x171.jpg 370w, https:\/\/hotelresidence.pl\/wp-content\/uploads\/2016\/07\/wesele-nadmorzem-rewal-04-768x355.jpg 768w\" sizes=\"(max-width: 942px) 100vw, 942px\" \/><\/p>\n<blockquote>\n<h5><strong><em>S\u0142u\u017c\u0105c swoim do\u015bwiadczeniem, udzielimy Pa\u0144stwu wskaz\u00f3wek w doborze menu, zasugerujemy\u00a0 rozwi\u0105zania dotycz\u0105ce wystroju, oprawy muzycznej i florystycznej.<\/em><br \/><\/strong><\/h5>\n<\/blockquote>\n<h5><img loading=\"lazy\" decoding=\"async\" class=\"wp-image-1596 size-full aligncenter\" src=\"http:\/\/www.hotelresidence.pl\/wp-content\/uploads\/2016\/07\/wesele-nadmorzem-rewal-02.jpg\" width=\"942\" height=\"435\" srcset=\"https:\/\/hotelresidence.pl\/wp-content\/uploads\/2016\/07\/wesele-nadmorzem-rewal-02.jpg 942w, https:\/\/hotelresidence.pl\/wp-content\/uploads\/2016\/07\/wesele-nadmorzem-rewal-02-370x171.jpg 370w, https:\/\/hotelresidence.pl\/wp-content\/uploads\/2016\/07\/wesele-nadmorzem-rewal-02-768x355.jpg 768w\" sizes=\"(max-width: 942px) 100vw, 942px\" \/><\/h5>\n<p>[\/vc_column_text][\/vc_column][\/vc_row]<\/p>\n<h5>\u00a0<\/h5>\n<p><\/p>","protected":false},"excerpt":{"rendered":"<p>[vc_row full_width=&#8220;stretch_row&#8220; css=&#8220;.bg-parallax{background-image: url(&#8218;\/wp-content\/uploads\/2016\/09\/podst-wesele4.jpg&#8216;) !important; background-size: cover; overflow: hidden;}&#8220;][vc_column][vc_empty_space height=&#8220;400px&#8220;][\/vc_column][\/vc_row] [vc_row][vc_column width=&#8220;1\/2&#8243; css=&#8220;.vc_custom_1448336576950{padding-top: 35px !important;padding-bottom: 55px !important;}&#8220;][vc_column_text] Wymarzone wesele nad morzem Wiemy jak sprawi\u0107, aby Pa\u0144stwo M\u0142odzi mogli w pe\u0142ni cieszy\u0107 si\u0119 swoim \u015bwi\u0119tem. Przygotowuj\u0105c przyj\u0119cie weselne dostosujemy si\u0119 do Pa\u0144stwa \u017cycze\u0144 i bud\u017cetu. Jeste\u015bmy elastyczni, ch\u0119tnie wys\u0142uchamy Pa\u0144stwa pomys\u0142\u00f3w na wymarzone wesele i pomo\u017cemy [&hellip;]<\/p>\n","protected":false},"author":1,"featured_media":0,"parent":0,"menu_order":0,"comment_status":"closed","ping_status":"closed","template":"page-notitle.php","meta":{"footnotes":""},"_links":{"self":[{"href":"https:\/\/hotelresidence.pl\/de\/wp-json\/wp\/v2\/pages\/1519"}],"collection":[{"href":"https:\/\/hotelresidence.pl\/de\/wp-json\/wp\/v2\/pages"}],"about":[{"href":"https:\/\/hotelresidence.pl\/de\/wp-json\/wp\/v2\/types\/page"}],"author":[{"embeddable":true,"href":"https:\/\/hotelresidence.pl\/de\/wp-json\/wp\/v2\/users\/1"}],"replies":[{"embeddable":true,"href":"https:\/\/hotelresidence.pl\/de\/wp-json\/wp\/v2\/comments?post=1519"}],"version-history":[{"count":49,"href":"https:\/\/hotelresidence.pl\/de\/wp-json\/wp\/v2\/pages\/1519\/revisions"}],"predecessor-version":[{"id":2350,"href":"https:\/\/hotelresidence.pl\/de\/wp-json\/wp\/v2\/pages\/1519\/revisions\/2350"}],"wp:attachment":[{"href":"https:\/\/hotelresidence.pl\/de\/wp-json\/wp\/v2\/media?parent=1519"}],"curies":[{"name":"wp","href":"https:\/\/api.w.org\/{rel}","templated":true}]}}