{"id":1299,"date":"2016-07-06T16:59:28","date_gmt":"2016-07-06T14:59:28","guid":{"rendered":"http:\/\/www.new.hotelresidence.pl\/?page_id=1299"},"modified":"2024-05-10T13:53:05","modified_gmt":"2024-05-10T11:53:05","slug":"zwierze-w-hotelu","status":"publish","type":"page","link":"https:\/\/hotelresidence.pl\/de\/zwierze-w-hotelu\/","title":{"rendered":"Zwierz\u0119 w hotelu"},"content":{"rendered":"<p>&nbsp;<\/p>\n<p>[vc_row][vc_column][\/vc_column][\/vc_row][vc_row][vc_column width=&#8220;1\/2&#8243; css=&#8220;.vc_custom_1448336576950{padding-top: 35px !important;padding-bottom: 0px !important;}&#8220;][vc_column_text]<\/p>\n<h1 class=\"sbig\">TIEREN IN HOTEL<\/h1>\n<h5>Przyjed\u017a do nas ze swoim pupilem<\/h5>\n<p><img loading=\"lazy\" decoding=\"async\" class=\"aligncenter wp-image-1301 size-full\" src=\"http:\/\/www.hotelresidence.pl\/wp-content\/uploads\/2016\/07\/zwierze.jpg\" width=\"942\" height=\"435\" srcset=\"https:\/\/hotelresidence.pl\/wp-content\/uploads\/2016\/07\/zwierze.jpg 942w, https:\/\/hotelresidence.pl\/wp-content\/uploads\/2016\/07\/zwierze-300x139.jpg 300w, https:\/\/hotelresidence.pl\/wp-content\/uploads\/2016\/07\/zwierze-768x355.jpg 768w\" sizes=\"(max-width: 942px) 100vw, 942px\" \/>[\/vc_column_text][\/vc_column][vc_column width=&#8220;1\/2&#8243; css=&#8220;.vc_custom_acdf{padding-top: 90px !important;padding-bottom: 90px !important;padding-left: 80px !important; padding-right: 80px !important;background-color: #e2e2e2 !important;}&#8220;][vc_column_text el_class=&#8220;.droid-font&#8220;]<\/p>\n<blockquote>\n<h5><strong>Hotel Residence erlaubt seinen G\u00e4sten Ihre lieblinge mitzunehmen.<br \/>\n<\/strong><\/h5>\n<\/blockquote>\n<p>[vc_row][vc_column width=&#8220;1\/2&#8243; css=&#8220;.cytat_srodek{padding-top: 15px !important;padding-bottom: 15px !important;}&#8220;][vc_column_text]<br \/>\n[\/vc_column_text][\/vc_column][\/vc_row]<\/p>\n<p>[vc_row][vc_column width=&#8220;1\/2&#8243; css=&#8220;.vc_custom_dsad{padding-top: 60px !important;padding-bottom: 70px !important;padding-left: 80px !important; padding-right: 80px !important;background-color: #e2e2e2 !important;}&#8220;][vc_column_text el_class=&#8220;.droid-font&#8220;]<\/p>\n<h4><strong>BUCHEN<\/strong><\/h4>\n<p>Zus\u00e4tzliche Geb\u00fchr ist in der Preisliste verzeichnet. Die Unterbringung mit \u00a0Tieren ist nach Voranmeldung erlaubt. Zimmern in dennen sich die Tieren aufhalten durfen, sind begrenzt.<\/p>\n<h4>GESUNDHEIT<\/h4>\n<p>Das Tiere darf sich nur in Hotel aufhalten mit dem aktuellen, arztlichen Bescheinigung \u00fcber Impfungen und entwurmen. Das Hotel nimmt keine kranken Tiere auf.<\/p>\n<p>[\/vc_column_text][\/vc_column][vc_column width=&#8220;1\/2&#8243; css=&#8220;.vc_custom_wwsj{padding-top: 35px !important;padding-bottom: 55px !important;}&#8220;][vc_column_text]<\/p>\n<h4><strong>PURITY<\/strong><\/h4>\n<p>Der Besitzer ist verpflichtet Tierexkremente wegzur\u00e4umen, auf Wunsch werden kostenlos Beutel f\u00fcr Exkremente zur Verf\u00fcgung gestellt.<\/p>\n<blockquote>\n<h5>Der Besitzer ist verpflichtet Tierexkremente wegzur\u00e4umen, auf Wunsch werden kostenlos Beutel f\u00fcr Exkremente zur Verf\u00fcgung gestellt.<\/h5>\n<\/blockquote>\n<h5><\/h5>\n<p>[\/vc_column_text][\/vc_column][\/vc_row]<\/p>\n<h5><\/h5>\n<p><\/p>","protected":false},"excerpt":{"rendered":"<p>&nbsp; [vc_row][vc_column][\/vc_column][\/vc_row][vc_row][vc_column width=&#8220;1\/2&#8243; css=&#8220;.vc_custom_1448336576950{padding-top: 35px !important;padding-bottom: 0px !important;}&#8220;][vc_column_text] TIEREN IN HOTEL Przyjed\u017a do nas ze swoim pupilem [\/vc_column_text][\/vc_column][vc_column width=&#8220;1\/2&#8243; css=&#8220;.vc_custom_acdf{padding-top: 90px !important;padding-bottom: 90px !important;padding-left: 80px !important; padding-right: 80px !important;background-color: #e2e2e2 !important;}&#8220;][vc_column_text el_class=&#8220;.droid-font&#8220;] Hotel Residence erlaubt seinen G\u00e4sten Ihre lieblinge mitzunehmen. [vc_row][vc_column width=&#8220;1\/2&#8243; css=&#8220;.cytat_srodek{padding-top: 15px !important;padding-bottom: 15px !important;}&#8220;][vc_column_text] [\/vc_column_text][\/vc_column][\/vc_row] [vc_row][vc_column width=&#8220;1\/2&#8243; css=&#8220;.vc_custom_dsad{padding-top: 60px !important;padding-bottom: 70px !important;padding-left: [&hellip;]<\/p>\n","protected":false},"author":1,"featured_media":0,"parent":0,"menu_order":0,"comment_status":"closed","ping_status":"closed","template":"page-notitle.php","meta":{"footnotes":""},"_links":{"self":[{"href":"https:\/\/hotelresidence.pl\/de\/wp-json\/wp\/v2\/pages\/1299"}],"collection":[{"href":"https:\/\/hotelresidence.pl\/de\/wp-json\/wp\/v2\/pages"}],"about":[{"href":"https:\/\/hotelresidence.pl\/de\/wp-json\/wp\/v2\/types\/page"}],"author":[{"embeddable":true,"href":"https:\/\/hotelresidence.pl\/de\/wp-json\/wp\/v2\/users\/1"}],"replies":[{"embeddable":true,"href":"https:\/\/hotelresidence.pl\/de\/wp-json\/wp\/v2\/comments?post=1299"}],"version-history":[{"count":15,"href":"https:\/\/hotelresidence.pl\/de\/wp-json\/wp\/v2\/pages\/1299\/revisions"}],"predecessor-version":[{"id":2166,"href":"https:\/\/hotelresidence.pl\/de\/wp-json\/wp\/v2\/pages\/1299\/revisions\/2166"}],"wp:attachment":[{"href":"https:\/\/hotelresidence.pl\/de\/wp-json\/wp\/v2\/media?parent=1299"}],"curies":[{"name":"wp","href":"https:\/\/api.w.org\/{rel}","templated":true}]}}