{"id":1082,"date":"2016-07-05T09:51:40","date_gmt":"2016-07-05T07:51:40","guid":{"rendered":"http:\/\/www.new.hotelresidence.pl\/?page_id=1082"},"modified":"2016-07-07T19:54:55","modified_gmt":"2016-07-07T17:54:55","slug":"menu-weselne-i","status":"publish","type":"page","link":"https:\/\/hotelresidence.pl\/de\/menu-weselne-i\/","title":{"rendered":"Menu weselne I"},"content":{"rendered":"<p>[vc_row][vc_column][\/vc_column][\/vc_row][vc_row][vc_column width=&#8220;1\/2&#8243; css=&#8220;.vc_custom_1448336576950{padding-top: 35px !important;padding-bottom: 55px !important;}&#8220;][vc_column_text]<\/p>\n<h1 class=\"sbig\">OFERTA MENU BANKIETU WESELNEGO<\/h1>\n<h5>Powitanie po staropolsku chlebem i sol\u0105<br \/>\noraz lampk\u0105 wina musuj\u0105cego.<\/h5>\n<p>[\/vc_column_text][\/vc_column][vc_column width=&#8220;1\/2&#8243; css=&#8220;.vc_custom_1448340659656{padding-top: 60px !important;padding-bottom: 130px !important;padding-left: 80px !important; padding-right: 80px !important;background-color: #e2e2e2 !important;}&#8220;][vc_column_text el_class=&#8220;.droid-font&#8220;]<\/p>\n<blockquote><p><strong>CENA BANKIETU WESELNEGO\u00a0<\/strong><br \/>\n<cite>\u00a0140,00 PLN\/osoba<\/cite><\/p><\/blockquote>\n<p>[\/vc_column_text][\/vc_column][\/vc_row][vc_row full_width=&#8220;stretch_row&#8220; css=&#8220;.bg-parallax{background-image: url(&#8218;\/wp-content\/uploads\/2016\/07\/gastronomia-02.jpg&#8216;) !important; background-size: cover; overflow: hidden;}&#8220;][vc_column][vc_empty_space height=&#8220;300px&#8220;][\/vc_column][\/vc_row]<\/p>\n<p>[vc_row][vc_column width=&#8220;1\/2&#8243; css=&#8220;.vc_custom_1448336576950{padding-top: 35px !important;padding-bottom: 15px !important;}&#8220;][vc_column_text]<\/p>\n<h6><strong>OBIAD:<\/strong><\/h6>\n<p>Ros\u00f3\u0142 drobiowo-wo\u0142owy z makaronem<\/p>\n<ul>\n<li>&#8211; Karczek pieczony z sosem kurkowym<\/li>\n<li>&#8211; Puree ziemniaczane z nut\u0105 truflow\u0105<\/li>\n<li>&#8211; Bukiet sur\u00f3wek: kapusta bia\u0142a, kapusta czerwona z octem winnym<\/li>\n<\/ul>\n<h6><strong>DANIA GOR\u0104CE:<\/strong><\/h6>\n<ul>\n<li>&#8211; Piecze\u0144 wieprzowa, chrzan, musztarda, ketchup<\/li>\n<li>&#8211; Zupa gulaszowa<\/li>\n<li>&#8211; Barszcz z pasztecikiem<\/li>\n<\/ul>\n<h6><strong>NAPOJE<\/strong><\/h6>\n<ul>\n<li>&#8211; Woda mineralna niegazowana bez ogranicze\u0144<\/li>\n<\/ul>\n<p>&nbsp;<\/p>\n<p style=\"text-align: justify;\"><img loading=\"lazy\" decoding=\"async\" class=\"aligncenter wp-image-580 size-large\" src=\"http:\/\/www.hotelresidence.pl\/wp-content\/uploads\/2016\/07\/wehotelresidence-wesele-nadmorzem-1024x683.jpg\" alt=\"wehotel=residence-wesele-nadmorzem\" width=\"1024\" height=\"683\" srcset=\"https:\/\/hotelresidence.pl\/wp-content\/uploads\/2016\/07\/wehotelresidence-wesele-nadmorzem-1024x683.jpg 1024w, https:\/\/hotelresidence.pl\/wp-content\/uploads\/2016\/07\/wehotelresidence-wesele-nadmorzem-300x200.jpg 300w, https:\/\/hotelresidence.pl\/wp-content\/uploads\/2016\/07\/wehotelresidence-wesele-nadmorzem-768x512.jpg 768w, https:\/\/hotelresidence.pl\/wp-content\/uploads\/2016\/07\/wehotelresidence-wesele-nadmorzem.jpg 1500w\" sizes=\"(max-width: 1024px) 100vw, 1024px\" \/>[\/vc_column_text][\/vc_column][vc_column width=&#8220;1\/2&#8243; css=&#8220;.vc_custom_1448340659656{padding-top: 70px !important;padding-bottom: 100px !important;padding-left: 80px !important;background-color: #e2e2e2 !important;}&#8220;][vc_column_text el_class=&#8220;.droid-font&#8220;]<\/p>\n<h6><strong>PRZEK\u0104SKI ZIMNE:<\/strong><\/h6>\n<ul>\n<li>&#8211; schab pieczony ze \u015bliwk\u0105 kalifornijsk\u0105<\/li>\n<li>&#8211; kark\u00f3wka pieczona na soli<\/li>\n<li>&#8211; rolada z boczku pieczonego w zio\u0142ach<\/li>\n<li>&#8211; patery w\u0119dlin, r\u00f3\u017cne rodzaje<\/li>\n<li>&#8211; pasztet francuski z jajkiem<\/li>\n<li>&#8211; galantyna z kurczaka ze szpinakiem<\/li>\n<li>&#8211; \u015bled\u017a po \u0142owicku<\/li>\n<li>&#8211; r\u00f3\u017cyczki z \u0142ososia z serkiem chrzanowym<\/li>\n<li>&#8211; jajka w sosie tatarskim<\/li>\n<li>&#8211; szparagi w szynce, sos Residence<\/li>\n<li>&#8211; tymbaliki drobiowe<\/li>\n<li>&#8211; sa\u0142atka grecka z fet\u0105<\/li>\n<li>&#8211; sa\u0142atka jarzynowa tradycyjna<\/li>\n<li>&#8211; \u015bwie\u017ce warzywa: og\u00f3rki, pomidory<\/li>\n<li>&#8211; warzywa w marynacie: papryka, og\u00f3rki konserwowe,<\/li>\n<li>&#8211; sosy: tatarski, meksyka\u0144ski, czosnkowy<\/li>\n<li>&#8211; pieczywo jasne\u00a0i\u00a0ciemne<\/li>\n<li>&#8211; mas\u0142o<\/li>\n<\/ul>\n<p><strong>*** wszystkie potrawy podawane w ilo\u015bci odpowiadaj\u0105cej ilo\u015bci go\u015bci<\/strong><\/p>\n<p>[\/vc_column_text][\/vc_column][\/vc_row]<br \/>\n[vc_row][vc_column width=&#8220;12\/12&#8243;]<\/p>\n<blockquote><p><strong>CENA POPRAWIN<br \/>\n(dwa dania ciep\u0142e &#8211; \u017curek z kie\u0142bas\u0105 oraz bigos)<\/strong><br \/>\n<cite>\u00a030,00 PLN\/osoba<\/cite><\/p><\/blockquote>\n<p>[\/vc_column][\/vc_row]<br \/>\n[vc_row][vc_column width=&#8220;1\/2&#8243; css=&#8220;.vc_custom_1448340659656{padding-top: 60px !important;padding-bottom: 70px !important;padding-left: 80px !important; padding-right: 80px !important;background-color: #e2e2e2 !important;}&#8220;][vc_column_text el_class=&#8220;.droid-font&#8220;]<\/p>\n<h5><strong>CENY NEGOCJOWANE LUB US\u0141UGA REALIZOWANA PRZEZ NAJEMC\u00d3W:<\/strong><\/h5>\n<ul>\n<li>&#8211; alkohol<\/li>\n<li>&#8211; napoje gazowane oraz soki<\/li>\n<li>&#8211; tort i ciasta<\/li>\n<li>&#8211; dekoracja sto\u0142\u00f3w, sali oraz ogrodu<\/li>\n<li>&#8211; owoce<\/li>\n<li>&#8211; orkiestra,<\/li>\n<li>&#8211; obs\u0142uga orkiestry<\/li>\n<\/ul>\n<p>&nbsp;<\/p>\n<h5><strong>DODATKOWE ATRAKCJE:<\/strong><\/h5>\n<ul>\n<li>&#8211; st\u00f3\u0142 staropolski\/sto\u0142y \u015bwiata (chi\u0144ski, japo\u0144ski, tajski, meksyka\u0144ski)<br \/>\n&#8211; prosiak faszerowany<\/li>\n<li>&#8211; fontanna czekoladowa z owocami<\/li>\n<li>&#8211; barman\/pokaz barma\u0144ski<\/li>\n<li>&#8211; open bar<\/li>\n<li>&#8211; pokaz fajerwerk\u00f3w<\/li>\n<\/ul>\n<p>[\/vc_column_text][\/vc_column][vc_column width=&#8220;1\/2&#8243; css=&#8220;.vc_custom_1448336576950{padding-top: 35px !important;padding-bottom: 55px !important;}&#8220;][vc_column_text]<\/p>\n<h4 style=\"text-align: left;\">Do dyspozycji go\u015bci oddajemy\u00a0100 miejsc noclegowych w 31 pokojach, w tym:<\/h4>\n<ul>\n<li style=\"text-align: left;\">&#8211; dwadzie\u015bcia pokoi czteroosobowych (2+2)<\/li>\n<li style=\"text-align: left;\">&#8211; dziewi\u0119\u0107 pokoi dwuosobowych<\/li>\n<li style=\"text-align: left;\">&#8211; dwa pokoje jednoosobowe<\/li>\n<li style=\"text-align: left;\"><\/li>\n<\/ul>\n<blockquote><p><strong>CENA NOCLEGU<br \/>\n<\/strong>(w terminie 1.01-15.06 oraz 15.09-31.12)<br \/>\n<cite>\u00a050,00 PLN\/osoba<\/cite><\/p><\/blockquote>\n<p>&nbsp;<\/p>\n<h5><img loading=\"lazy\" decoding=\"async\" class=\"aligncenter wp-image-1110 size-full\" src=\"http:\/\/www.hotelresidence.pl\/wp-content\/uploads\/2016\/07\/sala-weselna-hotelresidence02.jpg\" alt=\"sala-weselna-hotelresidence02\" width=\"942\" height=\"435\" srcset=\"https:\/\/hotelresidence.pl\/wp-content\/uploads\/2016\/07\/sala-weselna-hotelresidence02.jpg 942w, https:\/\/hotelresidence.pl\/wp-content\/uploads\/2016\/07\/sala-weselna-hotelresidence02-300x139.jpg 300w, https:\/\/hotelresidence.pl\/wp-content\/uploads\/2016\/07\/sala-weselna-hotelresidence02-768x355.jpg 768w\" sizes=\"(max-width: 942px) 100vw, 942px\" \/><\/h5>\n<p>[\/vc_column_text][\/vc_column][\/vc_row]<\/p>\n<p>&nbsp;<\/p>\n<h5><\/h5>\n<p>&nbsp;<\/p>\n","protected":false},"excerpt":{"rendered":"<p>[vc_row][vc_column][\/vc_column][\/vc_row][vc_row][vc_column width=&#8220;1\/2&#8243; css=&#8220;.vc_custom_1448336576950{padding-top: 35px !important;padding-bottom: 55px !important;}&#8220;][vc_column_text] OFERTA MENU BANKIETU WESELNEGO Powitanie po staropolsku chlebem i sol\u0105 oraz lampk\u0105 wina musuj\u0105cego. [\/vc_column_text][\/vc_column][vc_column width=&#8220;1\/2&#8243; css=&#8220;.vc_custom_1448340659656{padding-top: 60px !important;padding-bottom: 130px !important;padding-left: 80px !important; padding-right: 80px !important;background-color: #e2e2e2 !important;}&#8220;][vc_column_text el_class=&#8220;.droid-font&#8220;] CENA BANKIETU WESELNEGO\u00a0 \u00a0140,00 PLN\/osoba [\/vc_column_text][\/vc_column][\/vc_row][vc_row full_width=&#8220;stretch_row&#8220; css=&#8220;.bg-parallax{background-image: url(&#8218;\/wp-content\/uploads\/2016\/07\/gastronomia-02.jpg&#8216;) !important; background-size: cover; overflow: hidden;}&#8220;][vc_column][vc_empty_space height=&#8220;300px&#8220;][\/vc_column][\/vc_row] [vc_row][vc_column width=&#8220;1\/2&#8243; css=&#8220;.vc_custom_1448336576950{padding-top: 35px [&hellip;]<\/p>\n","protected":false},"author":1,"featured_media":0,"parent":0,"menu_order":0,"comment_status":"closed","ping_status":"closed","template":"page-notitle.php","meta":{"footnotes":""},"_links":{"self":[{"href":"https:\/\/hotelresidence.pl\/de\/wp-json\/wp\/v2\/pages\/1082"}],"collection":[{"href":"https:\/\/hotelresidence.pl\/de\/wp-json\/wp\/v2\/pages"}],"about":[{"href":"https:\/\/hotelresidence.pl\/de\/wp-json\/wp\/v2\/types\/page"}],"author":[{"embeddable":true,"href":"https:\/\/hotelresidence.pl\/de\/wp-json\/wp\/v2\/users\/1"}],"replies":[{"embeddable":true,"href":"https:\/\/hotelresidence.pl\/de\/wp-json\/wp\/v2\/comments?post=1082"}],"version-history":[{"count":66,"href":"https:\/\/hotelresidence.pl\/de\/wp-json\/wp\/v2\/pages\/1082\/revisions"}],"predecessor-version":[{"id":1528,"href":"https:\/\/hotelresidence.pl\/de\/wp-json\/wp\/v2\/pages\/1082\/revisions\/1528"}],"wp:attachment":[{"href":"https:\/\/hotelresidence.pl\/de\/wp-json\/wp\/v2\/media?parent=1082"}],"curies":[{"name":"wp","href":"https:\/\/api.w.org\/{rel}","templated":true}]}}