{"id":1040,"date":"2016-07-05T09:06:37","date_gmt":"2016-07-05T07:06:37","guid":{"rendered":"http:\/\/www.new.hotelresidence.pl\/?page_id=1040"},"modified":"2026-03-12T20:13:12","modified_gmt":"2026-03-12T19:13:12","slug":"regulamin","status":"publish","type":"page","link":"https:\/\/hotelresidence.pl\/de\/regulamin\/","title":{"rendered":"HOTEL ORDNUNG"},"content":{"rendered":"<pre class=\"wp-block-code\"><code><\/code><\/pre>\n\n\n<p>[vc_row][vc_column][\/vc_column][\/vc_row][vc_row][vc_column width=&#8220;1\/2&#8243; css=&#8220;.vc_custom_1448336576950{padding-top: 35px !important;padding-bottom: 55px !important;}&#8220;][vc_column_text]<\/p>\n<h2 class=\"residence-postheader\">HOTEL ORDNUNG<\/h2>\n<p style=\"text-align: justify;\">1. Wohnr\u00e4ume in Hotel werden von Mieter weiter G\u00e4ste genannt, f\u00fcr Tag und Nacht vermietet.<\/p>\n<p style=\"text-align: justify;\">2. Die Zimmer stehen Ihnen am Anreisetag ab 14 Uhr zur Verf\u00fcgung und \u00a0bitten Sie die Zimmer am Abreisetag bis 12 Uhr zu verlassen. Hat der \u00a0Gast keine Reservierungszeitraum bestimmt, nimmt man an dass es um \u00a0einen Tag geht.<\/p>\n<p style=\"text-align: justify;\">3. Auf Wunsch wird der Aufenthalt verl\u00e4ngert, eine hinausgehende Nutzung\u00a0bedarf die vorherige Absprache mit dem Rezeptionisten bis 10 Uhr am Tag an dem die Aufenthalt abl\u00e4uft melden. Der Termin wird von dem Hotel je nach M\u00f6glichkeiten in R\u00fccksicht genommen.<\/p>\n<p style=\"text-align: justify;\">[\/vc_column_text][\/vc_column][vc_column width=&#8220;1\/2&#8243; css=&#8220;.vc_custom_1448340659656{padding-top: 60px !important;padding-bottom: 130px !important;padding-left: 80px !important;background-color: #e2e2e2 !important;}&#8220;][vc_column_text el_class=&#8220;.droid-font&#8220;]<\/p>\n<p style=\"text-align: justify;\">4. Am Abreisetag sind die Zimmer bis 12 Uhr zu r\u00e4umen. Sorgt der Gast nicht daf\u00fcr, wird der volle Preis f\u00fcr den weiteren Tag gefordert, wenn\u00a0der Gast das Zimmer bis 16 Uhr r\u00e4umt, werden ihm die Kosten f\u00fcr einen halben Tag berechnet.<\/p>\n<p style=\"text-align: justify;\">5. Bei jeweiligen verlassen des Hotels ist der Gast verpflichtet, den Schl\u00fcssel an der Rezeption hinterlassen.<\/p>\n<p style=\"text-align: justify;\">6. Die unter und Weitervermietung von R\u00e4umen ist dem Gast verboten.<\/p>\n<p>[\/vc_column_text][\/vc_column][\/vc_row][vc_row full_width=&#8220;stretch_row&#8220; css=&#8220;.bg-parallax{background-image: url(&#8218;\/wp-content\/uploads\/2015\/12\/3S4A6349.jpg&#8216;) !important; background-size: cover; overflow: hidden;}&#8220;][vc_column][vc_empty_space height=&#8220;300px&#8220;][\/vc_column][\/vc_row][vc_row full_width=&#8220;stretch_row&#8220; css=&#8220;.vc_custom_1446803941606{background-color: #ffffff !important;}&#8220;][vc_column css=&#8220;.vc_custom_1446803925823{padding-top: 0px !important;padding-bottom: 0px !important;}&#8220;][vc_column_text]<\/p>\n<p>[vc_row][vc_column][\/vc_column][\/vc_row][vc_row][vc_column width=&#8220;1\/2&#8243; css=&#8220;.vc_custom_1448336576950{padding-top: 35px !important;padding-bottom: 55px !important;}&#8220;][vc_column_text]<\/p>\n<p style=\"text-align: justify;\">7. Die im Hotel nicht angemeldete Personen d\u00fcrfen in den R\u00e4umen von\u00a07 bis 22 Uhr bleiben.<\/p>\n<p style=\"text-align: justify;\">8. Das Hotel &#8222;Residence&#8220; hat das Recht dem Kunden die Aufenthalt abzusagen, falls er w\u00e4hrend seines letzten Aufenthalts die Hotelordnung\u00a0unerh\u00f6rt verletzt hat, indem er verm\u00f6genschaden oder den anderen G\u00e4sten, dem Hotelpersonal ein Unrecht zugef\u00fcgt hat, oder auf andere Art und Weise die Ruhe im Hotel gest\u00f6rt hat.<\/p>\n<p style=\"text-align: justify;\">9. Das Hotel erbringt seine Dienstleistungen gam\u00e4\u00df seine Klasse. Bei Einwendungen gegen die Qualit\u00e4t der Leistungen wird der Gast gebeten,\u00a0diese an der Rezeption anzumelden.<\/p>\n<p style=\"text-align: justify;\">10. F\u00fcr den verlust von Geld, Papiere, Kostbarkeiten, andere Wertgegenst\u00e4nde, die den wissenschaftlichen oder k\u00fcnstlerischen wert \u00a0haben, \u00fcbernimmt das Hotel keine Haftung.<\/p>\n<p style=\"text-align: justify;\">11. In dem Hotel gilt die Nachtruhe in den Stunden von 22 bis 7 Uhr. In der Nachtruhezeit ist der Gast verpflichtet durch seine Verhaltensweise<br \/>\nanderen G\u00e4sten nicht st\u00f6ren.<\/p>\n<p style=\"text-align: justify;\">12. Aus Gr\u00fcnden des Brandschutzes ist es verboten elektronische Tauchsidler, B\u00fcgeleisen und andere elektrischen ger\u00e4te die nicht zur Zimmerausstta- tung z\u00e4hlen, zu benutzen. F\u00fcr die Ladeger\u00e4te und Natzger\u00e4te gilt dies nicht. Desgleichen gilt in allen R\u00e4umen ein absolutes Rauchverbot.<\/p>\n<p style=\"text-align: justify;\">13. Bevor der Gast sein Zimmer verl\u00e4st ist er verpflichtet den Wasserhan zu \u00a0zudrehen und alle Fenster zu zumachen.<\/p>\n<p style=\"text-align: justify;\">14. Soweit dem Gast oder seinem Besucher, M\u00e4ngel inbesondere der Einrichtungsgegenst\u00e4nden auffallen, tr\u00e4gt der Gast volle materielle Verantwortung.<\/p>\n<p style=\"text-align: justify;\">[\/vc_column_text][\/vc_column][vc_column width=&#8220;1\/2&#8243; css=&#8220;.vc_custom_1448340659656{padding-top: 60px !important;padding-bottom: 130px !important;padding-left: 80px !important;background-color: #e2e2e2 !important;}&#8220;][vc_column_text el_class=&#8220;.droid-font&#8220;]<\/p>\n<p style=\"text-align: justify;\">15. Sollte diese Hotelordnung verletz werden, kann das Hotel &#8222;Residence&#8220; dem Gast weitere Dienstleistungen absagen. Diese Person ist verpflichtet die an Ihr gestellte Forderungen des Personals zu befolgen, inbesondere f\u00fcr die aufgefallenen Schaden zu bezahlen und das Objekt zu verlassen.<\/p>\n<p style=\"text-align: justify;\">16. Die im Hotelzimmer zur\u00fcckgebliebene pers\u00f6nlichen Sachen werden dem Gast auf seine Kosten an die Anmeldungsadresse nachgesandt. Bei Dispositionsm\u00e4ngel wird das Hotel &#8222;Residence&#8220; die Sachen drei Monaten lang gewahren, nach Ablauf dieser Zeit werden sie f\u00fcr wohlt\u00e4tige Zwecke gegeben.<\/p>\n<p style=\"text-align: justify;\">17. Der Gast ist verpflichtet den Gesamtrechnungbetrag bei den Ankunft \u00a0zu begleichen.<\/p>\n<p style=\"text-align: justify;\">18. Der Gast ist verpflichtet bei Nichtinanspruchnahme der vertr\u00e4glichen Leistungen den vereinbarten oder betriebs\u00fcblichen Preis zu bezahlen\u00a0abz\u00fcglich der vom Vermieter ersparten Aufwendungen 50 % des \u00dcbernachtungspreis.<\/p>\n<p style=\"text-align: justify;\">19. Die Getr\u00e4nke die sich in der Minibar befinden sind kostenpflichtig. Die \u00a0akttuelle Preisliste finden Sie in der Rezeption.<\/p>\n<p style=\"text-align: justify;\">20. Das Hotel r\u00e4umt auf und tauscht die Handt\u00fccher auf Ihren Wunsch aus. \u00a0Ohne den deutlichen Wunsch geht die Personal nicht in den Zimmer rein.<\/p>\n<p>[\/vc_column_text][\/vc_column][\/vc_row]<\/p>\n\n\n<p><\/p>","protected":false},"excerpt":{"rendered":"<p>[vc_row][vc_column][\/vc_column][\/vc_row][vc_row][vc_column width=&#8220;1\/2&#8243; css=&#8220;.vc_custom_1448336576950{padding-top: 35px !important;padding-bottom: 55px !important;}&#8220;][vc_column_text] HOTEL ORDNUNG 1. Wohnr\u00e4ume in Hotel werden von Mieter weiter G\u00e4ste genannt, f\u00fcr Tag und Nacht vermietet. 2. Die Zimmer stehen Ihnen am Anreisetag ab 14 Uhr zur Verf\u00fcgung und \u00a0bitten Sie die Zimmer am Abreisetag bis 12 Uhr zu verlassen. Hat der \u00a0Gast keine Reservierungszeitraum bestimmt, nimmt [&hellip;]<\/p>\n","protected":false},"author":1,"featured_media":0,"parent":0,"menu_order":0,"comment_status":"closed","ping_status":"closed","template":"page-notitle.php","meta":{"footnotes":""},"_links":{"self":[{"href":"https:\/\/hotelresidence.pl\/de\/wp-json\/wp\/v2\/pages\/1040"}],"collection":[{"href":"https:\/\/hotelresidence.pl\/de\/wp-json\/wp\/v2\/pages"}],"about":[{"href":"https:\/\/hotelresidence.pl\/de\/wp-json\/wp\/v2\/types\/page"}],"author":[{"embeddable":true,"href":"https:\/\/hotelresidence.pl\/de\/wp-json\/wp\/v2\/users\/1"}],"replies":[{"embeddable":true,"href":"https:\/\/hotelresidence.pl\/de\/wp-json\/wp\/v2\/comments?post=1040"}],"version-history":[{"count":29,"href":"https:\/\/hotelresidence.pl\/de\/wp-json\/wp\/v2\/pages\/1040\/revisions"}],"predecessor-version":[{"id":2322,"href":"https:\/\/hotelresidence.pl\/de\/wp-json\/wp\/v2\/pages\/1040\/revisions\/2322"}],"wp:attachment":[{"href":"https:\/\/hotelresidence.pl\/de\/wp-json\/wp\/v2\/media?parent=1040"}],"curies":[{"name":"wp","href":"https:\/\/api.w.org\/{rel}","templated":true}]}}